{"id":8990,"date":"2023-09-13T11:52:48","date_gmt":"2023-09-13T11:52:48","guid":{"rendered":"https:\/\/aedcolor.com\/?page_id=8990"},"modified":"2023-09-13T11:52:48","modified_gmt":"2023-09-13T11:52:48","slug":"flex-pu-50-s","status":"publish","type":"page","link":"https:\/\/aedcolor.com\/index.php\/flex-pu-50-s\/","title":{"rendered":"FLEX PU-50 S"},"content":{"rendered":"<div class=\"wpb-content-wrapper\"><p>[vc_row css=&#8221;.vc_custom_1683099634441{padding-bottom: 30px !important;}&#8221;][vc_column width=&#8221;2\/3&#8243;][vc_custom_heading text=&#8221;FLEX PU-50 S&#8221; font_container=&#8221;tag:h2|font_size:50|text_align:left&#8221; use_theme_fonts=&#8221;yes&#8221; link=&#8221;|title:AQUAMAT%20-%20SUPERELASTIC||&#8221;][\/vc_column][\/vc_row][vc_row][vc_column width=&#8221;1\/2&#8243;][vc_single_image image=&#8221;8988&#8243; img_size=&#8221;full&#8221;][\/vc_column][vc_column width=&#8221;1\/2&#8243;][vc_column_text]<strong><span style=\"color: #000000;\">FLEX PU-50 S \u00ebsht\u00eb nj\u00eb ngjit\u00ebs dhe mastik\u00eb izoluese poliuretani me nj\u00eb p\u00ebrb\u00ebr\u00ebs me tret\u00ebs, e cila ofron:<\/span><\/strong><\/p>\n<ul>\n<li><span style=\"color: #000000;\">Rezistenc\u00eb ndaj luhatjeve t\u00eb temperaturave nga -30 oC deri +90 oC.<\/span><\/li>\n<li><span style=\"color: #000000;\">Ngjitje t\u00eb shk\u00eblqyer n\u00eb cdo lloj materiali nd\u00ebrtimi<\/span><\/li>\n<li><span style=\"color: #000000;\">Elasticitet t\u00eb lart\u00eb<\/span><\/li>\n<li><span style=\"color: #000000;\">Q\u00ebndrueshm\u00ebri t\u00eb madhe ndaj vjetrimit (rezatimit UV dhe motit).<\/span><\/li>\n<li><span style=\"color: #000000;\">Mund\u00ebsi lyerjeje pas forcimit vet\u00ebm me ngjyra t\u00eb tretshme n\u00eb uj\u00eb.<\/span><\/li>\n<\/ul>\n<p><span style=\"color: #000000;\">FLEX PU-50 S \u00ebsht\u00eb i p\u00ebrshtatsh\u00ebm p\u00ebr izolimin e fugave vertikale dhe horizontale me trash\u00ebsi 5-30 mm, n\u00eb ambiente t\u00eb brendshme ose t\u00eb jashtme, mbi materiale t\u00eb ndryshme si betoni, alumini, hekuri, druri, xhami, grui natyral dhe sintetik etj. P\u00ebrshtatet dhe p\u00ebr ngjitjen midis k\u00ebtyre materialeve.<\/span><\/p>\n<p><strong><span style=\"color: #000000;\">P\u00ebrgatitja<\/span><\/strong><\/p>\n<p><span style=\"color: #000000;\">Sip\u00ebrfaqja duhet t\u00eb jet\u00eb e that\u00eb dhe pa pluhur, grimca t\u00eb lira, graso etj. Rekomandohet q\u00eb vendi i bashkimit t\u00eb pastrohet duke p\u00ebrdorur nj\u00eb furc\u00eb lyerjeje ose furc\u00eb teli dhe pastaj t\u00eb fryhet me aj\u00ebr me presion. P\u00ebr t\u00eb evituar ndotjen e pad\u00ebshiruar n\u00eb buz\u00ebt e fugave, vendoset nj\u00eb let\u00ebr shirit me vet\u00ebngjitje p\u00ebrgjat\u00eb an\u00ebve dhe pastaj hiqet menj\u00ebher\u00eb pas izolimit t\u00eb fugave.<\/span><\/p>\n<p><strong><span style=\"color: #000000;\">P\u00ebrdorimi<\/span><\/strong><\/p>\n<p><span style=\"color: #000000;\">Futeni tubetin n\u00eb nj\u00eb pistolet\u00eb t\u00eb vecant\u00eb dhe priteni maj\u00ebn me k\u00ebnd tv pjerr\u00ebt, n\u00eb m\u00ebnyr\u00eb q\u00eb ajo t\u00eb mos futet brenda fug\u00ebs, por thjesht t\u00eb prek\u00eb dhe t\u00eb rr\u00ebshqas\u00eb p\u00ebrgjat\u00eb an\u00ebve. FLEX PU-50 S aplikohet duke l\u00ebvizur tubin p\u00ebrgjat\u00eb aksit t\u00eb bashkimit me nj\u00eb k\u00ebnd 45\u00b0.\u00a0 Nd\u00ebrkoh\u00eb q\u00eb \u00ebsht\u00eb ende e njom\u00eb, mastika nivelohet duke p\u00ebrdorur nj\u00eb mistri.<\/span>[\/vc_column_text][vc_row_inner][vc_column_inner width=&#8221;1\/2&#8243;]<div class=\"standard-arrow bullet-top\"><ul>\n<li><span style=\"color: #000000;\">Tubeta me 310 ml.<\/span><\/li>\n<li><span style=\"color: #000000;\">Tub me 600 ml.<\/span><\/li>\n<\/ul>\n<\/div>[\/vc_column_inner][vc_column_inner width=&#8221;1\/2&#8243;]<div class=\"standard-arrow bullet-top\"><ul>\n<li><span style=\"color: #000000;\">Afati i ruajtjes p\u00ebr p\u00ebrdorim, n\u00eb ambiente t\u00eb thata dhe pa ngrica \u00ebsht\u00eb minimumi 12 muaj.<\/span><\/li>\n<\/ul>\n<\/div>[\/vc_column_inner][\/vc_row_inner][vc_row_inner css=&#8221;.vc_custom_1683100048912{padding-top: 20px !important;}&#8221;][vc_column_inner width=&#8221;1\/2&#8243;]<div class=\"aio-icon-component    style_1\"><div id=\"Info-box-wrap-3247\" class=\"aio-icon-box default-icon\" style=\"\"  ><div class=\"aio-icon-default\"><div class=\"ult-just-icon-wrapper  \"><div class=\"align-icon\" style=\"text-align:center;\">\n<div class=\"aio-icon-img \" style=\"font-size:65px;display:inline-block;\" >\n\t<img decoding=\"async\" class=\"img-icon\" alt=\"null\" src=\"https:\/\/aedcolor.com\/wp-content\/uploads\/2023\/05\/image-2.png\"\/>\n<\/div><\/div><\/div><\/div><div class=\"aio-icon-header\" ><h3 class=\"aio-icon-title ult-responsive\"  data-ultimate-target='#Info-box-wrap-3247 .aio-icon-title'  data-responsive-json-new='{\"font-size\":\"\",\"line-height\":\"\"}'  style=\"\">Sip\u00ebrfaqe: Beton<\/h3><\/div> <!-- header --><\/div> <!-- aio-icon-box --><\/div> <!-- aio-icon-component -->[\/vc_column_inner][vc_column_inner width=&#8221;1\/2&#8243;]<div class=\"aio-icon-component    style_1\"><div id=\"Info-box-wrap-2890\" class=\"aio-icon-box default-icon\" style=\"\"  ><div class=\"aio-icon-default\"><div class=\"ult-just-icon-wrapper  \"><div class=\"align-icon\" style=\"text-align:center;\">\n<div class=\"aio-icon-img \" style=\"font-size:65px;display:inline-block;\" >\n\t<img decoding=\"async\" class=\"img-icon\" alt=\"null\" src=\"https:\/\/aedcolor.com\/wp-content\/uploads\/2023\/05\/image-1.png\"\/>\n<\/div><\/div><\/div><\/div><div class=\"aio-icon-header\" ><h3 class=\"aio-icon-title ult-responsive\"  data-ultimate-target='#Info-box-wrap-2890 .aio-icon-title'  data-responsive-json-new='{\"font-size\":\"\",\"line-height\":\"\"}'  style=\"\">Aplikimi: Pistolet\u00eb t\u00eb vecant\u00eb<\/h3><\/div> <!-- header --><\/div> <!-- aio-icon-box --><\/div> <!-- aio-icon-component -->[\/vc_column_inner][\/vc_row_inner][\/vc_column][\/vc_row]<\/p>\n<\/div>","protected":false},"excerpt":{"rendered":"<p>[vc_row css=&#8221;.vc_custom_1683099634441{padding-bottom: 30px !important;}&#8221;][vc_column width=&#8221;2\/3&#8243;][vc_custom_heading text=&#8221;FLEX PU-50 S&#8221; font_container=&#8221;tag:h2|font_size:50|text_align:left&#8221; use_theme_fonts=&#8221;yes&#8221; link=&#8221;|title:AQUAMAT%20-%20SUPERELASTIC||&#8221;][\/vc_column][\/vc_row][vc_row][vc_column width=&#8221;1\/2&#8243;][vc_single_image image=&#8221;8988&#8243; img_size=&#8221;full&#8221;][\/vc_column][vc_column width=&#8221;1\/2&#8243;][vc_column_text]FLEX PU-50 S \u00ebsht\u00eb nj\u00eb ngjit\u00ebs dhe mastik\u00eb izoluese poliuretani me nj\u00eb p\u00ebrb\u00ebr\u00ebs me tret\u00ebs, e cila ofron: Rezistenc\u00eb ndaj luhatjeve t\u00eb temperaturave nga -30 oC deri +90 oC. Ngjitje t\u00eb shk\u00eblqyer n\u00eb cdo lloj materiali nd\u00ebrtimi Elasticitet t\u00eb lart\u00eb Q\u00ebndrueshm\u00ebri&hellip;<\/p>\n","protected":false},"author":2,"featured_media":0,"parent":0,"menu_order":0,"comment_status":"closed","ping_status":"closed","template":"","meta":{"footnotes":""},"class_list":["post-8990","page","type-page","status-publish","hentry","description-off"],"_links":{"self":[{"href":"https:\/\/aedcolor.com\/index.php\/wp-json\/wp\/v2\/pages\/8990","targetHints":{"allow":["GET"]}}],"collection":[{"href":"https:\/\/aedcolor.com\/index.php\/wp-json\/wp\/v2\/pages"}],"about":[{"href":"https:\/\/aedcolor.com\/index.php\/wp-json\/wp\/v2\/types\/page"}],"author":[{"embeddable":true,"href":"https:\/\/aedcolor.com\/index.php\/wp-json\/wp\/v2\/users\/2"}],"replies":[{"embeddable":true,"href":"https:\/\/aedcolor.com\/index.php\/wp-json\/wp\/v2\/comments?post=8990"}],"version-history":[{"count":1,"href":"https:\/\/aedcolor.com\/index.php\/wp-json\/wp\/v2\/pages\/8990\/revisions"}],"predecessor-version":[{"id":8992,"href":"https:\/\/aedcolor.com\/index.php\/wp-json\/wp\/v2\/pages\/8990\/revisions\/8992"}],"wp:attachment":[{"href":"https:\/\/aedcolor.com\/index.php\/wp-json\/wp\/v2\/media?parent=8990"}],"curies":[{"name":"wp","href":"https:\/\/api.w.org\/{rel}","templated":true}]}}