{"id":8995,"date":"2023-09-13T13:25:07","date_gmt":"2023-09-13T13:25:07","guid":{"rendered":"https:\/\/aedcolor.com\/?page_id=8995"},"modified":"2023-09-13T13:25:07","modified_gmt":"2023-09-13T13:25:07","slug":"flex-ms-45","status":"publish","type":"page","link":"https:\/\/aedcolor.com\/index.php\/flex-ms-45\/","title":{"rendered":"FLEX MS-45"},"content":{"rendered":"<div class=\"wpb-content-wrapper\"><p>[vc_row css=&#8221;.vc_custom_1683099634441{padding-bottom: 30px !important;}&#8221;][vc_column width=&#8221;2\/3&#8243;][vc_custom_heading text=&#8221;FLEX MS-45&#8243; font_container=&#8221;tag:h2|font_size:50|text_align:left&#8221; use_theme_fonts=&#8221;yes&#8221; link=&#8221;|title:AQUAMAT%20-%20SUPERELASTIC||&#8221;][\/vc_column][\/vc_row][vc_row][vc_column width=&#8221;1\/2&#8243;][vc_single_image image=&#8221;8993&#8243; img_size=&#8221;full&#8221;][\/vc_column][vc_column width=&#8221;1\/2&#8243;][vc_column_text]<strong><span style=\"color: #000000;\">Izolues dhe ngjit\u00ebs elastomerik me nj\u00eb p\u00ebrb\u00ebr\u00ebs, me baz\u00eb rr\u00ebshirash hibride polimerike.<\/span><\/strong><\/p>\n<ul>\n<li><span style=\"color: #000000;\">Rezistente ndaj luhatjeve t\u00eb temperaturave nga -40 oC deri +90 oC.<\/span><\/li>\n<li><span style=\"color: #000000;\">Ngjitje t\u00eb shk\u00eblqyer n\u00eb cdo lloj materiali nd\u00ebrtimi.<\/span><\/li>\n<li><span style=\"color: #000000;\">Elasticitet t\u00eb lart\u00eb.<\/span><\/li>\n<li><span style=\"color: #000000;\">Q\u00ebndrueshm\u00ebri t\u00eb madhe ndaj vjetrimit\u00a0 dhe agjent\u00ebve atmosferik\u00eb.<\/span><\/li>\n<li><span style=\"color: #000000;\">Ka aft\u00ebsi ngjit\u00ebse edhe n\u00eb n\u00ebnshtresat e njoma, madje pa shtres\u00eb astari.<\/span><\/li>\n<li><span style=\"color: #000000;\">Parandalon rritjen e k\u00ebrpudhave<\/span><\/li>\n<li><span style=\"color: #000000;\">Mund\u00ebsi lyerjeje pas forcimit.<\/span><\/li>\n<\/ul>\n<p><span style=\"color: #000000;\">FLEX MS-45 \u00ebsht\u00eb i p\u00ebrshtatsh\u00ebm p\u00ebr izolimin e fugave vertikale dhe horizontale 3-40 mm t\u00eb gjera, n\u00eb ambiente t\u00eb brendshme ose t\u00eb jashtme, n\u00eb materiale si xhami, alumini, druri, graniti, mermeri, PVC-ja etj. \u00cbsht\u00eb gjithashtu i p\u00ebrshtatsh\u00ebm p\u00ebr ngjitje elastike n\u00eb n\u00ebnshtresa t\u00eb ndryshme. Nuk rekomandohet p\u00ebr pikat e bashkimit q\u00eb jan\u00eb t\u00eb zhytura n\u00eb uj\u00eb osen\u00eb kontakt t\u00eb drejtp\u00ebrdrejt\u00eb me produktet ushqimore.<\/span><\/p>\n<p><strong><span style=\"color: #000000;\">N\u00ebnshtresa<\/span><\/strong><\/p>\n<p><span style=\"color: #000000;\">Sip\u00ebrfaqja duhet t\u00eb jet\u00eb pa pluhur, grimca t\u00eb lira, graso etj. Rekomandohet q\u00eb vendi i bashkimit t\u00eb pastrohet duke p\u00ebrdorur nj\u00eb furc\u00eb lyerjeje ose furc\u00eb teli dhe pastaj t\u00eb fryhet me aj\u00ebr me presion. P\u00ebr t\u00eb evituar ndotjen e pad\u00ebshiruar n\u00eb buz\u00ebt e fugave, vendoset nj\u00eb let\u00ebr shirit me vet\u00ebngjitje p\u00ebrgjat\u00eb an\u00ebve dhe pastaj hiqet menj\u00ebher\u00eb pas izolimit t\u00eb fugave (p\u00ebrpara formimit t\u00eb cip\u00ebs).<\/span><\/p>\n<p><strong><span style=\"color: #000000;\">P\u00ebrdorimi<\/span><\/strong><\/p>\n<p><span style=\"color: #000000;\">Futeni tubetin n\u00eb nj\u00eb pistolet\u00eb t\u00eb vecant\u00eb dhe priteni maj\u00ebn me k\u00ebnd t\u00eb pjerr\u00ebt, n\u00eb m\u00ebnyr\u00eb q\u00eb ajo t\u00eb mos futet brenda fug\u00ebs, por thjesht t\u00eb prek\u00eb dhe t\u00eb rr\u00ebshqas\u00eb p\u00ebrgjat\u00eb an\u00ebve. FLEX MS-45 aplikohet duke l\u00ebvizur tubin p\u00ebrgjat\u00eb aksit t\u00eb bashkimit me nj\u00eb k\u00ebnd 45o. Nd\u00ebrkoh\u00eb q\u00eb \u00ebsht\u00eb i that\u00eb, mastika nivelohet duke p\u00ebrdorur nj\u00eb mistri.<\/span>[\/vc_column_text][vc_row_inner][vc_column_inner width=&#8221;1\/2&#8243;]<div class=\"standard-arrow bullet-top\"><ul>\n<li><span style=\"color: #000000;\"><span style=\"color: #000000;\">Konsumi ilustrues: 1 tubet\/10 metra linear\u00eb.<\/span><\/span><\/li>\n<\/ul>\n<\/div>[\/vc_column_inner][vc_column_inner width=&#8221;1\/2&#8243;]<div class=\"standard-arrow bullet-top\"><ul>\n<li><span style=\"color: #000000;\">Afati i ruajtjes p\u00ebr p\u00ebrdorim, n\u00eb ambiente t\u00eb thata dhe pa ngrica \u00ebsht\u00eb minimumi 12 muaj.<\/span><\/li>\n<\/ul>\n<\/div>[\/vc_column_inner][\/vc_row_inner][vc_row_inner css=&#8221;.vc_custom_1683100048912{padding-top: 20px !important;}&#8221;][vc_column_inner width=&#8221;1\/2&#8243;]<div class=\"aio-icon-component    style_1\"><div id=\"Info-box-wrap-6513\" class=\"aio-icon-box default-icon\" style=\"\"  ><div class=\"aio-icon-default\"><div class=\"ult-just-icon-wrapper  \"><div class=\"align-icon\" style=\"text-align:center;\">\n<div class=\"aio-icon-img \" style=\"font-size:65px;display:inline-block;\" >\n\t<img decoding=\"async\" class=\"img-icon\" alt=\"null\" src=\"https:\/\/aedcolor.com\/wp-content\/uploads\/2023\/05\/image-2.png\"\/>\n<\/div><\/div><\/div><\/div><div class=\"aio-icon-header\" ><h3 class=\"aio-icon-title ult-responsive\"  data-ultimate-target='#Info-box-wrap-6513 .aio-icon-title'  data-responsive-json-new='{\"font-size\":\"\",\"line-height\":\"\"}'  style=\"\">Sip\u00ebrfaqe: Beton<\/h3><\/div> <!-- header --><\/div> <!-- aio-icon-box --><\/div> <!-- aio-icon-component -->[\/vc_column_inner][vc_column_inner width=&#8221;1\/2&#8243;]<div class=\"aio-icon-component    style_1\"><div id=\"Info-box-wrap-5708\" class=\"aio-icon-box default-icon\" style=\"\"  ><div class=\"aio-icon-default\"><div class=\"ult-just-icon-wrapper  \"><div class=\"align-icon\" style=\"text-align:center;\">\n<div class=\"aio-icon-img \" style=\"font-size:65px;display:inline-block;\" >\n\t<img decoding=\"async\" class=\"img-icon\" alt=\"null\" src=\"https:\/\/aedcolor.com\/wp-content\/uploads\/2023\/05\/image-1.png\"\/>\n<\/div><\/div><\/div><\/div><div class=\"aio-icon-header\" ><h3 class=\"aio-icon-title ult-responsive\"  data-ultimate-target='#Info-box-wrap-5708 .aio-icon-title'  data-responsive-json-new='{\"font-size\":\"\",\"line-height\":\"\"}'  style=\"\">Aplikimi: Pistolet\u00eb t\u00eb vecant\u00eb<\/h3><\/div> <!-- header --><\/div> <!-- aio-icon-box --><\/div> <!-- aio-icon-component -->[\/vc_column_inner][\/vc_row_inner][\/vc_column][\/vc_row]<\/p>\n<\/div>","protected":false},"excerpt":{"rendered":"<p>[vc_row css=&#8221;.vc_custom_1683099634441{padding-bottom: 30px !important;}&#8221;][vc_column width=&#8221;2\/3&#8243;][vc_custom_heading text=&#8221;FLEX MS-45&#8243; font_container=&#8221;tag:h2|font_size:50|text_align:left&#8221; use_theme_fonts=&#8221;yes&#8221; link=&#8221;|title:AQUAMAT%20-%20SUPERELASTIC||&#8221;][\/vc_column][\/vc_row][vc_row][vc_column width=&#8221;1\/2&#8243;][vc_single_image image=&#8221;8993&#8243; img_size=&#8221;full&#8221;][\/vc_column][vc_column width=&#8221;1\/2&#8243;][vc_column_text]Izolues dhe ngjit\u00ebs elastomerik me nj\u00eb p\u00ebrb\u00ebr\u00ebs, me baz\u00eb rr\u00ebshirash hibride polimerike. Rezistente ndaj luhatjeve t\u00eb temperaturave nga -40 oC deri +90 oC. Ngjitje t\u00eb shk\u00eblqyer n\u00eb cdo lloj materiali nd\u00ebrtimi. Elasticitet t\u00eb lart\u00eb. Q\u00ebndrueshm\u00ebri t\u00eb madhe ndaj vjetrimit\u00a0 dhe agjent\u00ebve atmosferik\u00eb.&hellip;<\/p>\n","protected":false},"author":2,"featured_media":0,"parent":0,"menu_order":0,"comment_status":"closed","ping_status":"closed","template":"","meta":{"footnotes":""},"class_list":["post-8995","page","type-page","status-publish","hentry","description-off"],"_links":{"self":[{"href":"https:\/\/aedcolor.com\/index.php\/wp-json\/wp\/v2\/pages\/8995","targetHints":{"allow":["GET"]}}],"collection":[{"href":"https:\/\/aedcolor.com\/index.php\/wp-json\/wp\/v2\/pages"}],"about":[{"href":"https:\/\/aedcolor.com\/index.php\/wp-json\/wp\/v2\/types\/page"}],"author":[{"embeddable":true,"href":"https:\/\/aedcolor.com\/index.php\/wp-json\/wp\/v2\/users\/2"}],"replies":[{"embeddable":true,"href":"https:\/\/aedcolor.com\/index.php\/wp-json\/wp\/v2\/comments?post=8995"}],"version-history":[{"count":1,"href":"https:\/\/aedcolor.com\/index.php\/wp-json\/wp\/v2\/pages\/8995\/revisions"}],"predecessor-version":[{"id":8998,"href":"https:\/\/aedcolor.com\/index.php\/wp-json\/wp\/v2\/pages\/8995\/revisions\/8998"}],"wp:attachment":[{"href":"https:\/\/aedcolor.com\/index.php\/wp-json\/wp\/v2\/media?parent=8995"}],"curies":[{"name":"wp","href":"https:\/\/api.w.org\/{rel}","templated":true}]}}