{"id":9014,"date":"2023-09-14T07:34:46","date_gmt":"2023-09-14T07:34:46","guid":{"rendered":"https:\/\/aedcolor.com\/?page_id=9014"},"modified":"2023-09-14T07:34:46","modified_gmt":"2023-09-14T07:34:46","slug":"isomat-pu-foam-professional","status":"publish","type":"page","link":"https:\/\/aedcolor.com\/index.php\/isomat-pu-foam-professional\/","title":{"rendered":"ISOMAT PU-FOAM PROFESSIONAL"},"content":{"rendered":"<div class=\"wpb-content-wrapper\"><p>[vc_row css=&#8221;.vc_custom_1683099634441{padding-bottom: 30px !important;}&#8221;][vc_column width=&#8221;2\/3&#8243;][vc_custom_heading text=&#8221;ISOMAT PU-FOAM PROFESSIONAL&#8221; font_container=&#8221;tag:h2|font_size:50|text_align:left&#8221; use_theme_fonts=&#8221;yes&#8221; link=&#8221;|title:AQUAMAT%20-%20SUPERELASTIC||&#8221;][\/vc_column][\/vc_row][vc_row][vc_column width=&#8221;1\/2&#8243;][vc_single_image image=&#8221;9012&#8243; img_size=&#8221;full&#8221;][\/vc_column][vc_column width=&#8221;1\/2&#8243;][vc_column_text]<strong><span style=\"color: #000000;\">Shkum\u00eb poliuretani vet\u00ebbymuese, me nj\u00eb p\u00ebrb\u00ebr\u00ebs dhe bymim t\u00eb ul\u00ebt e cila thahet me reagimin me lag\u00ebshtin\u00eb n\u00eb aj\u00ebr. ISOMAT PU-FOAM PROFESSIONAL ofron:<\/span><\/strong><\/p>\n<ul>\n<li><span style=\"color: #000000;\">Ngjitje t\u00eb p\u00ebrkryer n\u00eb shumic\u00ebn e materialeve t\u00eb zakonshme.<\/span><\/li>\n<li><span style=\"color: #000000;\">Izolim t\u00eb lart\u00eb termik dhe ndaj zhurm\u00ebs.<\/span><\/li>\n<li><span style=\"color: #000000;\">Rezistenc\u00eb n\u00eb lag\u00ebshti<\/span><\/li>\n<li><span style=\"color: #000000;\">Rezistenc\u00eb t\u00eb lart\u00eb ndaj vjet\u00ebrsimit.<\/span><\/li>\n<\/ul>\n<p><span style=\"color: #000000;\">ISOMAT PU-FOAM PROFESSIONAL tregon ngjitje t\u00eb shk\u00eblqyer n\u00eb dru, cimento, gur, metal, etj. P\u00ebrdoret p\u00ebr t\u00eb fiksuar kornizat n\u00eb dyer dhe dritare, p\u00ebr t\u00eb mbushur vrima, izolimin e boshll\u00ebqeve n\u00eb materialet izoluese, mbi vrimat e tubave n\u00eb mure etj.<\/span><\/p>\n<p><strong><span style=\"color: #000000;\">N\u00ebnshtresa<\/span><\/strong><\/p>\n<p><span style=\"color: #000000;\">N\u00ebnshtresa duhet t\u00eb jet\u00eb e past\u00ebr dhe pa pluhur, materiale t\u00eb lira, graso, etj. Lagja e leht\u00eb e sip\u00ebrfaqes me uj\u00eb p\u00ebrmir\u00ebson ngjitjen e p\u00ebrkohshme t\u00eb shum\u00ebs gjat\u00eb aplikimit<\/span><\/p>\n<p><strong><span style=\"color: #000000;\">P\u00ebrdorimi<\/span><\/strong><\/p>\n<p><span style=\"color: #000000;\">Para p\u00ebrdorimit, shkundeni mir\u00eb. Hiqni kapakun dhe vendoseni maj\u00ebn plastike duke e shtr\u00ebnguar. Gjat\u00eb procesit, kanacja duhet t\u00eb kthehet mbrapsht me maj\u00ebn plastike n\u00eb pozicionin posht\u00eb. Duhet kujdes q\u00eb t\u00eb mos tejmbushen fugat se shkuma bymohet pas aplikimit.<\/span>[\/vc_column_text][vc_row_inner][vc_column_inner width=&#8221;1\/2&#8243;]<div class=\"standard-arrow bullet-top\"><ul>\n<li><span style=\"color: #000000;\"><span style=\"color: #000000;\">Temperatura minimale e p\u00ebrdorimit \u00ebsht\u00eb +5 oC.<\/span><\/span><\/li>\n<li><span style=\"color: #000000;\">Nuk duhet t\u00eb magazinohet n\u00eb temperatura mbi +50 oC. P\u00ebr jet\u00ebgjat\u00ebsi m\u00eb t\u00eb madhe n\u00eb raft, duhen shmangur temperaturat mbi +25 oC dhe n\u00ebn -5 oC.<\/span><\/li>\n<li><span style=\"color: #000000;\">Sip\u00ebrfaqja n\u00eb t\u00eb cil\u00ebn do aplikohet mund t\u00eb jet\u00eb e lagur por jo e ngrir\u00eb.<\/span><\/li>\n<li><span style=\"color: #000000;\">Para p\u00ebrdorimit, kanacet duhet t\u00eb lihen n\u00eb temperatur\u00eb normale p\u00ebr t\u00eb pakt\u00ebn 12 or\u00eb.<\/span><\/li>\n<\/ul>\n<\/div>[\/vc_column_inner][vc_column_inner width=&#8221;1\/2&#8243;]<div class=\"standard-arrow bullet-top\"><ul>\n<li><span style=\"color: #000000;\">Shkuma e thar\u00eb duhet t\u00eb mbrohet nga rrezet UV.<\/span><\/li>\n<li><span style=\"color: #000000;\">Shkuma e njom\u00eb duhet t\u00eb pastrohet me pastrues t\u00eb vecant\u00eb. Pastruesi e b\u00ebn shkum\u00ebn m\u00eb t\u00eb but\u00eb. Mbas tharjes, shkuma mund t\u00eb pastrohet vet\u00ebm n\u00eb m\u00ebnyr\u00eb mekanike.<\/span><\/li>\n<\/ul>\n<\/div>[\/vc_column_inner][\/vc_row_inner][vc_row_inner css=&#8221;.vc_custom_1683100048912{padding-top: 20px !important;}&#8221;][vc_column_inner width=&#8221;1\/2&#8243;]<div class=\"aio-icon-component    style_1\"><div id=\"Info-box-wrap-2934\" class=\"aio-icon-box default-icon\" style=\"\"  ><div class=\"aio-icon-default\"><div class=\"ult-just-icon-wrapper  \"><div class=\"align-icon\" style=\"text-align:center;\">\n<div class=\"aio-icon-img \" style=\"font-size:65px;display:inline-block;\" >\n\t<img decoding=\"async\" class=\"img-icon\" alt=\"null\" src=\"https:\/\/aedcolor.com\/wp-content\/uploads\/2023\/05\/image-2.png\"\/>\n<\/div><\/div><\/div><\/div><div class=\"aio-icon-header\" ><h3 class=\"aio-icon-title ult-responsive\"  data-ultimate-target='#Info-box-wrap-2934 .aio-icon-title'  data-responsive-json-new='{\"font-size\":\"\",\"line-height\":\"\"}'  style=\"\">Sip\u00ebrfaqe: Beton<\/h3><\/div> <!-- header --><\/div> <!-- aio-icon-box --><\/div> <!-- aio-icon-component -->[\/vc_column_inner][vc_column_inner width=&#8221;1\/2&#8243;]<div class=\"aio-icon-component    style_1\"><div id=\"Info-box-wrap-1355\" class=\"aio-icon-box default-icon\" style=\"\"  ><div class=\"aio-icon-default\"><div class=\"ult-just-icon-wrapper  \"><div class=\"align-icon\" style=\"text-align:center;\">\n<div class=\"aio-icon-img \" style=\"font-size:65px;display:inline-block;\" >\n\t<img decoding=\"async\" class=\"img-icon\" alt=\"null\" src=\"https:\/\/aedcolor.com\/wp-content\/uploads\/2023\/05\/image-1.png\"\/>\n<\/div><\/div><\/div><\/div><div class=\"aio-icon-header\" ><h3 class=\"aio-icon-title ult-responsive\"  data-ultimate-target='#Info-box-wrap-1355 .aio-icon-title'  data-responsive-json-new='{\"font-size\":\"\",\"line-height\":\"\"}'  style=\"\">Aplikimi: Pistolet\u00eb t\u00eb vecant\u00eb<\/h3><\/div> <!-- header --><\/div> <!-- aio-icon-box --><\/div> <!-- aio-icon-component -->[\/vc_column_inner][\/vc_row_inner][\/vc_column][\/vc_row]<\/p>\n<\/div>","protected":false},"excerpt":{"rendered":"<p>[vc_row css=&#8221;.vc_custom_1683099634441{padding-bottom: 30px !important;}&#8221;][vc_column width=&#8221;2\/3&#8243;][vc_custom_heading text=&#8221;ISOMAT PU-FOAM PROFESSIONAL&#8221; font_container=&#8221;tag:h2|font_size:50|text_align:left&#8221; use_theme_fonts=&#8221;yes&#8221; link=&#8221;|title:AQUAMAT%20-%20SUPERELASTIC||&#8221;][\/vc_column][\/vc_row][vc_row][vc_column width=&#8221;1\/2&#8243;][vc_single_image image=&#8221;9012&#8243; img_size=&#8221;full&#8221;][\/vc_column][vc_column width=&#8221;1\/2&#8243;][vc_column_text]Shkum\u00eb poliuretani vet\u00ebbymuese, me nj\u00eb p\u00ebrb\u00ebr\u00ebs dhe bymim t\u00eb ul\u00ebt e cila thahet me reagimin me lag\u00ebshtin\u00eb n\u00eb aj\u00ebr. ISOMAT PU-FOAM PROFESSIONAL ofron: Ngjitje t\u00eb p\u00ebrkryer n\u00eb shumic\u00ebn e materialeve t\u00eb zakonshme. Izolim t\u00eb lart\u00eb termik dhe ndaj zhurm\u00ebs. Rezistenc\u00eb n\u00eb&hellip;<\/p>\n","protected":false},"author":2,"featured_media":0,"parent":0,"menu_order":0,"comment_status":"closed","ping_status":"closed","template":"","meta":{"footnotes":""},"class_list":["post-9014","page","type-page","status-publish","hentry","description-off"],"_links":{"self":[{"href":"https:\/\/aedcolor.com\/index.php\/wp-json\/wp\/v2\/pages\/9014","targetHints":{"allow":["GET"]}}],"collection":[{"href":"https:\/\/aedcolor.com\/index.php\/wp-json\/wp\/v2\/pages"}],"about":[{"href":"https:\/\/aedcolor.com\/index.php\/wp-json\/wp\/v2\/types\/page"}],"author":[{"embeddable":true,"href":"https:\/\/aedcolor.com\/index.php\/wp-json\/wp\/v2\/users\/2"}],"replies":[{"embeddable":true,"href":"https:\/\/aedcolor.com\/index.php\/wp-json\/wp\/v2\/comments?post=9014"}],"version-history":[{"count":1,"href":"https:\/\/aedcolor.com\/index.php\/wp-json\/wp\/v2\/pages\/9014\/revisions"}],"predecessor-version":[{"id":9016,"href":"https:\/\/aedcolor.com\/index.php\/wp-json\/wp\/v2\/pages\/9014\/revisions\/9016"}],"wp:attachment":[{"href":"https:\/\/aedcolor.com\/index.php\/wp-json\/wp\/v2\/media?parent=9014"}],"curies":[{"name":"wp","href":"https:\/\/api.w.org\/{rel}","templated":true}]}}