{"id":9019,"date":"2023-09-14T07:53:12","date_gmt":"2023-09-14T07:53:12","guid":{"rendered":"https:\/\/aedcolor.com\/?page_id=9019"},"modified":"2023-09-14T07:53:33","modified_gmt":"2023-09-14T07:53:33","slug":"isomat-pu-foam-cleaner","status":"publish","type":"page","link":"https:\/\/aedcolor.com\/index.php\/isomat-pu-foam-cleaner\/","title":{"rendered":"ISOMAT PU-FOAM CLEANER"},"content":{"rendered":"<div class=\"wpb-content-wrapper\"><p>[vc_row css=&#8221;.vc_custom_1683099634441{padding-bottom: 30px !important;}&#8221;][vc_column width=&#8221;2\/3&#8243;][vc_custom_heading text=&#8221;ISOMAT PU-FOAM CLEANER&#8221; font_container=&#8221;tag:h2|font_size:50|text_align:left&#8221; use_theme_fonts=&#8221;yes&#8221; link=&#8221;|title:AQUAMAT%20-%20SUPERELASTIC||&#8221;][\/vc_column][\/vc_row][vc_row][vc_column width=&#8221;1\/2&#8243;][vc_single_image image=&#8221;9017&#8243; img_size=&#8221;full&#8221;][\/vc_column][vc_column width=&#8221;1\/2&#8243;][vc_column_text]<span style=\"color: #000000;\"><strong>Agjent special pastrues me tret\u00ebs.<\/strong> ISOMAT PU FOAM CLEANER p\u00ebrdoret p\u00ebr pastrimin e pistolet\u00ebs p\u00ebr aplikimin e shkum\u00ebs. \u00cbsht\u00eb efikase p\u00ebr sa koh\u00eb shkuma \u00ebsht\u00eb ende e fresk\u00ebt dhe e pathar\u00eb. Pasi t\u00eb jen\u00eb larguar mbetjet e ngurt\u00ebsuara t\u00eb shkum\u00ebs n\u00eb gypin e pistolet\u00ebs, ena e ISOMAT PU FOAM CLEANER vendoset te pistoleta. T\u00ebrhiqeni k\u00ebmb\u00ebz\u00ebn disa her\u00eb, n\u00eb m\u00ebnyr\u00eb q\u00eb agjenti pastrues t\u00eb hyj\u00eb n\u00eb pistolet\u00eb. L\u00ebreni t\u00eb veproj\u00eb p\u00ebr pak dhe pastaj t\u00ebrhiqni prap\u00eb k\u00ebmb\u00ebz\u00ebn p\u00ebr t\u00eb larguar mbetjet. Pistoleta mund t\u00eb ruhet me kanacen e pastruesit t\u00eb vendosur n\u00eb t\u00eb. N\u00ebse doni ta ruani pistolet\u00ebn pa kanacen e pastruesit, do tju duhet t\u00eb p\u00ebrs\u00ebrisni procesin e pastrimit para se t\u00eb p\u00ebrdorni s\u00ebrish ose para se t\u00eb nd\u00ebrroni disa nga pjes\u00ebt e k\u00ebmbimit t\u00eb pistolet\u00ebs.<\/span>[\/vc_column_text][vc_row_inner][vc_column_inner width=&#8221;1\/2&#8243;]<div class=\"standard-arrow bullet-top\"><ul>\n<li><span style=\"color: #000000;\">Nuk duhet ekspozuar n\u00eb temperatur\u00eb mbi +50 oC dhe mos e magazinoni me materiale q\u00eb shkaktojn\u00eb oskidim ose g\u00ebrryerje.<\/span><\/li>\n<\/ul>\n<\/div>[\/vc_column_inner][vc_column_inner width=&#8221;1\/2&#8243;]<div class=\"standard-arrow bullet-top\"><ul>\n<li><span style=\"color: #000000;\"><span style=\"color: #000000;\">ISOMAT PU FOAM CLEANER disponohet n\u00eb kanace 400 ml.<\/span><\/span><\/li>\n<\/ul>\n<\/div>[\/vc_column_inner][\/vc_row_inner][vc_row_inner css=&#8221;.vc_custom_1683100048912{padding-top: 20px !important;}&#8221;][vc_column_inner width=&#8221;1\/2&#8243;]<div class=\"aio-icon-component    style_1\"><div id=\"Info-box-wrap-1986\" class=\"aio-icon-box default-icon\" style=\"\"  ><div class=\"aio-icon-default\"><div class=\"ult-just-icon-wrapper  \"><div class=\"align-icon\" style=\"text-align:center;\">\n<div class=\"aio-icon-img \" style=\"font-size:65px;display:inline-block;\" >\n\t<img decoding=\"async\" class=\"img-icon\" alt=\"null\" src=\"https:\/\/aedcolor.com\/wp-content\/uploads\/2023\/05\/image-2.png\"\/>\n<\/div><\/div><\/div><\/div><div class=\"aio-icon-header\" ><h3 class=\"aio-icon-title ult-responsive\"  data-ultimate-target='#Info-box-wrap-1986 .aio-icon-title'  data-responsive-json-new='{\"font-size\":\"\",\"line-height\":\"\"}'  style=\"\">Sip\u00ebrfaqe: Beton<\/h3><\/div> <!-- header --><\/div> <!-- aio-icon-box --><\/div> <!-- aio-icon-component -->[\/vc_column_inner][vc_column_inner width=&#8221;1\/2&#8243;]<div class=\"aio-icon-component    style_1\"><div id=\"Info-box-wrap-2630\" class=\"aio-icon-box default-icon\" style=\"\"  ><div class=\"aio-icon-default\"><div class=\"ult-just-icon-wrapper  \"><div class=\"align-icon\" style=\"text-align:center;\">\n<div class=\"aio-icon-img \" style=\"font-size:65px;display:inline-block;\" >\n\t<img decoding=\"async\" class=\"img-icon\" alt=\"null\" src=\"https:\/\/aedcolor.com\/wp-content\/uploads\/2023\/05\/image-1.png\"\/>\n<\/div><\/div><\/div><\/div><div class=\"aio-icon-header\" ><h3 class=\"aio-icon-title ult-responsive\"  data-ultimate-target='#Info-box-wrap-2630 .aio-icon-title'  data-responsive-json-new='{\"font-size\":\"\",\"line-height\":\"\"}'  style=\"\">Aplikimi: Pistolet\u00eb t\u00eb vecant\u00eb<\/h3><\/div> <!-- header --><\/div> <!-- aio-icon-box --><\/div> <!-- aio-icon-component -->[\/vc_column_inner][\/vc_row_inner][\/vc_column][\/vc_row]<\/p>\n<\/div>","protected":false},"excerpt":{"rendered":"<p>[vc_row css=&#8221;.vc_custom_1683099634441{padding-bottom: 30px !important;}&#8221;][vc_column width=&#8221;2\/3&#8243;][vc_custom_heading text=&#8221;ISOMAT PU-FOAM CLEANER&#8221; font_container=&#8221;tag:h2|font_size:50|text_align:left&#8221; use_theme_fonts=&#8221;yes&#8221; link=&#8221;|title:AQUAMAT%20-%20SUPERELASTIC||&#8221;][\/vc_column][\/vc_row][vc_row][vc_column width=&#8221;1\/2&#8243;][vc_single_image image=&#8221;9017&#8243; img_size=&#8221;full&#8221;][\/vc_column][vc_column width=&#8221;1\/2&#8243;][vc_column_text]Agjent special pastrues me tret\u00ebs. ISOMAT PU FOAM CLEANER p\u00ebrdoret p\u00ebr pastrimin e pistolet\u00ebs p\u00ebr aplikimin e shkum\u00ebs. \u00cbsht\u00eb efikase p\u00ebr sa koh\u00eb shkuma \u00ebsht\u00eb ende e fresk\u00ebt dhe e pathar\u00eb. Pasi t\u00eb jen\u00eb larguar mbetjet e ngurt\u00ebsuara t\u00eb shkum\u00ebs n\u00eb&hellip;<\/p>\n","protected":false},"author":2,"featured_media":0,"parent":0,"menu_order":0,"comment_status":"closed","ping_status":"closed","template":"","meta":{"footnotes":""},"class_list":["post-9019","page","type-page","status-publish","hentry","description-off"],"_links":{"self":[{"href":"https:\/\/aedcolor.com\/index.php\/wp-json\/wp\/v2\/pages\/9019","targetHints":{"allow":["GET"]}}],"collection":[{"href":"https:\/\/aedcolor.com\/index.php\/wp-json\/wp\/v2\/pages"}],"about":[{"href":"https:\/\/aedcolor.com\/index.php\/wp-json\/wp\/v2\/types\/page"}],"author":[{"embeddable":true,"href":"https:\/\/aedcolor.com\/index.php\/wp-json\/wp\/v2\/users\/2"}],"replies":[{"embeddable":true,"href":"https:\/\/aedcolor.com\/index.php\/wp-json\/wp\/v2\/comments?post=9019"}],"version-history":[{"count":2,"href":"https:\/\/aedcolor.com\/index.php\/wp-json\/wp\/v2\/pages\/9019\/revisions"}],"predecessor-version":[{"id":9022,"href":"https:\/\/aedcolor.com\/index.php\/wp-json\/wp\/v2\/pages\/9019\/revisions\/9022"}],"wp:attachment":[{"href":"https:\/\/aedcolor.com\/index.php\/wp-json\/wp\/v2\/media?parent=9019"}],"curies":[{"name":"wp","href":"https:\/\/api.w.org\/{rel}","templated":true}]}}