{"id":9045,"date":"2023-09-14T09:28:21","date_gmt":"2023-09-14T09:28:21","guid":{"rendered":"https:\/\/aedcolor.com\/?page_id=9045"},"modified":"2023-09-14T09:28:21","modified_gmt":"2023-09-14T09:28:21","slug":"latex","status":"publish","type":"page","link":"https:\/\/aedcolor.com\/index.php\/latex\/","title":{"rendered":"LATEX"},"content":{"rendered":"<div class=\"wpb-content-wrapper\"><p>[vc_row css=&#8221;.vc_custom_1683099634441{padding-bottom: 30px !important;}&#8221;][vc_column width=&#8221;2\/3&#8243;][vc_custom_heading text=&#8221;LATEX&#8221; font_container=&#8221;tag:h2|font_size:50|text_align:left&#8221; use_theme_fonts=&#8221;yes&#8221; link=&#8221;|title:AQUAMAT%20-%20SUPERELASTIC||&#8221;][\/vc_column][\/vc_row][vc_row][vc_column width=&#8221;1\/2&#8243;][vc_single_image image=&#8221;9043&#8243; img_size=&#8221;full&#8221;][\/vc_column][vc_column width=&#8221;1\/2&#8243;][vc_column_text]<strong><span style=\"color: #000000;\">LATEX \u00ebsht\u00eb nj\u00eb lateks polimer q\u00eb p\u00ebrdoret si aditiv p\u00ebr t\u00eb p\u00ebrmir\u00ebsuar ndjesh\u00ebm vetit\u00eb e llacit n\u00eb disa m\u00ebnyra:<\/span><\/strong><\/p>\n<ul>\n<li><span style=\"color: #000000;\">Rrit ngjitjen me n\u00ebnshtres\u00ebn<\/span><\/li>\n<li><span style=\"color: #000000;\">P\u00ebrmir\u00ebson elasticitetin<\/span><\/li>\n<li><span style=\"color: #000000;\">Rrit rezistenc\u00ebn ndaj g\u00ebrryerjeve nga f\u00ebrkimi<\/span><\/li>\n<li><span style=\"color: #000000;\">E b\u00ebn llacin t\u00eb pap\u00ebrshkuesh\u00ebm nga uji<\/span><\/li>\n<li><span style=\"color: #000000;\">Eleminon tkurrjen dhe parandalon plasaritjet si rezultat i saj<\/span><\/li>\n<li><span style=\"color: #000000;\">P\u00ebrmir\u00ebson plasticitetin, mbajtjen e ujit dhe punueshm\u00ebrin\u00eb e p\u00ebrzierjeve t\u00eb fresk\u00ebta.<\/span><\/li>\n<li><span style=\"color: #000000;\">P\u00ebrmir\u00ebson rezistenc\u00eb ndaj kimikateve dhe produkteve t\u00eb naft\u00ebs.<\/span><\/li>\n<\/ul>\n<p><strong><span style=\"color: #000000;\">P\u00ebrgatitja e sip\u00ebrfaqes<\/span><\/strong><\/p>\n<p><span style=\"color: #000000;\">Sip\u00ebrfaqja e p\u00ebrdorimit duhet t\u00eb jet\u00eb e past\u00ebr dhe pa pluhur, pa materiale t\u00eb\u00a0 lira, vaj, graso ose pa suva t\u00eb vjet\u00ebr, pa boj\u00eb, mbetje cimentoje etj. Ajo duhet t\u00eb jet\u00eb e lagur plot\u00ebsisht, por t\u00eb mos ket\u00eb uj\u00eb t\u00eb mbledhur mbi t\u00eb.<\/span><\/p>\n<p><strong><span style=\"color: #000000;\">P\u00ebrdorimi<\/span><\/strong><\/p>\n<p><span style=\"color: #000000;\">LATEX shtohet n\u00eb ujin e p\u00ebrzierjes s\u00eb llacit. Raporti i p\u00ebrzierjes s\u00eb LATEX-it me uj\u00eb mund t\u00eb shkoj\u00eb nga 1:1 deri n\u00eb 1:5, n\u00eb var\u00ebsi t\u00eb efekteve t\u00eb d\u00ebshiruara dhe t\u00eb k\u00ebrkesave teknike. L\u00ebngu i LATEX duhet t\u00eb hidhet n\u00eb p\u00ebrzier\u00ebse i pari, p\u00ebrpara cimentos dhe materialeve inerte, p\u00ebr t\u00eb evituar formimin e kokrrizave.<\/span><\/p>\n<ul>\n<li><span style=\"color: #000000;\">LATEX duhet t\u00eb trazohet plot\u00ebsisht p\u00ebrpara p\u00ebrdorimit.<\/span><\/li>\n<li><span style=\"color: #000000;\">Koha e punimit t\u00eb llacit me LATEX rritet paksa.<\/span><\/li>\n<\/ul>\n<p>[\/vc_column_text][vc_row_inner][vc_column_inner width=&#8221;1\/2&#8243;]<div class=\"standard-arrow bullet-top\"><ul>\n<li><span style=\"color: #000000;\"><span style=\"color: #000000;\">N\u00eb shtres\u00ebn ngjit\u00ebse midis betonit ose llacit t\u00eb ri dhe atij t\u00eb vjet\u00ebr.<\/span><\/span><\/li>\n<li><span style=\"color: #000000;\">N\u00eb llojet e llacit q\u00eb p\u00ebrdoren p\u00ebr riparime dhe p\u00ebr shtresa t\u00eb holla.<\/span><\/li>\n<li><span style=\"color: #000000;\">N\u00eb krijimin e shtres\u00ebs mbrojt\u00ebse t\u00eb dushemes\u00eb (lustr\u00ebs)<\/span><\/li>\n<li><span style=\"color: #000000;\">N\u00eb llacin hidroizolues t\u00eb cimentos, rezistent ndaj presionit t\u00eb ujit.<\/span><\/li>\n<\/ul>\n<\/div>[\/vc_column_inner][vc_column_inner width=&#8221;1\/2&#8243;]<div class=\"standard-arrow bullet-top\"><ul>\n<li><span style=\"color: #000000;\"><span style=\"color: #000000;\">N\u00eb llojet e suvas\u00eb me fort\u00ebsi t\u00eb lart\u00eb dhe t\u00eb pap\u00ebrshkueshme nga uji.<\/span><\/span><\/li>\n<li><span style=\"color: #000000;\">N\u00eb llojet e llacit rezistues ndaj kimikateve dhe produkteve t\u00eb naft\u00ebs.<\/span><\/li>\n<li><span style=\"color: #000000;\">N\u00eb llacin e l\u00ebngsh\u00ebm i cili p\u00ebrdoret n\u00eb gur\u00ebt natyral\u00eb<\/span><\/li>\n<li><span style=\"color: #000000;\">N\u00eb llacin i cili p\u00ebrdoret p\u00ebr mbushjen e fugave p\u00ebrgjat\u00eb bashkimeve mur-dysheme.<\/span><\/li>\n<\/ul>\n<\/div>[\/vc_column_inner][\/vc_row_inner][vc_row_inner css=&#8221;.vc_custom_1683100048912{padding-top: 20px !important;}&#8221;][vc_column_inner width=&#8221;1\/2&#8243;]<div class=\"aio-icon-component    style_1\"><div id=\"Info-box-wrap-8835\" class=\"aio-icon-box default-icon\" style=\"\"  ><div class=\"aio-icon-default\"><div class=\"ult-just-icon-wrapper  \"><div class=\"align-icon\" style=\"text-align:center;\">\n<div class=\"aio-icon-img \" style=\"font-size:65px;display:inline-block;\" >\n\t<img decoding=\"async\" class=\"img-icon\" alt=\"null\" src=\"https:\/\/aedcolor.com\/wp-content\/uploads\/2023\/05\/image-2.png\"\/>\n<\/div><\/div><\/div><\/div><div class=\"aio-icon-header\" ><h3 class=\"aio-icon-title ult-responsive\"  data-ultimate-target='#Info-box-wrap-8835 .aio-icon-title'  data-responsive-json-new='{\"font-size\":\"\",\"line-height\":\"\"}'  style=\"\">Sip\u00ebrfaqe: Beton<\/h3><\/div> <!-- header --><\/div> <!-- aio-icon-box --><\/div> <!-- aio-icon-component -->[\/vc_column_inner][vc_column_inner width=&#8221;1\/2&#8243;]<div class=\"aio-icon-component    style_1\"><div id=\"Info-box-wrap-9159\" class=\"aio-icon-box default-icon\" style=\"\"  ><div class=\"aio-icon-default\"><div class=\"ult-just-icon-wrapper  \"><div class=\"align-icon\" style=\"text-align:center;\">\n<div class=\"aio-icon-img \" style=\"font-size:65px;display:inline-block;\" >\n\t<img decoding=\"async\" class=\"img-icon\" alt=\"null\" src=\"https:\/\/aedcolor.com\/wp-content\/uploads\/2023\/05\/image-1.png\"\/>\n<\/div><\/div><\/div><\/div><div class=\"aio-icon-header\" ><h3 class=\"aio-icon-title ult-responsive\"  data-ultimate-target='#Info-box-wrap-9159 .aio-icon-title'  data-responsive-json-new='{\"font-size\":\"\",\"line-height\":\"\"}'  style=\"\">Aplikimi: Mistri<\/h3><\/div> <!-- header --><\/div> <!-- aio-icon-box --><\/div> <!-- aio-icon-component -->[\/vc_column_inner][\/vc_row_inner][\/vc_column][\/vc_row]<\/p>\n<\/div>","protected":false},"excerpt":{"rendered":"<p>[vc_row css=&#8221;.vc_custom_1683099634441{padding-bottom: 30px !important;}&#8221;][vc_column width=&#8221;2\/3&#8243;][vc_custom_heading text=&#8221;LATEX&#8221; font_container=&#8221;tag:h2|font_size:50|text_align:left&#8221; use_theme_fonts=&#8221;yes&#8221; link=&#8221;|title:AQUAMAT%20-%20SUPERELASTIC||&#8221;][\/vc_column][\/vc_row][vc_row][vc_column width=&#8221;1\/2&#8243;][vc_single_image image=&#8221;9043&#8243; img_size=&#8221;full&#8221;][\/vc_column][vc_column width=&#8221;1\/2&#8243;][vc_column_text]LATEX \u00ebsht\u00eb nj\u00eb lateks polimer q\u00eb p\u00ebrdoret si aditiv p\u00ebr t\u00eb p\u00ebrmir\u00ebsuar ndjesh\u00ebm vetit\u00eb e llacit n\u00eb disa m\u00ebnyra: Rrit ngjitjen me n\u00ebnshtres\u00ebn P\u00ebrmir\u00ebson elasticitetin Rrit rezistenc\u00ebn ndaj g\u00ebrryerjeve nga f\u00ebrkimi E b\u00ebn llacin t\u00eb pap\u00ebrshkuesh\u00ebm nga uji Eleminon tkurrjen dhe parandalon plasaritjet&hellip;<\/p>\n","protected":false},"author":2,"featured_media":0,"parent":0,"menu_order":0,"comment_status":"closed","ping_status":"closed","template":"","meta":{"footnotes":""},"class_list":["post-9045","page","type-page","status-publish","hentry","description-off"],"_links":{"self":[{"href":"https:\/\/aedcolor.com\/index.php\/wp-json\/wp\/v2\/pages\/9045","targetHints":{"allow":["GET"]}}],"collection":[{"href":"https:\/\/aedcolor.com\/index.php\/wp-json\/wp\/v2\/pages"}],"about":[{"href":"https:\/\/aedcolor.com\/index.php\/wp-json\/wp\/v2\/types\/page"}],"author":[{"embeddable":true,"href":"https:\/\/aedcolor.com\/index.php\/wp-json\/wp\/v2\/users\/2"}],"replies":[{"embeddable":true,"href":"https:\/\/aedcolor.com\/index.php\/wp-json\/wp\/v2\/comments?post=9045"}],"version-history":[{"count":1,"href":"https:\/\/aedcolor.com\/index.php\/wp-json\/wp\/v2\/pages\/9045\/revisions"}],"predecessor-version":[{"id":9047,"href":"https:\/\/aedcolor.com\/index.php\/wp-json\/wp\/v2\/pages\/9045\/revisions\/9047"}],"wp:attachment":[{"href":"https:\/\/aedcolor.com\/index.php\/wp-json\/wp\/v2\/media?parent=9045"}],"curies":[{"name":"wp","href":"https:\/\/api.w.org\/{rel}","templated":true}]}}