{"id":9051,"date":"2023-09-14T09:54:54","date_gmt":"2023-09-14T09:54:54","guid":{"rendered":"https:\/\/aedcolor.com\/?page_id=9051"},"modified":"2023-09-14T09:54:54","modified_gmt":"2023-09-14T09:54:54","slug":"ds-99","status":"publish","type":"page","link":"https:\/\/aedcolor.com\/index.php\/ds-99\/","title":{"rendered":"DS-99"},"content":{"rendered":"<div class=\"wpb-content-wrapper\"><p>[vc_row css=&#8221;.vc_custom_1683099634441{padding-bottom: 30px !important;}&#8221;][vc_column width=&#8221;2\/3&#8243;][vc_custom_heading text=&#8221;DS-99&#8243; font_container=&#8221;tag:h2|font_size:50|text_align:left&#8221; use_theme_fonts=&#8221;yes&#8221; link=&#8221;|title:AQUAMAT%20-%20SUPERELASTIC||&#8221;][\/vc_column][\/vc_row][vc_row][vc_column width=&#8221;1\/2&#8243;][vc_single_image image=&#8221;9049&#8243; img_size=&#8221;full&#8221;][\/vc_column][vc_column width=&#8221;1\/2&#8243;][vc_column_text]<strong><span style=\"color: #000000;\">DS-99 \u00ebsht\u00eb nj\u00eb aditiv (shtes\u00eb) p\u00ebr kol\u00ebn e pllakave dhe stukot e fugave, i cili ofron p\u00ebrmir\u00ebsime t\u00eb ndjeshme t\u00eb vetive t\u00eb tyre:<\/span><\/strong><\/p>\n<ul>\n<li><span style=\"color: #000000;\">Rrit ngjitjen me n\u00ebnshtres\u00ebn<\/span><\/li>\n<li><span style=\"color: #000000;\">Rrit rezistenc\u00ebn n\u00eb p\u00ebrkulje dhe n\u00eb shtypje<\/span><\/li>\n<li><span style=\"color: #000000;\">P\u00ebrmir\u00ebson fleksibilitetin<\/span><\/li>\n<li><span style=\"color: #000000;\">Rrit ndjesh\u00ebm rezistenc\u00ebn ndj g\u00ebrryerjeve nga f\u00ebrkimi<\/span><\/li>\n<li><span style=\"color: #000000;\">Ofron pap\u00ebrshkueshm\u00ebri nga uji<\/span><\/li>\n<li><span style=\"color: #000000;\">P\u00ebrmir\u00ebson rezistenc\u00ebn kimike.<\/span><\/li>\n<\/ul>\n<p><span style=\"color: #000000;\">DS-99 p\u00ebrdoret si nj\u00eb aditiv p\u00ebr kol\u00ebn e pllakave dhe stukon e fugave, n\u00eb rastet e k\u00ebrkesave t\u00eb larta p\u00ebr pap\u00ebrshkueshm\u00ebri nga uji, p\u00ebr rezistenc\u00eb t\u00eb lart\u00eb mekanike dhe kimike.<\/span>[\/vc_column_text][vc_row_inner][vc_column_inner width=&#8221;1\/2&#8243;]<div class=\"standard-arrow bullet-top\"><ul>\n<li><span style=\"color: #000000;\"><span style=\"color: #000000;\">DS-99 ofrohet n\u00eb shishe plastike 1kg dhe 5 kg.<\/span><\/span><\/li>\n<\/ul>\n<\/div>[\/vc_column_inner][vc_column_inner width=&#8221;1\/2&#8243;]<div class=\"standard-arrow bullet-top\"><ul>\n<li><span style=\"color: #000000;\"><span style=\"color: #000000;\">Afatii ruajtjes p\u00ebr p\u00ebrdorim, n\u00eb shishe t\u00eb izoluara dhe n\u00eb ambiente pa ngrica, \u00ebsht\u00eb minimumi 12 muaj.<\/span><\/span><\/li>\n<\/ul>\n<\/div>[\/vc_column_inner][\/vc_row_inner][vc_row_inner css=&#8221;.vc_custom_1683100048912{padding-top: 20px !important;}&#8221;][vc_column_inner width=&#8221;1\/2&#8243;]<div class=\"aio-icon-component    style_1\"><div id=\"Info-box-wrap-9371\" class=\"aio-icon-box default-icon\" style=\"\"  ><div class=\"aio-icon-default\"><div class=\"ult-just-icon-wrapper  \"><div class=\"align-icon\" style=\"text-align:center;\">\n<div class=\"aio-icon-img \" style=\"font-size:65px;display:inline-block;\" >\n\t<img decoding=\"async\" class=\"img-icon\" alt=\"null\" src=\"https:\/\/aedcolor.com\/wp-content\/uploads\/2023\/05\/image-2.png\"\/>\n<\/div><\/div><\/div><\/div><div class=\"aio-icon-header\" ><h3 class=\"aio-icon-title ult-responsive\"  data-ultimate-target='#Info-box-wrap-9371 .aio-icon-title'  data-responsive-json-new='{\"font-size\":\"\",\"line-height\":\"\"}'  style=\"\">Sip\u00ebrfaqe: Beton<\/h3><\/div> <!-- header --><\/div> <!-- aio-icon-box --><\/div> <!-- aio-icon-component -->[\/vc_column_inner][vc_column_inner width=&#8221;1\/2&#8243;]<div class=\"aio-icon-component    style_1\"><div id=\"Info-box-wrap-1435\" class=\"aio-icon-box default-icon\" style=\"\"  ><div class=\"aio-icon-default\"><div class=\"ult-just-icon-wrapper  \"><div class=\"align-icon\" style=\"text-align:center;\">\n<div class=\"aio-icon-img \" style=\"font-size:65px;display:inline-block;\" >\n\t<img decoding=\"async\" class=\"img-icon\" alt=\"null\" src=\"https:\/\/aedcolor.com\/wp-content\/uploads\/2023\/05\/image-1.png\"\/>\n<\/div><\/div><\/div><\/div><div class=\"aio-icon-header\" ><h3 class=\"aio-icon-title ult-responsive\"  data-ultimate-target='#Info-box-wrap-1435 .aio-icon-title'  data-responsive-json-new='{\"font-size\":\"\",\"line-height\":\"\"}'  style=\"\">Aplikimi: Mistri<\/h3><\/div> <!-- header --><\/div> <!-- aio-icon-box --><\/div> <!-- aio-icon-component -->[\/vc_column_inner][\/vc_row_inner][\/vc_column][\/vc_row]<\/p>\n<\/div>","protected":false},"excerpt":{"rendered":"<p>[vc_row css=&#8221;.vc_custom_1683099634441{padding-bottom: 30px !important;}&#8221;][vc_column width=&#8221;2\/3&#8243;][vc_custom_heading text=&#8221;DS-99&#8243; font_container=&#8221;tag:h2|font_size:50|text_align:left&#8221; use_theme_fonts=&#8221;yes&#8221; link=&#8221;|title:AQUAMAT%20-%20SUPERELASTIC||&#8221;][\/vc_column][\/vc_row][vc_row][vc_column width=&#8221;1\/2&#8243;][vc_single_image image=&#8221;9049&#8243; img_size=&#8221;full&#8221;][\/vc_column][vc_column width=&#8221;1\/2&#8243;][vc_column_text]DS-99 \u00ebsht\u00eb nj\u00eb aditiv (shtes\u00eb) p\u00ebr kol\u00ebn e pllakave dhe stukot e fugave, i cili ofron p\u00ebrmir\u00ebsime t\u00eb ndjeshme t\u00eb vetive t\u00eb tyre: Rrit ngjitjen me n\u00ebnshtres\u00ebn Rrit rezistenc\u00ebn n\u00eb p\u00ebrkulje dhe n\u00eb shtypje P\u00ebrmir\u00ebson fleksibilitetin Rrit ndjesh\u00ebm rezistenc\u00ebn ndj g\u00ebrryerjeve nga f\u00ebrkimi&hellip;<\/p>\n","protected":false},"author":2,"featured_media":0,"parent":0,"menu_order":0,"comment_status":"closed","ping_status":"closed","template":"","meta":{"footnotes":""},"class_list":["post-9051","page","type-page","status-publish","hentry","description-off"],"_links":{"self":[{"href":"https:\/\/aedcolor.com\/index.php\/wp-json\/wp\/v2\/pages\/9051","targetHints":{"allow":["GET"]}}],"collection":[{"href":"https:\/\/aedcolor.com\/index.php\/wp-json\/wp\/v2\/pages"}],"about":[{"href":"https:\/\/aedcolor.com\/index.php\/wp-json\/wp\/v2\/types\/page"}],"author":[{"embeddable":true,"href":"https:\/\/aedcolor.com\/index.php\/wp-json\/wp\/v2\/users\/2"}],"replies":[{"embeddable":true,"href":"https:\/\/aedcolor.com\/index.php\/wp-json\/wp\/v2\/comments?post=9051"}],"version-history":[{"count":1,"href":"https:\/\/aedcolor.com\/index.php\/wp-json\/wp\/v2\/pages\/9051\/revisions"}],"predecessor-version":[{"id":9053,"href":"https:\/\/aedcolor.com\/index.php\/wp-json\/wp\/v2\/pages\/9051\/revisions\/9053"}],"wp:attachment":[{"href":"https:\/\/aedcolor.com\/index.php\/wp-json\/wp\/v2\/media?parent=9051"}],"curies":[{"name":"wp","href":"https:\/\/api.w.org\/{rel}","templated":true}]}}