{"id":9056,"date":"2023-09-14T10:36:54","date_gmt":"2023-09-14T10:36:54","guid":{"rendered":"https:\/\/aedcolor.com\/?page_id=9056"},"modified":"2023-09-14T10:36:54","modified_gmt":"2023-09-14T10:36:54","slug":"fibra-polipropileni","status":"publish","type":"page","link":"https:\/\/aedcolor.com\/index.php\/fibra-polipropileni\/","title":{"rendered":"FIBRA POLIPROPILENI"},"content":{"rendered":"<div class=\"wpb-content-wrapper\"><p>[vc_row css=&#8221;.vc_custom_1683099634441{padding-bottom: 30px !important;}&#8221;][vc_column width=&#8221;2\/3&#8243;][vc_custom_heading text=&#8221;FIBRA POLIPROPILENI&#8221; font_container=&#8221;tag:h2|font_size:50|text_align:left&#8221; use_theme_fonts=&#8221;yes&#8221; link=&#8221;|title:AQUAMAT%20-%20SUPERELASTIC||&#8221;][\/vc_column][\/vc_row][vc_row][vc_column width=&#8221;1\/2&#8243;][vc_single_image image=&#8221;9054&#8243; img_size=&#8221;full&#8221;][\/vc_column][vc_column width=&#8221;1\/2&#8243;][vc_column_text]<span style=\"color: #000000;\"><strong>Fibra sintetike t\u00eb polipropilenit t\u00eb modifikuar p\u00ebr p\u00ebrdorim n\u00eb llacin dhe betonin e pvrforcuar me fibra.<\/strong> Fibrat e polipropilenit zvog\u00eblojn\u00eb formimin e plasaritjeve t\u00eb tkurrjes plastike n\u00eb beton dhe rrisin rezistenc\u00ebn ndaj goditjes dhe cop\u00ebtimit. Fibrat sintetike rrisin gjithashtu rezistenc\u00ebn ndaj g\u00ebrryerjes n\u00eb dyshemet\u00eb prej betoni dhe zvog\u00eblojn\u00eb rrjedhjen. P\u00ebr m\u00eb tep\u00ebr, ato p\u00ebrmir\u00ebsojn\u00eb elasticitetin dhe aft\u00ebsin\u00eb kohezive t\u00eb llacit dhe t\u00eb shtresave niveluese gjat\u00eb vendosjes.<\/span><\/p>\n<p><span style=\"color: #000000;\">Fibrat polipropilenit jan\u00eb krijuar n\u00eb m\u00ebnyr\u00eb t\u00eb vecant\u00eb p\u00ebr p\u00ebrdorim n\u00eb rastet ku plasaritjet krijohen p\u00ebr shkak t\u00eb deformimeve ose tkurrjes plastike, p.sh. t\u00eb pllakave t\u00eb m\u00ebdha t\u00eb betonit, t\u00eb elementeve parafabrikate, t\u00eb dyshemeve me ngrohje t\u00eb integruar n\u00ebn dysheme etj Ato p\u00ebrdoren aty ku k\u00ebrkohet aft\u00ebsi kohezive e shtresave niveluese ose e betonit, gjat\u00eb derdhjes, p.sh. i pllakave t\u00eb m\u00ebdha t\u00eb pjerr\u00ebta etj. Fibrat e polipropilenit p\u00ebrdoret gjithashtu n\u00eb aplikimet e betonimit me aj\u00ebr t\u00eb ngjeshur dhe ato rrisin ngjeshjen dhe dend\u00ebsin\u00eb e betonit me presion.<\/span>[\/vc_column_text][vc_row_inner][vc_column_inner width=&#8221;1\/2&#8243;]<div class=\"standard-arrow bullet-top\"><p><span style=\"color: #000000;\">Konsumi: 600-1200 g\/m3 betoni ose llac cimentoje.<\/span><\/p>\n<\/div>[\/vc_column_inner][vc_column_inner width=&#8221;1\/2&#8243;]<div class=\"standard-arrow bullet-top\"><ul>\n<li><span style=\"color: #000000;\">T\u00eb pakt\u00ebn 5 vjet nga data e prodhimit e treguar n\u00eb paketimin e mbyllur, e ruajtur n\u00eb nj\u00eb magazin\u00eb t\u00eb that\u00eb.<\/span><\/li>\n<\/ul>\n<\/div>[\/vc_column_inner][\/vc_row_inner][vc_row_inner css=&#8221;.vc_custom_1683100048912{padding-top: 20px !important;}&#8221;][vc_column_inner width=&#8221;1\/2&#8243;]<div class=\"aio-icon-component    style_1\"><div id=\"Info-box-wrap-6101\" class=\"aio-icon-box default-icon\" style=\"\"  ><div class=\"aio-icon-default\"><div class=\"ult-just-icon-wrapper  \"><div class=\"align-icon\" style=\"text-align:center;\">\n<div class=\"aio-icon-img \" style=\"font-size:65px;display:inline-block;\" >\n\t<img decoding=\"async\" class=\"img-icon\" alt=\"null\" src=\"https:\/\/aedcolor.com\/wp-content\/uploads\/2023\/05\/image-2.png\"\/>\n<\/div><\/div><\/div><\/div><div class=\"aio-icon-header\" ><h3 class=\"aio-icon-title ult-responsive\"  data-ultimate-target='#Info-box-wrap-6101 .aio-icon-title'  data-responsive-json-new='{\"font-size\":\"\",\"line-height\":\"\"}'  style=\"\">Sip\u00ebrfaqe: Beton<\/h3><\/div> <!-- header --><\/div> <!-- aio-icon-box --><\/div> <!-- aio-icon-component -->[\/vc_column_inner][vc_column_inner width=&#8221;1\/2&#8243;]<div class=\"aio-icon-component    style_1\"><div id=\"Info-box-wrap-1471\" class=\"aio-icon-box default-icon\" style=\"\"  ><div class=\"aio-icon-default\"><div class=\"ult-just-icon-wrapper  \"><div class=\"align-icon\" style=\"text-align:center;\">\n<div class=\"aio-icon-img \" style=\"font-size:65px;display:inline-block;\" >\n\t<img decoding=\"async\" class=\"img-icon\" alt=\"null\" src=\"https:\/\/aedcolor.com\/wp-content\/uploads\/2023\/05\/image-1.png\"\/>\n<\/div><\/div><\/div><\/div><div class=\"aio-icon-header\" ><h3 class=\"aio-icon-title ult-responsive\"  data-ultimate-target='#Info-box-wrap-1471 .aio-icon-title'  data-responsive-json-new='{\"font-size\":\"\",\"line-height\":\"\"}'  style=\"\">Aplikimi: Mistri<\/h3><\/div> <!-- header --><\/div> <!-- aio-icon-box --><\/div> <!-- aio-icon-component -->[\/vc_column_inner][\/vc_row_inner][\/vc_column][\/vc_row]<\/p>\n<\/div>","protected":false},"excerpt":{"rendered":"<p>[vc_row css=&#8221;.vc_custom_1683099634441{padding-bottom: 30px !important;}&#8221;][vc_column width=&#8221;2\/3&#8243;][vc_custom_heading text=&#8221;FIBRA POLIPROPILENI&#8221; font_container=&#8221;tag:h2|font_size:50|text_align:left&#8221; use_theme_fonts=&#8221;yes&#8221; link=&#8221;|title:AQUAMAT%20-%20SUPERELASTIC||&#8221;][\/vc_column][\/vc_row][vc_row][vc_column width=&#8221;1\/2&#8243;][vc_single_image image=&#8221;9054&#8243; img_size=&#8221;full&#8221;][\/vc_column][vc_column width=&#8221;1\/2&#8243;][vc_column_text]Fibra sintetike t\u00eb polipropilenit t\u00eb modifikuar p\u00ebr p\u00ebrdorim n\u00eb llacin dhe betonin e pvrforcuar me fibra. Fibrat e polipropilenit zvog\u00eblojn\u00eb formimin e plasaritjeve t\u00eb tkurrjes plastike n\u00eb beton dhe rrisin rezistenc\u00ebn ndaj goditjes dhe cop\u00ebtimit. Fibrat sintetike rrisin gjithashtu rezistenc\u00ebn ndaj g\u00ebrryerjes&hellip;<\/p>\n","protected":false},"author":2,"featured_media":0,"parent":0,"menu_order":0,"comment_status":"closed","ping_status":"closed","template":"","meta":{"footnotes":""},"class_list":["post-9056","page","type-page","status-publish","hentry","description-off"],"_links":{"self":[{"href":"https:\/\/aedcolor.com\/index.php\/wp-json\/wp\/v2\/pages\/9056","targetHints":{"allow":["GET"]}}],"collection":[{"href":"https:\/\/aedcolor.com\/index.php\/wp-json\/wp\/v2\/pages"}],"about":[{"href":"https:\/\/aedcolor.com\/index.php\/wp-json\/wp\/v2\/types\/page"}],"author":[{"embeddable":true,"href":"https:\/\/aedcolor.com\/index.php\/wp-json\/wp\/v2\/users\/2"}],"replies":[{"embeddable":true,"href":"https:\/\/aedcolor.com\/index.php\/wp-json\/wp\/v2\/comments?post=9056"}],"version-history":[{"count":1,"href":"https:\/\/aedcolor.com\/index.php\/wp-json\/wp\/v2\/pages\/9056\/revisions"}],"predecessor-version":[{"id":9058,"href":"https:\/\/aedcolor.com\/index.php\/wp-json\/wp\/v2\/pages\/9056\/revisions\/9058"}],"wp:attachment":[{"href":"https:\/\/aedcolor.com\/index.php\/wp-json\/wp\/v2\/media?parent=9056"}],"curies":[{"name":"wp","href":"https:\/\/api.w.org\/{rel}","templated":true}]}}