{"id":9064,"date":"2023-09-14T11:18:08","date_gmt":"2023-09-14T11:18:08","guid":{"rendered":"https:\/\/aedcolor.com\/?page_id=9064"},"modified":"2023-09-14T11:42:23","modified_gmt":"2023-09-14T11:42:23","slug":"adiflex-b","status":"publish","type":"page","link":"https:\/\/aedcolor.com\/index.php\/adiflex-b\/","title":{"rendered":"ADIFLEX-B"},"content":{"rendered":"<div class=\"wpb-content-wrapper\"><p>[vc_row css=&#8221;.vc_custom_1683099634441{padding-bottom: 30px !important;}&#8221;][vc_column width=&#8221;2\/3&#8243;][vc_custom_heading text=&#8221;ADIFLEX-B&#8221; font_container=&#8221;tag:h2|font_size:50|text_align:left&#8221; use_theme_fonts=&#8221;yes&#8221; link=&#8221;|title:AQUAMAT%20-%20SUPERELASTIC||&#8221;][\/vc_column][\/vc_row][vc_row][vc_column width=&#8221;1\/2&#8243;][vc_single_image image=&#8221;9060&#8243; img_size=&#8221;full&#8221;][\/vc_column][vc_column width=&#8221;1\/2&#8243;][vc_column_text]<strong><span style=\"color: #000000;\">ADIFLEX-B \u00ebsht\u00eb nj\u00eb emulsion elastomerik q\u00eb p\u00ebrdoret si nj\u00eb aditiv p\u00ebr llacin lyer\u00ebs hidroizolues prej cimentoje, p\u00ebr ngjit\u00ebsin e pllakave, llacin e cimentos, bojrat e ujit etj., i cili ofron:<\/span><\/strong><\/p>\n<ul>\n<li><span style=\"color: #000000;\">Elasticitet t\u00eb lart\u00eb<\/span><\/li>\n<li><span style=\"color: #000000;\">Pap\u00ebrshkueshm\u00ebri nga uji<\/span><\/li>\n<li><span style=\"color: #000000;\">Ngjitje shum\u00eb t\u00eb mir\u00eb me sip\u00ebrfaqen.<\/span><\/li>\n<\/ul>\n<p><strong><span style=\"color: #000000;\">ADIFLEX-B p\u00ebrdoret p\u00ebr elastifikimin e:<\/span><\/strong><\/p>\n<ul>\n<li><span style=\"color: #000000;\">Llacit lyer\u00ebs hidroizolues prej cimentoje (p.sh. AQUMAT), kur sip\u00ebrfaqja q\u00eb do t\u00eb izolohet shfaq ose pritet t\u00eb shfaq\u00eb plasaritje t\u00eb im\u00ebta.<\/span><\/li>\n<li><span style=\"color: #000000;\">Ngjit\u00ebsit t\u00eb pllakave (p.sh. ISOMAT AK-20), p\u00ebr t\u00eb ngjitur pllakat mbi shtresa q\u00eb ndikohen nga efektet e tkurrjes-bymimit (ndryshimet e nivelit) ose nga derdhjet.<\/span><\/li>\n<\/ul>\n<p><span style=\"color: #000000;\">ADIFLEX-B mund t\u00eb p\u00ebrdoret gjithashtu p\u00ebr elastifikimin e llacit t\u00eb cimentos.<\/span><\/p>\n<p><strong><span style=\"color: #000000;\">P\u00ebrgatitja e sip\u00ebrfaqes<\/span><\/strong><\/p>\n<p><span style=\"color: #000000;\">Sip\u00ebrfaqja e p\u00ebrdorimit duhet t\u00eb jet\u00eb e past\u00ebr, pa graso, pa vaj, pa pluhur dhe sa me e shesht\u00eb t\u00eb jet\u00eb e mundur. Gjithashtu, sip\u00ebrfaqja duhet t\u00eb jet\u00eb e njomur, por t\u00eb mos ket\u00eb uj\u00eb mbi t\u00eb. Sip\u00ebrfaqet poroze, si betoni i leht\u00eb, pllakat e gipsit, pllakat e zdrukthit etj. duhet t\u00eb lyhen me UNI-PRIMER.<\/span><\/p>\n<p>[\/vc_column_text][vc_row_inner][vc_column_inner width=&#8221;1\/2&#8243;]<div class=\"standard-arrow bullet-top\"><ul>\n<li><span style=\"color: #000000;\"><span style=\"color: #000000;\">ADIFLEX-B ofrohet n\u00eb shishe plastike 1 kg, 5kg, 20 kg, n\u00eb kova 10 kg dhe n\u00eb fuci 150 kg.<\/span><\/span><\/li>\n<\/ul>\n<\/div>[\/vc_column_inner][vc_column_inner width=&#8221;1\/2&#8243;]<div class=\"standard-arrow bullet-top\"><ul>\n<li><span style=\"color: #000000;\"><span style=\"color: #000000;\">Temperatura gjat\u00eb p\u00ebrdorimit duhet t\u00eb jet\u00eb midis +5 oC dhe +30 oC.<\/span><\/span><\/li>\n<\/ul>\n<\/div>[\/vc_column_inner][\/vc_row_inner][vc_row_inner css=&#8221;.vc_custom_1683100048912{padding-top: 20px !important;}&#8221;][vc_column_inner width=&#8221;1\/2&#8243;]<div class=\"aio-icon-component    style_1\"><div id=\"Info-box-wrap-7127\" class=\"aio-icon-box default-icon\" style=\"\"  ><div class=\"aio-icon-default\"><div class=\"ult-just-icon-wrapper  \"><div class=\"align-icon\" style=\"text-align:center;\">\n<div class=\"aio-icon-img \" style=\"font-size:65px;display:inline-block;\" >\n\t<img decoding=\"async\" class=\"img-icon\" alt=\"null\" src=\"https:\/\/aedcolor.com\/wp-content\/uploads\/2023\/05\/image-2.png\"\/>\n<\/div><\/div><\/div><\/div><div class=\"aio-icon-header\" ><h3 class=\"aio-icon-title ult-responsive\"  data-ultimate-target='#Info-box-wrap-7127 .aio-icon-title'  data-responsive-json-new='{\"font-size\":\"\",\"line-height\":\"\"}'  style=\"\">Sip\u00ebrfaqe: Beton<\/h3><\/div> <!-- header --><\/div> <!-- aio-icon-box --><\/div> <!-- aio-icon-component -->[\/vc_column_inner][vc_column_inner width=&#8221;1\/2&#8243;]<div class=\"aio-icon-component    style_1\"><div id=\"Info-box-wrap-1689\" class=\"aio-icon-box default-icon\" style=\"\"  ><div class=\"aio-icon-default\"><div class=\"ult-just-icon-wrapper  \"><div class=\"align-icon\" style=\"text-align:center;\">\n<div class=\"aio-icon-img \" style=\"font-size:65px;display:inline-block;\" >\n\t<img decoding=\"async\" class=\"img-icon\" alt=\"null\" src=\"https:\/\/aedcolor.com\/wp-content\/uploads\/2023\/05\/image-1.png\"\/>\n<\/div><\/div><\/div><\/div><div class=\"aio-icon-header\" ><h3 class=\"aio-icon-title ult-responsive\"  data-ultimate-target='#Info-box-wrap-1689 .aio-icon-title'  data-responsive-json-new='{\"font-size\":\"\",\"line-height\":\"\"}'  style=\"\">Aplikimi: Mistri<\/h3><\/div> <!-- header --><\/div> <!-- aio-icon-box --><\/div> <!-- aio-icon-component -->[\/vc_column_inner][\/vc_row_inner][\/vc_column][\/vc_row]<\/p>\n<\/div>","protected":false},"excerpt":{"rendered":"<p>[vc_row css=&#8221;.vc_custom_1683099634441{padding-bottom: 30px !important;}&#8221;][vc_column width=&#8221;2\/3&#8243;][vc_custom_heading text=&#8221;ADIFLEX-B&#8221; font_container=&#8221;tag:h2|font_size:50|text_align:left&#8221; use_theme_fonts=&#8221;yes&#8221; link=&#8221;|title:AQUAMAT%20-%20SUPERELASTIC||&#8221;][\/vc_column][\/vc_row][vc_row][vc_column width=&#8221;1\/2&#8243;][vc_single_image image=&#8221;9060&#8243; img_size=&#8221;full&#8221;][\/vc_column][vc_column width=&#8221;1\/2&#8243;][vc_column_text]ADIFLEX-B \u00ebsht\u00eb nj\u00eb emulsion elastomerik q\u00eb p\u00ebrdoret si nj\u00eb aditiv p\u00ebr llacin lyer\u00ebs hidroizolues prej cimentoje, p\u00ebr ngjit\u00ebsin e pllakave, llacin e cimentos, bojrat e ujit etj., i cili ofron: Elasticitet t\u00eb lart\u00eb Pap\u00ebrshkueshm\u00ebri nga uji Ngjitje shum\u00eb t\u00eb mir\u00eb me sip\u00ebrfaqen. ADIFLEX-B&hellip;<\/p>\n","protected":false},"author":2,"featured_media":0,"parent":0,"menu_order":0,"comment_status":"closed","ping_status":"closed","template":"","meta":{"footnotes":""},"class_list":["post-9064","page","type-page","status-publish","hentry","description-off"],"_links":{"self":[{"href":"https:\/\/aedcolor.com\/index.php\/wp-json\/wp\/v2\/pages\/9064","targetHints":{"allow":["GET"]}}],"collection":[{"href":"https:\/\/aedcolor.com\/index.php\/wp-json\/wp\/v2\/pages"}],"about":[{"href":"https:\/\/aedcolor.com\/index.php\/wp-json\/wp\/v2\/types\/page"}],"author":[{"embeddable":true,"href":"https:\/\/aedcolor.com\/index.php\/wp-json\/wp\/v2\/users\/2"}],"replies":[{"embeddable":true,"href":"https:\/\/aedcolor.com\/index.php\/wp-json\/wp\/v2\/comments?post=9064"}],"version-history":[{"count":1,"href":"https:\/\/aedcolor.com\/index.php\/wp-json\/wp\/v2\/pages\/9064\/revisions"}],"predecessor-version":[{"id":9066,"href":"https:\/\/aedcolor.com\/index.php\/wp-json\/wp\/v2\/pages\/9064\/revisions\/9066"}],"wp:attachment":[{"href":"https:\/\/aedcolor.com\/index.php\/wp-json\/wp\/v2\/media?parent=9064"}],"curies":[{"name":"wp","href":"https:\/\/api.w.org\/{rel}","templated":true}]}}