{"id":9078,"date":"2023-09-15T08:12:16","date_gmt":"2023-09-15T08:12:16","guid":{"rendered":"https:\/\/aedcolor.com\/?page_id=9078"},"modified":"2023-09-15T08:12:16","modified_gmt":"2023-09-15T08:12:16","slug":"screed-sx","status":"publish","type":"page","link":"https:\/\/aedcolor.com\/index.php\/screed-sx\/","title":{"rendered":"SCREED-SX"},"content":{"rendered":"<div class=\"wpb-content-wrapper\"><p>[vc_row css=&#8221;.vc_custom_1683099634441{padding-bottom: 30px !important;}&#8221;][vc_column width=&#8221;2\/3&#8243;][vc_custom_heading text=&#8221;SCREED-SX&#8221; font_container=&#8221;tag:h2|font_size:50|text_align:left&#8221; use_theme_fonts=&#8221;yes&#8221; link=&#8221;|title:AQUAMAT%20-%20SUPERELASTIC||&#8221;][\/vc_column][\/vc_row][vc_row][vc_column width=&#8221;1\/2&#8243;][vc_single_image image=&#8221;9076&#8243; img_size=&#8221;full&#8221;][\/vc_column][vc_column width=&#8221;1\/2&#8243;][vc_column_text]<span style=\"color: #000000;\"><strong>SCREED-SX \u00ebsht\u00eb nj\u00eb llac i p\u00ebrforcuar me fibra q\u00eb z\u00ebvend\u00ebson cimenton (materialin ngjit\u00ebs) n\u00eb dysheme prej cimentoje.<\/strong> P\u00ebrb\u00ebhet prej cimento me mpiksje t\u00eb shpejt\u00eb dhe aditive t\u00eb vecanta. Kur p\u00ebrzihet me r\u00ebr\u00eb dhe uj\u00eb, llaci i cimentos q\u00eb prodhohet ka avantazhet e m\u00ebposhtme:<\/span><\/p>\n<ul>\n<li><span style=\"color: #000000;\">Ngurt\u00ebsim t\u00eb shpejt\u00eb dhe rezistenc\u00eb t\u00eb lart\u00eb fillestare.<\/span><\/li>\n<li><span style=\"color: #000000;\">Koh\u00eb t\u00eb gjat\u00eb punueshm\u00ebrie.<\/span><\/li>\n<li><span style=\"color: #000000;\">Mund t\u00eb ecet mbi t\u00eb n\u00eb koh\u00eb t\u00eb shkurt\u00ebr (mbas af\u00ebrsisht 6 or\u00ebsh).<\/span><\/li>\n<li><span style=\"color: #000000;\">Lag\u00ebshtia q\u00eb p\u00ebrmban ulet shpejt.<\/span><\/li>\n<li><span style=\"color: #000000;\">Ofron rezistenc\u00eb m\u00eb t\u00eb lart\u00eb mekanike se dyshemet\u00eb prej cimento t\u00eb zakonshme.<\/span><\/li>\n<li><span style=\"color: #000000;\">Mund t\u00eb mbulohet me pllaka pak koh\u00eb pas aplikimit, madje edhe pas 24 or\u00ebsh, n\u00eb var\u00ebsi t\u00eb trash\u00ebsis\u00eb s\u00eb tij.<\/span><\/li>\n<li><span style=\"color: #000000;\">Mund t\u00eb p\u00ebrdoret si dysheme lundruese.<\/span><\/li>\n<li><span style=\"color: #000000;\">Mund t\u00eb pompohet p\u00ebr aplikim m\u00eb t\u00eb shpejt\u00eb<\/span><\/li>\n<li><span style=\"color: #000000;\">Ideal p\u00ebr sip\u00ebrfaqe q\u00eb duhet t\u00eb p\u00ebrdoren n\u00eb koh\u00eb t\u00eb shkurt\u00ebr.<\/span><\/li>\n<\/ul>\n<p><span style=\"color: #000000;\">P\u00ebr mbushjen me nivelimin e dyshemeve q\u00eb dot\u00eb mbulohen me pllaka, mermer, dru, parket, p\u00ebr dysheme me sistem ngrohje brenda dyshemes\u00eb, etj. n\u00eb trash\u00ebsi 2 me 10 cm.<\/span><\/p>\n<p><span style=\"color: #000000;\">Llac cimentoje p\u00ebr pjerr\u00ebsi p\u00ebr tarracat dhe ambientet e jashtme.<\/span><\/p>\n<p><span style=\"color: #000000;\">Ideal p\u00ebr sip\u00ebrfaqe q\u00eb duhet t\u00eb mbulohen shpejt akoma dhe me parket, sepse lag\u00ebshtia q\u00eb p\u00ebrmban ulet m\u00eb shpejt se n\u00eb llacet me cimento t\u00eb zakonshme. (Af\u00ebrsisht 2-4 dit\u00eb mbas aplikimit n\u00eb var\u00ebsi me raportin e p\u00ebrzierjes me r\u00ebr\u00eb dhe uj\u00eb).<\/span><\/p>\n<p><span style=\"color: #000000;\">Mund t\u00eb p\u00ebrziehet dhe me perlit p\u00ebr t\u00eb prodhuar llac me pesh\u00eb m\u00eb t\u00eb leht\u00eb.<\/span><\/p>\n<p><strong><span style=\"color: #000000;\">N\u00ebnshtresa<\/span><\/strong><\/p>\n<p><span style=\"color: #000000;\">Sip\u00ebrfaqja duhet t\u00eb jet\u00eb pa materiale t\u00eb lira, pa pluhur, graso etj. Sip\u00ebrfaqja e n\u00ebnshtres\u00ebs duhet t\u00eb laget mir\u00eb p\u00ebrpara aplikimit t\u00eb llacit. N\u00ebnshtresat q\u00eb jan\u00eb shum\u00eb thith\u00ebse duhet t\u00eb astarohen me astarin akrilik UNI-PRIMER. Aplikimi i llacit b\u00ebhet mbasi astari \u00ebsht\u00eb thar\u00eb (af\u00ebrsisht mbas 2 or\u00ebsh). Konsumi i astarit: 100-200 g\/m2.<\/span><\/p>\n<p><strong><span style=\"color: #000000;\">Zbatimi<\/span><\/strong><\/p>\n<p><span style=\"color: #000000;\">Nj\u00eb thes 20 kg SCREED-SX p\u00ebrziehet me 80-100 kg r\u00ebr\u00eb dhe af\u00ebrsisht 12 l uj\u00eb.<\/span><\/p>\n<p>&nbsp;<\/p>\n<p>[\/vc_column_text][vc_row_inner][vc_column_inner width=&#8221;1\/2&#8243;]<div class=\"standard-arrow bullet-top\"><ul>\n<li><span style=\"color: #000000;\"><span style=\"color: #000000;\">Temperatura gjat\u00eb aplikimit duhet t\u00eb jet\u00eb t\u00eb pakt\u00ebn +5 oC.<\/span><\/span><\/li>\n<li><span style=\"color: #000000;\">N\u00eb raste ku ekziston problem me rritjen e lag\u00ebshtis\u00eb dhe duhet t\u00eb p\u00ebrdoret dysheme prej druri, sugjerohet para p\u00ebrdorimit t\u00eb SCREED-SX, t\u00eb p\u00ebrdoret astari special epoksid DUROPRIMER-SG dhe t\u00eb sp\u00ebrkatet me r\u00ebr\u00eb kuarci me granulometri 0,3-0,8 mm, n\u00eb sip\u00ebrfaqen e saj t\u00eb njom\u00eb. N\u00eb t\u00eb nj\u00ebjt\u00ebn m\u00ebnyr\u00eb n\u00eb sip\u00ebrfaqe me lag\u00ebshti n\u00eb t\u00eb cilat do vendosen pllakat ose mermer\u00eb, rekomandohet te aplikohet llaci hidroizolues lyer\u00ebs AQUAMAT.\u00a0<\/span><\/li>\n<li><span style=\"color: #000000;\">Mos e p\u00ebrzieni SCREED-SX me materiale t\u00eb tjera lidh\u00ebse (si p.sh me g\u00eblqere) pasi punueshm\u00ebrua e mall\u00ebs dhe fort\u00ebsia p\u00ebrfundimtare e saj do t\u00eb ndikohen negativisht.<\/span><\/li>\n<li><span style=\"color: #000000;\">Po u p\u00ebrdor m\u00eb tep\u00ebr uj\u00eb se doza e rekomanduar, punueshm\u00ebria do p\u00ebrmir\u00ebsohet por do shtohet koha e tharjes dhe koha p\u00ebr uljen e lag\u00ebshtis\u00eb.<\/span><\/li>\n<\/ul>\n<\/div>[\/vc_column_inner][vc_column_inner width=&#8221;1\/2&#8243;]<div class=\"standard-arrow bullet-top\"><ul>\n<li><span style=\"color: #000000;\"><span style=\"color: #000000;\">Po t\u00eb duhet nj\u00eb sip\u00ebrfaqe shum\u00eb e l\u00ebmuar, llacet vet\u00ebnivelues FLOWCRET 1-10 EXPRESS ose FLOWCRET 3-30 EXPRESS mund t\u00eb p\u00ebrdoren mbi SCREED-SX t\u00eb pakt\u00ebn 3 dit\u00eb mbas aplikimit.\u00a0<\/span><\/span><\/li>\n<li><span style=\"color: #000000;\">Mbas aplikimit, llaci i njom\u00eb duhet t\u00eb mbrohet nga dehidratimi si rezultat i temperatur\u00ebs s\u00eb lart\u00eb t\u00eb rymave t\u00eb ajrit.<\/span><\/li>\n<li><span style=\"color: #000000;\">Produkti p\u00ebrmban cimento, e cila vepron si alkaline me ujin dhe klasifikohet si irrituese.<\/span><\/li>\n<\/ul>\n<\/div>[\/vc_column_inner][\/vc_row_inner][vc_row_inner css=&#8221;.vc_custom_1683100048912{padding-top: 20px !important;}&#8221;][vc_column_inner width=&#8221;1\/2&#8243;]<div class=\"aio-icon-component    style_1\"><div id=\"Info-box-wrap-7960\" class=\"aio-icon-box default-icon\" style=\"\"  ><div class=\"aio-icon-default\"><div class=\"ult-just-icon-wrapper  \"><div class=\"align-icon\" style=\"text-align:center;\">\n<div class=\"aio-icon-img \" style=\"font-size:65px;display:inline-block;\" >\n\t<img decoding=\"async\" class=\"img-icon\" alt=\"null\" src=\"https:\/\/aedcolor.com\/wp-content\/uploads\/2023\/05\/image-2.png\"\/>\n<\/div><\/div><\/div><\/div><div class=\"aio-icon-header\" ><h3 class=\"aio-icon-title ult-responsive\"  data-ultimate-target='#Info-box-wrap-7960 .aio-icon-title'  data-responsive-json-new='{\"font-size\":\"\",\"line-height\":\"\"}'  style=\"\">Sip\u00ebrfaqe: Beton<\/h3><\/div> <!-- header --><\/div> <!-- aio-icon-box --><\/div> <!-- aio-icon-component -->[\/vc_column_inner][vc_column_inner width=&#8221;1\/2&#8243;]<div class=\"aio-icon-component    style_1\"><div id=\"Info-box-wrap-3541\" class=\"aio-icon-box default-icon\" style=\"\"  ><div class=\"aio-icon-default\"><div class=\"ult-just-icon-wrapper  \"><div class=\"align-icon\" style=\"text-align:center;\">\n<div class=\"aio-icon-img \" style=\"font-size:65px;display:inline-block;\" >\n\t<img decoding=\"async\" class=\"img-icon\" alt=\"null\" src=\"https:\/\/aedcolor.com\/wp-content\/uploads\/2023\/05\/image-1.png\"\/>\n<\/div><\/div><\/div><\/div><div class=\"aio-icon-header\" ><h3 class=\"aio-icon-title ult-responsive\"  data-ultimate-target='#Info-box-wrap-3541 .aio-icon-title'  data-responsive-json-new='{\"font-size\":\"\",\"line-height\":\"\"}'  style=\"\">Aplikimi: Mistri<\/h3><\/div> <!-- header --><\/div> <!-- aio-icon-box --><\/div> <!-- aio-icon-component -->[\/vc_column_inner][\/vc_row_inner][\/vc_column][\/vc_row]<\/p>\n<\/div>","protected":false},"excerpt":{"rendered":"<p>[vc_row css=&#8221;.vc_custom_1683099634441{padding-bottom: 30px !important;}&#8221;][vc_column width=&#8221;2\/3&#8243;][vc_custom_heading text=&#8221;SCREED-SX&#8221; font_container=&#8221;tag:h2|font_size:50|text_align:left&#8221; use_theme_fonts=&#8221;yes&#8221; link=&#8221;|title:AQUAMAT%20-%20SUPERELASTIC||&#8221;][\/vc_column][\/vc_row][vc_row][vc_column width=&#8221;1\/2&#8243;][vc_single_image image=&#8221;9076&#8243; img_size=&#8221;full&#8221;][\/vc_column][vc_column width=&#8221;1\/2&#8243;][vc_column_text]SCREED-SX \u00ebsht\u00eb nj\u00eb llac i p\u00ebrforcuar me fibra q\u00eb z\u00ebvend\u00ebson cimenton (materialin ngjit\u00ebs) n\u00eb dysheme prej cimentoje. P\u00ebrb\u00ebhet prej cimento me mpiksje t\u00eb shpejt\u00eb dhe aditive t\u00eb vecanta. Kur p\u00ebrzihet me r\u00ebr\u00eb dhe uj\u00eb, llaci i cimentos q\u00eb prodhohet ka avantazhet e m\u00ebposhtme:&hellip;<\/p>\n","protected":false},"author":2,"featured_media":0,"parent":0,"menu_order":0,"comment_status":"closed","ping_status":"closed","template":"","meta":{"footnotes":""},"class_list":["post-9078","page","type-page","status-publish","hentry","description-off"],"_links":{"self":[{"href":"https:\/\/aedcolor.com\/index.php\/wp-json\/wp\/v2\/pages\/9078","targetHints":{"allow":["GET"]}}],"collection":[{"href":"https:\/\/aedcolor.com\/index.php\/wp-json\/wp\/v2\/pages"}],"about":[{"href":"https:\/\/aedcolor.com\/index.php\/wp-json\/wp\/v2\/types\/page"}],"author":[{"embeddable":true,"href":"https:\/\/aedcolor.com\/index.php\/wp-json\/wp\/v2\/users\/2"}],"replies":[{"embeddable":true,"href":"https:\/\/aedcolor.com\/index.php\/wp-json\/wp\/v2\/comments?post=9078"}],"version-history":[{"count":1,"href":"https:\/\/aedcolor.com\/index.php\/wp-json\/wp\/v2\/pages\/9078\/revisions"}],"predecessor-version":[{"id":9080,"href":"https:\/\/aedcolor.com\/index.php\/wp-json\/wp\/v2\/pages\/9078\/revisions\/9080"}],"wp:attachment":[{"href":"https:\/\/aedcolor.com\/index.php\/wp-json\/wp\/v2\/media?parent=9078"}],"curies":[{"name":"wp","href":"https:\/\/api.w.org\/{rel}","templated":true}]}}