{"id":971,"date":"2023-04-27T09:48:46","date_gmt":"2023-04-27T09:48:46","guid":{"rendered":"https:\/\/aedcolor.com\/?page_id=971"},"modified":"2023-04-27T09:48:46","modified_gmt":"2023-04-27T09:48:46","slug":"sistemi-i-catise-se-gjelber-te-viles-me-sistem-pu","status":"publish","type":"page","link":"https:\/\/aedcolor.com\/index.php\/sistemi-i-catise-se-gjelber-te-viles-me-sistem-pu\/","title":{"rendered":"Sistemi i \u00e7atis\u00eb s\u00eb gjelb\u00ebr t\u00eb vil\u00ebs me sistem PU"},"content":{"rendered":"<div class=\"wpb-content-wrapper\"><p>[vc_row][vc_column]<style type=\"text\/css\" data-type=\"the7_shortcodes-inline-css\">.gallery-shortcode.gallery-masonry-shortcode-id-ba429eeb5fa5b99591aa7679d9a621ec figure,\n.gallery-shortcode.gallery-masonry-shortcode-id-ba429eeb5fa5b99591aa7679d9a621ec .rollover,\n.gallery-shortcode.gallery-masonry-shortcode-id-ba429eeb5fa5b99591aa7679d9a621ec img,\n.gallery-shortcode.gallery-masonry-shortcode-id-ba429eeb5fa5b99591aa7679d9a621ec .gallery-rollover {\n  border-radius: 0px;\n}\n.gallery-shortcode.gallery-masonry-shortcode-id-ba429eeb5fa5b99591aa7679d9a621ec.enable-bg-rollover .gallery-rollover {\n  background: -webkit-linear-gradient();\n  background: linear-gradient();\n}\n.gallery-shortcode.gallery-masonry-shortcode-id-ba429eeb5fa5b99591aa7679d9a621ec.enable-bg-rollover.hover-scale figure .rollover:after {\n  background: -webkit-linear-gradient();\n  background: linear-gradient();\n}\n.gallery-shortcode.gallery-masonry-shortcode-id-ba429eeb5fa5b99591aa7679d9a621ec .gallery-zoom-ico {\n  width: 44px;\n  height: 44px;\n  line-height: 44px;\n  border-radius: 100px;\n  margin: -22px 0 0 -22px;\n  border-width: 0px;\n  color: #ffffff;\n}\n.dt-icon-bg-on.gallery-shortcode.gallery-masonry-shortcode-id-ba429eeb5fa5b99591aa7679d9a621ec .gallery-zoom-ico {\n  background: rgba(255,255,255,0.3);\n  box-shadow: none;\n}\n.gallery-shortcode.gallery-masonry-shortcode-id-ba429eeb5fa5b99591aa7679d9a621ec .gallery-zoom-ico:before,\n.gallery-shortcode.gallery-masonry-shortcode-id-ba429eeb5fa5b99591aa7679d9a621ec .gallery-zoom-ico span {\n  font-size: 32px;\n  line-height: 44px;\n  color: #ffffff;\n}\n.gallery-shortcode.gallery-masonry-shortcode-id-ba429eeb5fa5b99591aa7679d9a621ec:not(.resize-by-browser-width) .dt-css-grid {\n  grid-row-gap: 10px;\n  grid-column-gap: 10px;\n  grid-template-columns: repeat(auto-fill,minmax(,1fr));\n}\n.gallery-shortcode.gallery-masonry-shortcode-id-ba429eeb5fa5b99591aa7679d9a621ec:not(.resize-by-browser-width) .dt-css-grid .double-width {\n  grid-column: span 2;\n}\n.cssgridlegacy.no-cssgrid .gallery-shortcode.gallery-masonry-shortcode-id-ba429eeb5fa5b99591aa7679d9a621ec:not(.resize-by-browser-width) .dt-css-grid,\n.no-cssgridlegacy.no-cssgrid .gallery-shortcode.gallery-masonry-shortcode-id-ba429eeb5fa5b99591aa7679d9a621ec:not(.resize-by-browser-width) .dt-css-grid {\n  display: flex;\n  flex-flow: row wrap;\n  margin: -5px;\n}\n.cssgridlegacy.no-cssgrid .gallery-shortcode.gallery-masonry-shortcode-id-ba429eeb5fa5b99591aa7679d9a621ec:not(.resize-by-browser-width) .dt-css-grid .wf-cell,\n.no-cssgridlegacy.no-cssgrid .gallery-shortcode.gallery-masonry-shortcode-id-ba429eeb5fa5b99591aa7679d9a621ec:not(.resize-by-browser-width) .dt-css-grid .wf-cell {\n  flex: 1 0 ;\n  max-width: 100%;\n  padding: 5px;\n  box-sizing: border-box;\n}\n.gallery-shortcode.gallery-masonry-shortcode-id-ba429eeb5fa5b99591aa7679d9a621ec.resize-by-browser-width .dt-css-grid {\n  grid-template-columns: repeat(4,1fr);\n  grid-template-rows: auto;\n  grid-column-gap: 10px;\n  grid-row-gap: 10px;\n}\n.gallery-shortcode.gallery-masonry-shortcode-id-ba429eeb5fa5b99591aa7679d9a621ec.resize-by-browser-width .dt-css-grid .double-width {\n  grid-column: span 2;\n}\n.cssgridlegacy.no-cssgrid .gallery-shortcode.gallery-masonry-shortcode-id-ba429eeb5fa5b99591aa7679d9a621ec.resize-by-browser-width .dt-css-grid {\n  margin: -5px;\n}\n.cssgridlegacy.no-cssgrid .gallery-shortcode.gallery-masonry-shortcode-id-ba429eeb5fa5b99591aa7679d9a621ec.resize-by-browser-width .dt-css-grid .wf-cell {\n  width: 25%;\n  padding: 5px;\n}\n.cssgridlegacy.no-cssgrid .gallery-shortcode.gallery-masonry-shortcode-id-ba429eeb5fa5b99591aa7679d9a621ec.resize-by-browser-width .dt-css-grid .wf-cell.double-width {\n  width: calc(25%) * 2;\n}\n.gallery-shortcode.gallery-masonry-shortcode-id-ba429eeb5fa5b99591aa7679d9a621ec.resize-by-browser-width:not(.centered-layout-list):not(.content-bg-on) .dt-css-grid {\n  grid-row-gap: 10px - ;\n}\n@media screen and (max-width: 1199px) {\n  .gallery-shortcode.gallery-masonry-shortcode-id-ba429eeb5fa5b99591aa7679d9a621ec.resize-by-browser-width .dt-css-grid {\n    grid-template-columns: repeat(3,1fr);\n  }\n  .cssgridlegacy.no-cssgrid .gallery-shortcode.gallery-masonry-shortcode-id-ba429eeb5fa5b99591aa7679d9a621ec.resize-by-browser-width .dt-css-grid .wf-cell,\n  .no-cssgridlegacy.no-cssgrid .gallery-shortcode.gallery-masonry-shortcode-id-ba429eeb5fa5b99591aa7679d9a621ec.resize-by-browser-width .dt-css-grid .wf-cell {\n    width: 33.333333333333%;\n  }\n  .cssgridlegacy.no-cssgrid .gallery-shortcode.gallery-masonry-shortcode-id-ba429eeb5fa5b99591aa7679d9a621ec.resize-by-browser-width .dt-css-grid .wf-cell.double-width,\n  .no-cssgridlegacy.no-cssgrid .gallery-shortcode.gallery-masonry-shortcode-id-ba429eeb5fa5b99591aa7679d9a621ec.resize-by-browser-width .dt-css-grid .wf-cell.double-width {\n    width: calc(33.333333333333%)*2;\n  }\n}\n@media screen and (max-width: 991px) {\n  .gallery-shortcode.gallery-masonry-shortcode-id-ba429eeb5fa5b99591aa7679d9a621ec.resize-by-browser-width .dt-css-grid {\n    grid-template-columns: repeat(3,1fr);\n  }\n  .cssgridlegacy.no-cssgrid .gallery-shortcode.gallery-masonry-shortcode-id-ba429eeb5fa5b99591aa7679d9a621ec.resize-by-browser-width .dt-css-grid .wf-cell,\n  .no-cssgridlegacy.no-cssgrid .gallery-shortcode.gallery-masonry-shortcode-id-ba429eeb5fa5b99591aa7679d9a621ec.resize-by-browser-width .dt-css-grid .wf-cell {\n    width: 33.333333333333%;\n  }\n  .cssgridlegacy.no-cssgrid .gallery-shortcode.gallery-masonry-shortcode-id-ba429eeb5fa5b99591aa7679d9a621ec.resize-by-browser-width .dt-css-grid .wf-cell.double-width,\n  .no-cssgridlegacy.no-cssgrid .gallery-shortcode.gallery-masonry-shortcode-id-ba429eeb5fa5b99591aa7679d9a621ec.resize-by-browser-width .dt-css-grid .wf-cell.double-width {\n    width: calc(33.333333333333%)*2;\n  }\n}\n@media screen and (max-width: 767px) {\n  .gallery-shortcode.gallery-masonry-shortcode-id-ba429eeb5fa5b99591aa7679d9a621ec.resize-by-browser-width .dt-css-grid {\n    grid-template-columns: repeat(2,1fr);\n  }\n  .cssgridlegacy.no-cssgrid .gallery-shortcode.gallery-masonry-shortcode-id-ba429eeb5fa5b99591aa7679d9a621ec.resize-by-browser-width .dt-css-grid .wf-cell,\n  .no-cssgridlegacy.no-cssgrid .gallery-shortcode.gallery-masonry-shortcode-id-ba429eeb5fa5b99591aa7679d9a621ec.resize-by-browser-width .dt-css-grid .wf-cell {\n    width: 50%;\n  }\n  .cssgridlegacy.no-cssgrid .gallery-shortcode.gallery-masonry-shortcode-id-ba429eeb5fa5b99591aa7679d9a621ec.resize-by-browser-width .dt-css-grid .wf-cell.double-width,\n  .no-cssgridlegacy.no-cssgrid .gallery-shortcode.gallery-masonry-shortcode-id-ba429eeb5fa5b99591aa7679d9a621ec.resize-by-browser-width .dt-css-grid .wf-cell.double-width {\n    width: calc(50%)*2;\n  }\n}\n<\/style><div class=\"gallery-shortcode dt-gallery-container gallery-masonry-shortcode-id-ba429eeb5fa5b99591aa7679d9a621ec mode-grid jquery-filter dt-icon-bg-off quick-scale-img dt-css-grid-wrap enable-bg-rollover resize-by-browser-width  hover-fade loading-effect-none description-on-hover\" data-padding=\"5px\" data-cur-page=\"1\" data-post-limit=\"-1\" data-pagination-mode=\"none\" data-desktop-columns-num=\"4\" data-v-tablet-columns-num=\"3\" data-h-tablet-columns-num=\"3\" data-phone-columns-num=\"2\" data-width=\"0px\" data-columns=\"0\"><div class=\"dt-css-grid\" ><div class=\"wf-cell\" data-post-id=\"974\" data-date=\"2023-04-27T09:47:36+00:00\" data-name=\"20200929_115342-min\"><figure class=\"post visible\"><a href=\"https:\/\/aedcolor.com\/wp-content\/uploads\/2023\/04\/20200929_115342-min-1-scaled.jpg\" class=\"rollover dt-pswp-item layzr-bg\" data-large_image_width=\"2560\" data-large_image_height=\"1920\" data-dt-img-description=\"\" title=\"20200929_115342-min\"><img fetchpriority=\"high\" decoding=\"async\" class=\"preload-me iso-lazy-load aspect\" src=\"data:image\/svg+xml,%3Csvg%20xmlns%3D&#39;http%3A%2F%2Fwww.w3.org%2F2000%2Fsvg&#39;%20viewBox%3D&#39;0%200%20379%20252&#39;%2F%3E\" data-src=\"https:\/\/aedcolor.com\/wp-content\/uploads\/2023\/04\/20200929_115342-min-1-scaled-379x252.jpg\" data-srcset=\"https:\/\/aedcolor.com\/wp-content\/uploads\/2023\/04\/20200929_115342-min-1-scaled-379x252.jpg 379w, https:\/\/aedcolor.com\/wp-content\/uploads\/2023\/04\/20200929_115342-min-1-scaled-569x378.jpg 569w\" loading=\"eager\" style=\"--ratio: 379 \/ 252\" sizes=\"(max-width: 379px) 100vw, 379px\" alt=\"\" width=\"379\" height=\"252\"  \/><span class=\"gallery-rollover\"><span class=\"gallery-zoom-ico icomoon-the7-font-the7-zoom-06\"><span><\/span><\/span><\/span><\/a><\/figure><\/div><div class=\"wf-cell\" data-post-id=\"976\" data-date=\"2023-04-27T09:47:40+00:00\" data-name=\"20200929_115713-min\"><figure class=\"post visible\"><a href=\"https:\/\/aedcolor.com\/wp-content\/uploads\/2023\/04\/20200929_115713-min-scaled.jpg\" class=\"rollover dt-pswp-item layzr-bg\" data-large_image_width=\"1920\" data-large_image_height=\"2560\" data-dt-img-description=\"\" title=\"20200929_115713-min\"><img decoding=\"async\" class=\"preload-me iso-lazy-load aspect\" src=\"data:image\/svg+xml,%3Csvg%20xmlns%3D&#39;http%3A%2F%2Fwww.w3.org%2F2000%2Fsvg&#39;%20viewBox%3D&#39;0%200%20379%20252&#39;%2F%3E\" data-src=\"https:\/\/aedcolor.com\/wp-content\/uploads\/2023\/04\/20200929_115713-min-scaled-379x252.jpg\" data-srcset=\"https:\/\/aedcolor.com\/wp-content\/uploads\/2023\/04\/20200929_115713-min-scaled-379x252.jpg 379w, https:\/\/aedcolor.com\/wp-content\/uploads\/2023\/04\/20200929_115713-min-scaled-569x378.jpg 569w\" loading=\"eager\" style=\"--ratio: 379 \/ 252\" sizes=\"(max-width: 379px) 100vw, 379px\" alt=\"\" width=\"379\" height=\"252\"  \/><span class=\"gallery-rollover\"><span class=\"gallery-zoom-ico icomoon-the7-font-the7-zoom-06\"><span><\/span><\/span><\/span><\/a><\/figure><\/div><div class=\"wf-cell\" data-post-id=\"978\" data-date=\"2023-04-27T09:47:43+00:00\" data-name=\"20200929_115740-min\"><figure class=\"post visible\"><a href=\"https:\/\/aedcolor.com\/wp-content\/uploads\/2023\/04\/20200929_115740-min-scaled.jpg\" class=\"rollover dt-pswp-item layzr-bg\" data-large_image_width=\"2560\" data-large_image_height=\"1920\" data-dt-img-description=\"\" title=\"20200929_115740-min\"><img decoding=\"async\" class=\"preload-me iso-lazy-load aspect\" src=\"data:image\/svg+xml,%3Csvg%20xmlns%3D&#39;http%3A%2F%2Fwww.w3.org%2F2000%2Fsvg&#39;%20viewBox%3D&#39;0%200%20379%20252&#39;%2F%3E\" data-src=\"https:\/\/aedcolor.com\/wp-content\/uploads\/2023\/04\/20200929_115740-min-scaled-379x252.jpg\" data-srcset=\"https:\/\/aedcolor.com\/wp-content\/uploads\/2023\/04\/20200929_115740-min-scaled-379x252.jpg 379w, https:\/\/aedcolor.com\/wp-content\/uploads\/2023\/04\/20200929_115740-min-scaled-569x378.jpg 569w\" loading=\"eager\" style=\"--ratio: 379 \/ 252\" sizes=\"(max-width: 379px) 100vw, 379px\" alt=\"\" width=\"379\" height=\"252\"  \/><span class=\"gallery-rollover\"><span class=\"gallery-zoom-ico icomoon-the7-font-the7-zoom-06\"><span><\/span><\/span><\/span><\/a><\/figure><\/div><div class=\"wf-cell\" data-post-id=\"980\" data-date=\"2023-04-27T09:47:46+00:00\" data-name=\"1-min\"><figure class=\"post visible\"><a href=\"https:\/\/aedcolor.com\/wp-content\/uploads\/2023\/04\/1-min.jpg\" class=\"rollover dt-pswp-item layzr-bg\" data-large_image_width=\"1079\" data-large_image_height=\"1922\" data-dt-img-description=\"\" title=\"1-min\"><img decoding=\"async\" class=\"preload-me iso-lazy-load aspect\" src=\"data:image\/svg+xml,%3Csvg%20xmlns%3D&#39;http%3A%2F%2Fwww.w3.org%2F2000%2Fsvg&#39;%20viewBox%3D&#39;0%200%20379%20252&#39;%2F%3E\" data-src=\"https:\/\/aedcolor.com\/wp-content\/uploads\/2023\/04\/1-min-379x252.jpg\" data-srcset=\"https:\/\/aedcolor.com\/wp-content\/uploads\/2023\/04\/1-min-379x252.jpg 379w, https:\/\/aedcolor.com\/wp-content\/uploads\/2023\/04\/1-min-569x378.jpg 569w\" loading=\"eager\" style=\"--ratio: 379 \/ 252\" sizes=\"(max-width: 379px) 100vw, 379px\" alt=\"\" width=\"379\" height=\"252\"  \/><span class=\"gallery-rollover\"><span class=\"gallery-zoom-ico icomoon-the7-font-the7-zoom-06\"><span><\/span><\/span><\/span><\/a><\/figure><\/div><div class=\"wf-cell\" data-post-id=\"982\" data-date=\"2023-04-27T09:47:48+00:00\" data-name=\"20191217_095455-min\"><figure class=\"post visible\"><a href=\"https:\/\/aedcolor.com\/wp-content\/uploads\/2023\/04\/20191217_095455-min-scaled.jpg\" class=\"rollover dt-pswp-item layzr-bg\" data-large_image_width=\"2560\" data-large_image_height=\"1920\" data-dt-img-description=\"\" title=\"20191217_095455-min\"><img decoding=\"async\" class=\"preload-me iso-lazy-load aspect\" src=\"data:image\/svg+xml,%3Csvg%20xmlns%3D&#39;http%3A%2F%2Fwww.w3.org%2F2000%2Fsvg&#39;%20viewBox%3D&#39;0%200%20379%20252&#39;%2F%3E\" data-src=\"https:\/\/aedcolor.com\/wp-content\/uploads\/2023\/04\/20191217_095455-min-scaled-379x252.jpg\" data-srcset=\"https:\/\/aedcolor.com\/wp-content\/uploads\/2023\/04\/20191217_095455-min-scaled-379x252.jpg 379w, https:\/\/aedcolor.com\/wp-content\/uploads\/2023\/04\/20191217_095455-min-scaled-569x378.jpg 569w\" loading=\"eager\" style=\"--ratio: 379 \/ 252\" sizes=\"(max-width: 379px) 100vw, 379px\" alt=\"\" width=\"379\" height=\"252\"  \/><span class=\"gallery-rollover\"><span class=\"gallery-zoom-ico icomoon-the7-font-the7-zoom-06\"><span><\/span><\/span><\/span><\/a><\/figure><\/div><div class=\"wf-cell\" data-post-id=\"984\" data-date=\"2023-04-27T09:47:51+00:00\" data-name=\"20191218_151722-min\"><figure class=\"post visible\"><a href=\"https:\/\/aedcolor.com\/wp-content\/uploads\/2023\/04\/20191218_151722-min-scaled.jpg\" class=\"rollover dt-pswp-item layzr-bg\" data-large_image_width=\"2560\" data-large_image_height=\"1920\" data-dt-img-description=\"\" title=\"20191218_151722-min\"><img decoding=\"async\" class=\"preload-me iso-lazy-load aspect\" src=\"data:image\/svg+xml,%3Csvg%20xmlns%3D&#39;http%3A%2F%2Fwww.w3.org%2F2000%2Fsvg&#39;%20viewBox%3D&#39;0%200%20379%20252&#39;%2F%3E\" data-src=\"https:\/\/aedcolor.com\/wp-content\/uploads\/2023\/04\/20191218_151722-min-scaled-379x252.jpg\" data-srcset=\"https:\/\/aedcolor.com\/wp-content\/uploads\/2023\/04\/20191218_151722-min-scaled-379x252.jpg 379w, https:\/\/aedcolor.com\/wp-content\/uploads\/2023\/04\/20191218_151722-min-scaled-569x378.jpg 569w\" loading=\"eager\" style=\"--ratio: 379 \/ 252\" sizes=\"(max-width: 379px) 100vw, 379px\" alt=\"\" width=\"379\" height=\"252\"  \/><span class=\"gallery-rollover\"><span class=\"gallery-zoom-ico icomoon-the7-font-the7-zoom-06\"><span><\/span><\/span><\/span><\/a><\/figure><\/div><div class=\"wf-cell\" data-post-id=\"986\" data-date=\"2023-04-27T09:47:54+00:00\" data-name=\"20191218_151724-min\"><figure class=\"post visible\"><a href=\"https:\/\/aedcolor.com\/wp-content\/uploads\/2023\/04\/20191218_151724-min-scaled.jpg\" class=\"rollover dt-pswp-item layzr-bg\" data-large_image_width=\"2560\" data-large_image_height=\"1920\" data-dt-img-description=\"\" title=\"20191218_151724-min\"><img decoding=\"async\" class=\"preload-me iso-lazy-load aspect\" src=\"data:image\/svg+xml,%3Csvg%20xmlns%3D&#39;http%3A%2F%2Fwww.w3.org%2F2000%2Fsvg&#39;%20viewBox%3D&#39;0%200%20379%20252&#39;%2F%3E\" data-src=\"https:\/\/aedcolor.com\/wp-content\/uploads\/2023\/04\/20191218_151724-min-scaled-379x252.jpg\" data-srcset=\"https:\/\/aedcolor.com\/wp-content\/uploads\/2023\/04\/20191218_151724-min-scaled-379x252.jpg 379w, https:\/\/aedcolor.com\/wp-content\/uploads\/2023\/04\/20191218_151724-min-scaled-569x378.jpg 569w\" loading=\"eager\" style=\"--ratio: 379 \/ 252\" sizes=\"(max-width: 379px) 100vw, 379px\" alt=\"\" width=\"379\" height=\"252\"  \/><span class=\"gallery-rollover\"><span class=\"gallery-zoom-ico icomoon-the7-font-the7-zoom-06\"><span><\/span><\/span><\/span><\/a><\/figure><\/div><div class=\"wf-cell\" data-post-id=\"988\" data-date=\"2023-04-27T09:47:58+00:00\" data-name=\"20200506_134407-min\"><figure class=\"post visible\"><a href=\"https:\/\/aedcolor.com\/wp-content\/uploads\/2023\/04\/20200506_134407-min-scaled.jpg\" class=\"rollover dt-pswp-item layzr-bg\" data-large_image_width=\"1920\" data-large_image_height=\"2560\" data-dt-img-description=\"\" title=\"20200506_134407-min\"><img decoding=\"async\" class=\"preload-me iso-lazy-load aspect\" src=\"data:image\/svg+xml,%3Csvg%20xmlns%3D&#39;http%3A%2F%2Fwww.w3.org%2F2000%2Fsvg&#39;%20viewBox%3D&#39;0%200%20379%20252&#39;%2F%3E\" data-src=\"https:\/\/aedcolor.com\/wp-content\/uploads\/2023\/04\/20200506_134407-min-scaled-379x252.jpg\" data-srcset=\"https:\/\/aedcolor.com\/wp-content\/uploads\/2023\/04\/20200506_134407-min-scaled-379x252.jpg 379w, https:\/\/aedcolor.com\/wp-content\/uploads\/2023\/04\/20200506_134407-min-scaled-569x378.jpg 569w\" loading=\"eager\" style=\"--ratio: 379 \/ 252\" sizes=\"(max-width: 379px) 100vw, 379px\" alt=\"\" width=\"379\" height=\"252\"  \/><span class=\"gallery-rollover\"><span class=\"gallery-zoom-ico icomoon-the7-font-the7-zoom-06\"><span><\/span><\/span><\/span><\/a><\/figure><\/div><div class=\"wf-cell\" data-post-id=\"990\" data-date=\"2023-04-27T09:48:01+00:00\" data-name=\"20200507_135516-min\"><figure class=\"post visible\"><a href=\"https:\/\/aedcolor.com\/wp-content\/uploads\/2023\/04\/20200507_135516-min-scaled.jpg\" class=\"rollover dt-pswp-item layzr-bg\" data-large_image_width=\"1920\" data-large_image_height=\"2560\" data-dt-img-description=\"\" title=\"20200507_135516-min\"><img decoding=\"async\" class=\"preload-me iso-lazy-load aspect\" src=\"data:image\/svg+xml,%3Csvg%20xmlns%3D&#39;http%3A%2F%2Fwww.w3.org%2F2000%2Fsvg&#39;%20viewBox%3D&#39;0%200%20379%20252&#39;%2F%3E\" data-src=\"https:\/\/aedcolor.com\/wp-content\/uploads\/2023\/04\/20200507_135516-min-scaled-379x252.jpg\" data-srcset=\"https:\/\/aedcolor.com\/wp-content\/uploads\/2023\/04\/20200507_135516-min-scaled-379x252.jpg 379w, https:\/\/aedcolor.com\/wp-content\/uploads\/2023\/04\/20200507_135516-min-scaled-569x378.jpg 569w\" loading=\"eager\" style=\"--ratio: 379 \/ 252\" sizes=\"(max-width: 379px) 100vw, 379px\" alt=\"\" width=\"379\" height=\"252\"  \/><span class=\"gallery-rollover\"><span class=\"gallery-zoom-ico icomoon-the7-font-the7-zoom-06\"><span><\/span><\/span><\/span><\/a><\/figure><\/div><div class=\"wf-cell\" data-post-id=\"992\" data-date=\"2023-04-27T09:48:05+00:00\" data-name=\"20200507_140254-min\"><figure class=\"post visible\"><a href=\"https:\/\/aedcolor.com\/wp-content\/uploads\/2023\/04\/20200507_140254-min-scaled.jpg\" class=\"rollover dt-pswp-item layzr-bg\" data-large_image_width=\"2560\" data-large_image_height=\"1920\" data-dt-img-description=\"\" title=\"20200507_140254-min\"><img decoding=\"async\" class=\"preload-me iso-lazy-load aspect\" src=\"data:image\/svg+xml,%3Csvg%20xmlns%3D&#39;http%3A%2F%2Fwww.w3.org%2F2000%2Fsvg&#39;%20viewBox%3D&#39;0%200%20379%20252&#39;%2F%3E\" data-src=\"https:\/\/aedcolor.com\/wp-content\/uploads\/2023\/04\/20200507_140254-min-scaled-379x252.jpg\" data-srcset=\"https:\/\/aedcolor.com\/wp-content\/uploads\/2023\/04\/20200507_140254-min-scaled-379x252.jpg 379w, https:\/\/aedcolor.com\/wp-content\/uploads\/2023\/04\/20200507_140254-min-scaled-569x378.jpg 569w\" loading=\"eager\" style=\"--ratio: 379 \/ 252\" sizes=\"(max-width: 379px) 100vw, 379px\" alt=\"\" width=\"379\" height=\"252\"  \/><span class=\"gallery-rollover\"><span class=\"gallery-zoom-ico icomoon-the7-font-the7-zoom-06\"><span><\/span><\/span><\/span><\/a><\/figure><\/div><div class=\"wf-cell\" data-post-id=\"994\" data-date=\"2023-04-27T09:48:08+00:00\" data-name=\"20200929_115318-min\"><figure class=\"post visible\"><a href=\"https:\/\/aedcolor.com\/wp-content\/uploads\/2023\/04\/20200929_115318-min-scaled.jpg\" class=\"rollover dt-pswp-item layzr-bg\" data-large_image_width=\"2560\" data-large_image_height=\"1920\" data-dt-img-description=\"\" title=\"20200929_115318-min\"><img decoding=\"async\" class=\"preload-me iso-lazy-load aspect\" src=\"data:image\/svg+xml,%3Csvg%20xmlns%3D&#39;http%3A%2F%2Fwww.w3.org%2F2000%2Fsvg&#39;%20viewBox%3D&#39;0%200%20379%20252&#39;%2F%3E\" data-src=\"https:\/\/aedcolor.com\/wp-content\/uploads\/2023\/04\/20200929_115318-min-scaled-379x252.jpg\" data-srcset=\"https:\/\/aedcolor.com\/wp-content\/uploads\/2023\/04\/20200929_115318-min-scaled-379x252.jpg 379w, https:\/\/aedcolor.com\/wp-content\/uploads\/2023\/04\/20200929_115318-min-scaled-569x378.jpg 569w\" loading=\"eager\" style=\"--ratio: 379 \/ 252\" sizes=\"(max-width: 379px) 100vw, 379px\" alt=\"\" width=\"379\" height=\"252\"  \/><span class=\"gallery-rollover\"><span class=\"gallery-zoom-ico icomoon-the7-font-the7-zoom-06\"><span><\/span><\/span><\/span><\/a><\/figure><\/div><div class=\"wf-cell\" data-post-id=\"996\" data-date=\"2023-04-27T09:48:11+00:00\" data-name=\"20200929_115321-min\"><figure class=\"post visible\"><a href=\"https:\/\/aedcolor.com\/wp-content\/uploads\/2023\/04\/20200929_115321-min-scaled.jpg\" class=\"rollover dt-pswp-item layzr-bg\" data-large_image_width=\"1920\" data-large_image_height=\"2560\" data-dt-img-description=\"\" title=\"20200929_115321-min\"><img decoding=\"async\" class=\"preload-me iso-lazy-load aspect\" src=\"data:image\/svg+xml,%3Csvg%20xmlns%3D&#39;http%3A%2F%2Fwww.w3.org%2F2000%2Fsvg&#39;%20viewBox%3D&#39;0%200%20379%20252&#39;%2F%3E\" data-src=\"https:\/\/aedcolor.com\/wp-content\/uploads\/2023\/04\/20200929_115321-min-scaled-379x252.jpg\" data-srcset=\"https:\/\/aedcolor.com\/wp-content\/uploads\/2023\/04\/20200929_115321-min-scaled-379x252.jpg 379w, https:\/\/aedcolor.com\/wp-content\/uploads\/2023\/04\/20200929_115321-min-scaled-569x378.jpg 569w\" loading=\"eager\" style=\"--ratio: 379 \/ 252\" sizes=\"(max-width: 379px) 100vw, 379px\" alt=\"\" width=\"379\" height=\"252\"  \/><span class=\"gallery-rollover\"><span class=\"gallery-zoom-ico icomoon-the7-font-the7-zoom-06\"><span><\/span><\/span><\/span><\/a><\/figure><\/div><div class=\"wf-cell\" data-post-id=\"998\" data-date=\"2023-04-27T09:48:15+00:00\" data-name=\"20200929_115323-min\"><figure class=\"post visible\"><a href=\"https:\/\/aedcolor.com\/wp-content\/uploads\/2023\/04\/20200929_115323-min-scaled.jpg\" class=\"rollover dt-pswp-item layzr-bg\" data-large_image_width=\"1920\" data-large_image_height=\"2560\" data-dt-img-description=\"\" title=\"20200929_115323-min\"><img decoding=\"async\" class=\"preload-me iso-lazy-load aspect\" src=\"data:image\/svg+xml,%3Csvg%20xmlns%3D&#39;http%3A%2F%2Fwww.w3.org%2F2000%2Fsvg&#39;%20viewBox%3D&#39;0%200%20379%20252&#39;%2F%3E\" data-src=\"https:\/\/aedcolor.com\/wp-content\/uploads\/2023\/04\/20200929_115323-min-scaled-379x252.jpg\" data-srcset=\"https:\/\/aedcolor.com\/wp-content\/uploads\/2023\/04\/20200929_115323-min-scaled-379x252.jpg 379w, https:\/\/aedcolor.com\/wp-content\/uploads\/2023\/04\/20200929_115323-min-scaled-569x378.jpg 569w\" loading=\"eager\" style=\"--ratio: 379 \/ 252\" sizes=\"(max-width: 379px) 100vw, 379px\" alt=\"\" width=\"379\" height=\"252\"  \/><span class=\"gallery-rollover\"><span class=\"gallery-zoom-ico icomoon-the7-font-the7-zoom-06\"><span><\/span><\/span><\/span><\/a><\/figure><\/div><\/div><!-- iso-container|iso-grid --><\/div>[\/vc_column][\/vc_row]<\/p>\n<\/div>","protected":false},"excerpt":{"rendered":"<p>[vc_row][vc_column][\/vc_column][\/vc_row]<\/p>\n","protected":false},"author":3,"featured_media":0,"parent":0,"menu_order":0,"comment_status":"closed","ping_status":"closed","template":"","meta":{"footnotes":""},"class_list":["post-971","page","type-page","status-publish","hentry","description-off"],"_links":{"self":[{"href":"https:\/\/aedcolor.com\/index.php\/wp-json\/wp\/v2\/pages\/971","targetHints":{"allow":["GET"]}}],"collection":[{"href":"https:\/\/aedcolor.com\/index.php\/wp-json\/wp\/v2\/pages"}],"about":[{"href":"https:\/\/aedcolor.com\/index.php\/wp-json\/wp\/v2\/types\/page"}],"author":[{"embeddable":true,"href":"https:\/\/aedcolor.com\/index.php\/wp-json\/wp\/v2\/users\/3"}],"replies":[{"embeddable":true,"href":"https:\/\/aedcolor.com\/index.php\/wp-json\/wp\/v2\/comments?post=971"}],"version-history":[{"count":1,"href":"https:\/\/aedcolor.com\/index.php\/wp-json\/wp\/v2\/pages\/971\/revisions"}],"predecessor-version":[{"id":1000,"href":"https:\/\/aedcolor.com\/index.php\/wp-json\/wp\/v2\/pages\/971\/revisions\/1000"}],"wp:attachment":[{"href":"https:\/\/aedcolor.com\/index.php\/wp-json\/wp\/v2\/media?parent=971"}],"curies":[{"name":"wp","href":"https:\/\/api.w.org\/{rel}","templated":true}]}}