{"id":9821,"date":"2023-11-24T13:01:14","date_gmt":"2023-11-24T13:01:14","guid":{"rendered":"https:\/\/aedcolor.com\/?page_id=9821"},"modified":"2023-11-24T13:17:01","modified_gmt":"2023-11-24T13:17:01","slug":"screed-60-express","status":"publish","type":"page","link":"https:\/\/aedcolor.com\/index.php\/screed-60-express\/","title":{"rendered":"SCREED-60 EXPRESS"},"content":{"rendered":"<div class=\"wpb-content-wrapper\"><p>[vc_row css=&#8221;.vc_custom_1683099634441{padding-bottom: 30px !important;}&#8221;][vc_column width=&#8221;2\/3&#8243;][vc_custom_heading text=&#8221;SCREED-60 EXPRESS&#8221; font_container=&#8221;tag:h2|font_size:50|text_align:left&#8221; use_theme_fonts=&#8221;yes&#8221; link=&#8221;|title:AQUAMAT%20-%20SUPERELASTIC||&#8221;][\/vc_column][\/vc_row][vc_row][vc_column width=&#8221;1\/2&#8243;][vc_single_image image=&#8221;8473&#8243; img_size=&#8221;full&#8221;][\/vc_column][vc_column width=&#8221;1\/2&#8243;][vc_column_text]<span style=\"color: #000000;\"><strong>SCREED-60 EXPRESS \u00ebsht\u00eb nj\u00eb mall\u00eb cimentoje e para-p\u00ebrzier (thjesht shtoni uj\u00eb), me prekje t\u00eb shpejt\u00eb dhe me tkurrje t\u00eb ul\u00ebt p\u00ebr nivelim me l\u00ebmim t\u00eb shpejt\u00eb t\u00eb dyshemes\u00eb.<\/strong> Karakterizoet nga q\u00ebndrueshm\u00ebri e lart\u00eb fillestare dhe p\u00ebrfundimtare, ngjitje fort\u00eb me n\u00ebnshtres\u00ebn dhe punueshm\u00ebri e shk\u00eblqyer. Ofron nj\u00eb sip\u00ebrfaqe t\u00eb niveluar dhe t\u00eb q\u00ebndrueshme q\u00eb mund t\u00eb marr\u00eb nj\u00eb periudh\u00eb t\u00eb shkurt\u00ebr. I p\u00ebrshtatsh\u00ebm p\u00ebr aplikime t\u00eb brendshme dhe t\u00eb jashtme deri n\u00eb 60 mm trash\u00ebsi. I certifikuar sipas EN 13813 dhe i klasifikuar si material p\u00ebr veshjen e dyshemes\u00eb t\u00eb tipti CT-C30-F7-A12.<\/span><br \/>\n<span style=\"color: #000000;\">Ideale p\u00ebr mbushje, l\u00ebmim dhe nivelim t\u00eb shpejt\u00eb t\u00eb dyshemeve n\u00eb hap\u00ebsirat tregtare, rezidenciale dhe zyra ku k\u00ebrkohet instalim i shpejt\u00eb i mbules\u00ebs s\u00eb dyshemes\u00eb. I p\u00ebrshtatsh\u00ebm\u00a0 p\u00ebr shtrimin e mallrave t\u00eb cimentos mbi sistemet e ngrohjes n\u00ebn dysheme.<\/span><\/p>\n<p><strong><span style=\"color: #000000;\">N\u00ebnshtresa<\/span><\/strong><\/p>\n<p><span style=\"color: #000000;\">N\u00ebnshtresa duhet t\u00eb jet\u00eb e q\u00ebndrueshme, e that\u00eb, pa lag\u00ebshtir\u00eb n\u00eb rritje, pluhur, yndyr\u00eb, materiale t\u00eb lirshme ose ndot\u00ebs t\u00eb tjer\u00eb q\u00eb mund t\u00eb d\u00ebmtojn\u00eb ngjitjen e SCREED-60 EXPRESS.<\/span><\/p>\n<p><strong><span style=\"color: #000000;\">Aplikimi<\/span><\/strong><br \/>\n<span style=\"color: #000000;\">Hidhni ngadal\u00eb nj\u00eb 25 kg SCREED-60 EXPRESS n\u00eb nj\u00eb en\u00eb me 1.9 l uj\u00eb duke e trazuar. P\u00ebrziejini p\u00ebr t\u00eb pakt\u00ebn 5 minuta duke p\u00ebrdorur nj\u00eb mikser me shpejt\u00ebsi t\u00eb ul\u00ebt (300 rpm) derisa t\u00eb formohet nj\u00eb p\u00ebrzierje pa gunga me konsistenc\u00eb gjysm\u00eb t\u00eb that\u00eb. SCREED-60 EXPRESS aplikohet sipas praktikave t\u00eb p\u00ebrgjithshme t\u00eb p\u00ebrdorura n\u00eb dyshemet\u00eb konvencionale t\u00eb cimentos. Aplikoni materialin e p\u00ebrzier mbi n\u00ebnshtres\u00ebn e p\u00ebrgatitur duke p\u00ebrdorur udh\u00ebzues mall\u00eb dhe m\u00eb pas shtypeni at\u00eb me nj\u00eb shirit mall\u00eb\/buz\u00eb t\u00eb drejt\u00eb p\u00ebr t\u00eb siguruar ngjeshjen e duhur p\u00ebrpara nivelimit dhe l\u00ebmimit me nj\u00eb notues p\u00ebr t\u00eb marr\u00eb rezultatin p\u00ebrfundimtar t\u00eb d\u00ebshiruar. P\u00ebr trash\u00ebsi aplikimi midis 10-60 mm n\u00eb n\u00ebnshtresa jo absorbuese si pllaka qeramike, rekomandohet q\u00eb fillimisht t\u00eb aplikohet nj\u00eb shtres\u00eb ngjit\u00ebse duke p\u00ebrdorur lateks polimer ADIPLAST, n\u00eb m\u00ebnyr\u00eb q\u00eb t\u00eb sigurohet ngjitje e shk\u00eblqyer me n\u00ebnshtres\u00ebn. SCREED-60 EXPRESS aplikohet nd\u00ebrsa shtresa lidh\u00ebse \u00ebsht\u00eb ende e fresk\u00ebt.<\/span><br \/>\n<span style=\"color: #000000;\">P\u00ebr trash\u00ebsi aplikimi nd\u00ebrmjet 10-40 mm n\u00eb n\u00ebnshtresa thith\u00ebse cimentoje, rekomandohet q\u00eb fillimisht t\u00eb aplikohet nj\u00eb shtres\u00eb lidh\u00ebse duke p\u00ebrdorur lateks polimer ADIPLAST p\u00ebr t\u00eb siguruar ngjitje t\u00eb shk\u00eblqyer me n\u00ebnshtres\u00ebn. SCREED-60 EXPRESS aplikohet nd\u00ebrsa shtresa lidh\u00ebse \u00ebsht\u00eb ende e fresk\u00ebt. Raporti i p\u00ebrzierjes s\u00eb shtres\u00ebs lidh\u00ebse ADIPLAST:<\/span><br \/>\n<span style=\"color: #000000;\">Cimento: r\u00ebr\u00eb: ADIPLAST: uj\u00eb = 1:1 : 0,5:0,5 p\u00ebr v\u00ebllim. P\u00ebr trash\u00ebsi aplikimi midis 40-60 mm n\u00eb n\u00ebnshtresa thith\u00ebse cimentoje, rekomandohet t\u00eb ngopni sic duhet n\u00ebnshtresa me uj\u00eb p\u00ebrpara instalimit t\u00eb llacit t\u00eb ri t\u00eb cimentos.\u00a0<\/span><\/p>\n<p>[\/vc_column_text][vc_row_inner][vc_column_inner width=&#8221;1\/2&#8243;]<div class=\"standard-arrow bullet-top\"><ul>\n<li><span style=\"color: #000000;\">P\u00ebrpara se t\u00eb instaloni SCREED-60 EXPRESS n\u00eb n\u00ebnshtresa me lag\u00ebshtir\u00eb n\u00eb rritje, aplikoni fillimisht nj\u00eb shtres\u00eb t\u00eb p\u00ebrshtatshme hidroizoluese.<\/span><\/li>\n<li><span style=\"color: #000000;\">Gjat\u00eb aplikimit dhe n\u00eb fillim t\u00eb procesit t\u00eb ngurt\u00ebsimit , materiali duhet t\u00eb mbrohet nga humbja e shpejt\u00eb e ujit p\u00ebr shkak t\u00eb temperaturave t\u00eb larta. rrezet e diellit ose rrymat e ajrit.<\/span><\/li>\n<li><span style=\"color: #000000;\">Mos e p\u00ebrzieni (SCREED-60 EXPRESS me materiale t\u00eb tjera lidh\u00ebse (p.sh. cimento, gips, g\u00eblqere) ose aditiv\u00eb t\u00eb tjer\u00eb.<\/span><\/li>\n<li><span style=\"color: #000000;\">Pllakat qeramike dhe gur\u00ebt natyror\u00eb mund t\u00eb vendosen p\u00ebrkat\u00ebsisht pas 24 or\u00ebsh dhe pas 2 dit\u00ebsh.<\/span><\/li>\n<li><span style=\"color: #000000;\">Dyshemet\u00eb me parket, pvc dhe linoleum mund t\u00eb vendosen pas 4 dit\u00ebsh, pasi SCREED-60 EXPRESS t\u00eb jet\u00eb thar\u00eb plot\u00ebsisht.<\/span><\/li>\n<li><span style=\"color: #000000;\">I p\u00ebrshtatsh\u00ebm p\u00ebr shtrimin e dyshemeve t\u00eb gatshme p\u00ebr t\u00eb p\u00ebrballuar trafikun \u00a0pas 12 or\u00ebsh.<\/span><\/li>\n<\/ul>\n<\/div>[\/vc_column_inner][vc_column_inner width=&#8221;1\/2&#8243;]<div class=\"standard-arrow bullet-top\"><ul>\n<li><span style=\"color: #000000;\">P\u00ebrpara se t\u00eb vendosni nj\u00eb parket ose dysheme plastike, rekomandojm\u00eb q\u00eb lag\u00ebshtia e mbetur e matur t\u00eb jet\u00eb m\u00eb pak se 2 %.<\/span><\/li>\n<li><span style=\"color: #000000;\">Temperatura gjat\u00eb aplikimit duhet t\u00eb jet\u00eb s\u00eb paku +5 o.<\/span><\/li>\n<li><span style=\"color: #000000;\">Mos p\u00ebrdorni p\u00ebrzierjen q\u00eb tashm\u00eb ka filluar t\u00eb ngurt\u00ebsohet n\u00eb rezervuarin e p\u00ebrzierjes.<\/span><\/li>\n<li><span style=\"color: #000000;\">Mos p\u00ebrdorni m\u00eb shum\u00eb uj\u00eb n\u00eb p\u00ebrzierjen q\u00eb tashm\u00eb ka filluar t\u00eb ngurt\u00ebsohet.<\/span><\/li>\n<li><span style=\"color: #000000;\">P\u00ebr shkak t\u00eb p\u00ebrmbajtjes s\u00eb cimentos, produkti reagon me ujin duke formuar solucione alkaline dhe p\u00ebr k\u00ebt\u00eb arsye klasifikohet si irritues.<\/span><\/li>\n<\/ul>\n<\/div>[\/vc_column_inner][\/vc_row_inner][vc_row_inner css=&#8221;.vc_custom_1683100048912{padding-top: 20px !important;}&#8221;][vc_column_inner width=&#8221;1\/2&#8243;]<div class=\"aio-icon-component    style_1\"><div id=\"Info-box-wrap-5169\" class=\"aio-icon-box default-icon\" style=\"\"  ><div class=\"aio-icon-default\"><div class=\"ult-just-icon-wrapper  \"><div class=\"align-icon\" style=\"text-align:center;\">\n<div class=\"aio-icon-img \" style=\"font-size:65px;display:inline-block;\" >\n\t<img decoding=\"async\" class=\"img-icon\" alt=\"null\" src=\"https:\/\/aedcolor.com\/wp-content\/uploads\/2023\/05\/image-2.png\"\/>\n<\/div><\/div><\/div><\/div><div class=\"aio-icon-header\" ><h3 class=\"aio-icon-title ult-responsive\"  data-ultimate-target='#Info-box-wrap-5169 .aio-icon-title'  data-responsive-json-new='{\"font-size\":\"\",\"line-height\":\"\"}'  style=\"\">Sip\u00ebrfaqe: Beton<\/h3><\/div> <!-- header --><\/div> <!-- aio-icon-box --><\/div> <!-- aio-icon-component -->[\/vc_column_inner][vc_column_inner width=&#8221;1\/2&#8243;]<div class=\"aio-icon-component    style_1\"><div id=\"Info-box-wrap-9044\" class=\"aio-icon-box default-icon\" style=\"\"  ><div class=\"aio-icon-default\"><div class=\"ult-just-icon-wrapper  \"><div class=\"align-icon\" style=\"text-align:center;\">\n<div class=\"aio-icon-img \" style=\"font-size:65px;display:inline-block;\" >\n\t<img decoding=\"async\" class=\"img-icon\" alt=\"null\" src=\"https:\/\/aedcolor.com\/wp-content\/uploads\/2023\/05\/image-1.png\"\/>\n<\/div><\/div><\/div><\/div><div class=\"aio-icon-header\" ><h3 class=\"aio-icon-title ult-responsive\"  data-ultimate-target='#Info-box-wrap-9044 .aio-icon-title'  data-responsive-json-new='{\"font-size\":\"\",\"line-height\":\"\"}'  style=\"\">Aplikimi: Mistri<\/h3><\/div> <!-- header --><\/div> <!-- aio-icon-box --><\/div> <!-- aio-icon-component -->[\/vc_column_inner][\/vc_row_inner][\/vc_column][\/vc_row]<\/p>\n<\/div>","protected":false},"excerpt":{"rendered":"<p>[vc_row css=&#8221;.vc_custom_1683099634441{padding-bottom: 30px !important;}&#8221;][vc_column width=&#8221;2\/3&#8243;][vc_custom_heading text=&#8221;SCREED-60 EXPRESS&#8221; font_container=&#8221;tag:h2|font_size:50|text_align:left&#8221; use_theme_fonts=&#8221;yes&#8221; link=&#8221;|title:AQUAMAT%20-%20SUPERELASTIC||&#8221;][\/vc_column][\/vc_row][vc_row][vc_column width=&#8221;1\/2&#8243;][vc_single_image image=&#8221;8473&#8243; img_size=&#8221;full&#8221;][\/vc_column][vc_column width=&#8221;1\/2&#8243;][vc_column_text]SCREED-60 EXPRESS \u00ebsht\u00eb nj\u00eb mall\u00eb cimentoje e para-p\u00ebrzier (thjesht shtoni uj\u00eb), me prekje t\u00eb shpejt\u00eb dhe me tkurrje t\u00eb ul\u00ebt p\u00ebr nivelim me l\u00ebmim t\u00eb shpejt\u00eb t\u00eb dyshemes\u00eb. Karakterizoet nga q\u00ebndrueshm\u00ebri e lart\u00eb fillestare dhe p\u00ebrfundimtare, ngjitje fort\u00eb me n\u00ebnshtres\u00ebn dhe punueshm\u00ebri&hellip;<\/p>\n","protected":false},"author":2,"featured_media":0,"parent":0,"menu_order":0,"comment_status":"closed","ping_status":"closed","template":"","meta":{"footnotes":""},"class_list":["post-9821","page","type-page","status-publish","hentry","description-off"],"_links":{"self":[{"href":"https:\/\/aedcolor.com\/index.php\/wp-json\/wp\/v2\/pages\/9821","targetHints":{"allow":["GET"]}}],"collection":[{"href":"https:\/\/aedcolor.com\/index.php\/wp-json\/wp\/v2\/pages"}],"about":[{"href":"https:\/\/aedcolor.com\/index.php\/wp-json\/wp\/v2\/types\/page"}],"author":[{"embeddable":true,"href":"https:\/\/aedcolor.com\/index.php\/wp-json\/wp\/v2\/users\/2"}],"replies":[{"embeddable":true,"href":"https:\/\/aedcolor.com\/index.php\/wp-json\/wp\/v2\/comments?post=9821"}],"version-history":[{"count":1,"href":"https:\/\/aedcolor.com\/index.php\/wp-json\/wp\/v2\/pages\/9821\/revisions"}],"predecessor-version":[{"id":9823,"href":"https:\/\/aedcolor.com\/index.php\/wp-json\/wp\/v2\/pages\/9821\/revisions\/9823"}],"wp:attachment":[{"href":"https:\/\/aedcolor.com\/index.php\/wp-json\/wp\/v2\/media?parent=9821"}],"curies":[{"name":"wp","href":"https:\/\/api.w.org\/{rel}","templated":true}]}}