{"id":9824,"date":"2023-11-24T14:33:10","date_gmt":"2023-11-24T14:33:10","guid":{"rendered":"https:\/\/aedcolor.com\/?page_id=9824"},"modified":"2023-11-24T14:33:10","modified_gmt":"2023-11-24T14:33:10","slug":"flowcret-1-10-express-2","status":"publish","type":"page","link":"https:\/\/aedcolor.com\/index.php\/flowcret-1-10-express-2\/","title":{"rendered":"FLOWCRET 1-10 EXPRESS"},"content":{"rendered":"<div class=\"wpb-content-wrapper\"><p>[vc_row css=&#8221;.vc_custom_1683099634441{padding-bottom: 30px !important;}&#8221;][vc_column width=&#8221;2\/3&#8243;][vc_custom_heading text=&#8221;FLOWCRET 1-10 EXPRESS&#8221; font_container=&#8221;tag:h2|font_size:50|text_align:left&#8221; use_theme_fonts=&#8221;yes&#8221; link=&#8221;|title:AQUAMAT%20-%20SUPERELASTIC||&#8221;][\/vc_column][\/vc_row][vc_row][vc_column width=&#8221;1\/2&#8243;][vc_single_image image=&#8221;8477&#8243; img_size=&#8221;full&#8221;][\/vc_column][vc_column width=&#8221;1\/2&#8243;][vc_column_text]<span style=\"color: #000000;\"><strong>Llac cimentoje vet\u00ebnivelues me mpiksje t\u00eb shpejt\u00eb p\u00ebr nivelimin e n\u00ebnshtresave t\u00eb dyshemes\u00eb, i pasuruar me p\u00ebrb\u00ebr\u00ebs polimer (rr\u00ebshira).<\/strong> Ai ka rezistenc\u00eb t\u00eb lart\u00eb mekanike, ngjitje t\u00eb jasht\u00ebzakonshme me n\u00ebnshtres\u00ebn, punueshm\u00ebri t\u00eb shk\u00eblqyer, mpiksje t\u00eb shpejt\u00eb dhe tkurrje m\u00eb t\u00eb vog\u00ebl. Ai ofron nj\u00eb sip\u00ebrfaqe finale t\u00eb l\u00ebmuar, t\u00eb rrafsh\u00ebt dhe t\u00eb fort\u00eb, t\u00eb gatshme p\u00ebr tu mbuluar me ndonj\u00eb veshje tjet\u00ebr sip\u00ebrfaq\u00ebsore brenda nj\u00eb kohe shum\u00eb t\u00eb shkurt\u00ebr. I p\u00ebrshtatsh\u00ebm p\u00ebr shtresa 1-10 mm t\u00ebtrasha. Klasifikohet si CT-C40-F7-AR0,5 sipas standardit EN 13813. FLOWCRET 1-10 EXPRESS ka p\u00ebrfituar Deklarat\u00eb Produkti Mjedisor (EPD) n\u00eb vijim t\u00eb nj\u00eb vler\u00ebsimi t\u00eb impaktit mjedisor t\u00eb ciklit t\u00eb tij t\u00eb jet\u00ebs. numri i regjistrimit: S-P-06174.<\/span><br \/>\n<span style=\"color: #000000;\">Ideal p\u00ebr sheshimin dhe nivelimin e shpesht\u00eb t\u00eb dyshemeve prej betoni, t\u00eb dyshemeve me llac cimentoje, dyshemeve mozaik etj. q\u00eb do t\u00eb mbulohen me t\u00eb gjitha llojet e pllakave, moket, parket, pllaka plastike etj. Zakonisht \u00ebsht\u00eb lloji i duhur p\u00ebr p\u00ebrdorim n\u00eb mjedis t\u00eb brendsh\u00ebm. I p\u00ebrshtatsh\u00ebm p\u00ebr nivelimin e dyshemeve me sistem ngrohjeje n\u00ebn dysheme.<\/span><\/p>\n<p><strong><span style=\"color: #000000;\">N\u00ebnshtresa<\/span><\/strong><br \/>\n<span style=\"color: #000000;\">Sip\u00ebrfaqja duhet t\u00eb jet\u00eb e that\u00eb, e q\u00ebndrueshme dhe gjithashtu pa pluhur, graso grimca t\u00eb lira etj.<\/span><\/p>\n<p><strong><span style=\"color: #000000;\">Astarimi<\/span><\/strong><br \/>\n<span style=\"color: #000000;\">Sip\u00ebrfaqet thith\u00ebse si betoni ose llaci i cimentos duhet t\u00eb astarohen me astarin akrilik UNI-PRIMER. Aplikimi i produktit b\u00ebhet pasi \u00ebsht\u00eb thar\u00eb plot\u00ebsisht dora e astarit (af\u00ebrsisht pas 2 or\u00ebsh).\u00a0<\/span><br \/>\n<span style=\"color: #000000;\">Konsumi i astarit: 200-300 g\/m2.<\/span><\/p>\n<p><span style=\"color: #000000;\">Sip\u00ebrfaqet e l\u00ebmuara ose jo-p\u00ebrthith\u00ebse duhet t\u00eb mbushen me stimulantin e ngjitjes SUPERGRUND. Aplikimi i produktit b\u00ebhet pasi mbushja t\u00eb jet\u00eb thar\u00eb plot\u00ebsisht (af\u00ebrsisht pas 1-2 or\u00ebsh).<\/span><br \/>\n<span style=\"color: #000000;\">Konsumi i mbush\u00ebsit: 100-200 g\/m2.<\/span><\/p>\n<p><strong><span style=\"color: #000000;\">P\u00ebrdorimi<\/span><\/strong><br \/>\n<span style=\"color: #000000;\">FLOWCRET 1-10 EXPRESS hidhet gradualisht n\u00eb uj\u00eb duke u trazuar vazhdimisht, derisa t\u00eb krijohet nj\u00eb mas\u00eb e l\u00ebngshme homogjene pa kokrriza. P\u00ebrzierja lihet p\u00ebr 2-3 minuta t\u00eb stabilizohet dhe pastaj trazohet p\u00ebrs\u00ebri p\u00ebr 1 minut\u00eb. P\u00ebr p\u00ebrzierjen rekomandohet nj\u00eb mikser elektrik me xhiro t\u00eb ul\u00ebta (rreth 300 rrot\/min). Llaci derdhet mbi sip\u00ebrfaqen e lyer me astar n\u00eb nj\u00eb shtres\u00eb dhe pastaj p\u00ebrhapet n\u00eb trash\u00ebsin\u00eb e d\u00ebshiruar me an\u00eb t\u00eb nj\u00eb mall\u00eb t\u00eb dh\u00ebmb\u00ebzuar (kreh\u00ebr), shpatulle etj. Materiali k\u00ebrkon nivelin e vet dhe p\u00ebrpara se ai t\u00eb z\u00ebr\u00eb vend ngjishet me nj\u00eb rul t\u00eb p\u00ebrshtatsh\u00ebm t\u00eb dh\u00ebmb\u00ebzuar p\u00ebr t\u00eb nxjerr\u00eb t\u00eb gjith\u00eb ajrin e mbetur brenda mas\u00ebs. Pas p\u00ebrfundimit t\u00eb aplikimit t\u00eb tij dhe pasi t\u00eb ket\u00eb kaluar koha e nevojshme e tharjes, FLOWCRET 1-10 EXPRESS duhet t\u00eb mbulohet ose t\u00eb mbrohet n\u00eb m\u00ebnyr\u00eb t\u00eb p\u00ebrshtatshme me an\u00eb t\u00eb nj\u00eb shtrese t\u00eb sip\u00ebrme dyshemeje (pllaka, dysheme plastike, mbules\u00eb prej rr\u00ebshire, lust\u00ebr prej llaku, etj). P\u00ebr trash\u00ebsi m\u00eb t\u00eb madhe t\u00eb shtres\u00ebs deri n\u00eb 30 mm, \u00ebsht\u00eb e rekomanduar p\u00ebr t\u00eb p\u00ebrdorur FLOWCRET 3-30 EXPRESS.<\/span>[\/vc_column_text][vc_row_inner][vc_column_inner width=&#8221;1\/2&#8243;]<div class=\"standard-arrow bullet-top\"><ul>\n<li><span style=\"color: #000000;\">Gjat\u00eb aplikimit t\u00eb mpiksjes fillestare\/ngurt\u00ebsimit t\u00eb FLOWCRET 1-10 EXPRESS sip\u00ebrfaqja duhet mbrojtur nga humbja e shpejt\u00eb e ujit si rezultat i temperatur\u00ebs t\u00eb lart\u00eb, rrezeve UV ose er\u00ebs.<\/span><\/li>\n<li><span style=\"color: #000000;\">Nyjet e zgjerimit duhet t\u00eb vendosen cdo 25 m@, n\u00eb nj\u00eb rrjet prej maksimumi 5&#215;5 m.<\/span><\/li>\n<li><span style=\"color: #000000;\">Nuk duhet t\u00eb hidhet cimento, allci, g\u00eblqere ose materiale t\u00eb tjer\u00eb lidh\u00ebs n\u00eb p\u00ebrzierjen e FLOWCRET 1-10 EXPRESS.<\/span><\/li>\n<li><span style=\"color: #000000;\">Para vendosjes s\u00eb pllakave t\u00eb parketit ose vinylit, \u00ebsht\u00eb e nevojshme t\u00eb masni p\u00ebrmbajtjen e lag\u00ebshtis\u00eb me nj\u00eb mat\u00ebs lag\u00ebshtie.<\/span><\/li>\n<li><span style=\"color: #000000;\">Temperatura gjat\u00eb aplikimit duhet t\u00eb jet\u00eb t\u00eb pakt\u00ebn +5 oC.<\/span><\/li>\n<\/ul>\n<\/div>[\/vc_column_inner][vc_column_inner width=&#8221;1\/2&#8243;]<div class=\"standard-arrow bullet-top\"><ul>\n<li><span style=\"color: #000000;\">P\u00ebzierja q\u00eb ka filluar t\u00eb forcohet nuk duhet t\u00eb rip\u00ebrdoret ose t\u00eb rizbutet me uj\u00eb.<\/span><\/li>\n<li><span style=\"color: #000000;\">N\u00eb mot t\u00eb nxeht\u00eb FLOWCRET 1-10 EXPRESS duhet lagur me uj\u00eb pas aplikimit, p\u00ebr ta mbrojtur nga humbja e ujit.<\/span><\/li>\n<li><span style=\"color: #000000;\">FLOWCRET 1-10 EXPRESS p\u00ebrmban cimento dhe reagon si alkalin me ujin, k\u00ebshtu q\u00eb klasifikohet si irritues.<\/span><\/li>\n<li><span style=\"color: #000000;\">Shikoni rreziqet e p\u00ebrdorimit dhe k\u00ebshillat p\u00ebr sigurin\u00eb q\u00eb jan\u00eb t\u00eb shkruara mbi thes.<\/span><\/li>\n<\/ul>\n<\/div>[\/vc_column_inner][\/vc_row_inner][vc_row_inner css=&#8221;.vc_custom_1683100048912{padding-top: 20px !important;}&#8221;][vc_column_inner width=&#8221;1\/2&#8243;]<div class=\"aio-icon-component    style_1\"><div id=\"Info-box-wrap-2703\" class=\"aio-icon-box default-icon\" style=\"\"  ><div class=\"aio-icon-default\"><div class=\"ult-just-icon-wrapper  \"><div class=\"align-icon\" style=\"text-align:center;\">\n<div class=\"aio-icon-img \" style=\"font-size:65px;display:inline-block;\" >\n\t<img decoding=\"async\" class=\"img-icon\" alt=\"null\" src=\"https:\/\/aedcolor.com\/wp-content\/uploads\/2023\/05\/image-2.png\"\/>\n<\/div><\/div><\/div><\/div><div class=\"aio-icon-header\" ><h3 class=\"aio-icon-title ult-responsive\"  data-ultimate-target='#Info-box-wrap-2703 .aio-icon-title'  data-responsive-json-new='{\"font-size\":\"\",\"line-height\":\"\"}'  style=\"\">Sip\u00ebrfaqe: Beton<\/h3><\/div> <!-- header --><\/div> <!-- aio-icon-box --><\/div> <!-- aio-icon-component -->[\/vc_column_inner][vc_column_inner width=&#8221;1\/2&#8243;]<div class=\"aio-icon-component    style_1\"><div id=\"Info-box-wrap-5257\" class=\"aio-icon-box default-icon\" style=\"\"  ><div class=\"aio-icon-default\"><div class=\"ult-just-icon-wrapper  \"><div class=\"align-icon\" style=\"text-align:center;\">\n<div class=\"aio-icon-img \" style=\"font-size:65px;display:inline-block;\" >\n\t<img decoding=\"async\" class=\"img-icon\" alt=\"null\" src=\"https:\/\/aedcolor.com\/wp-content\/uploads\/2023\/05\/image-1.png\"\/>\n<\/div><\/div><\/div><\/div><div class=\"aio-icon-header\" ><h3 class=\"aio-icon-title ult-responsive\"  data-ultimate-target='#Info-box-wrap-5257 .aio-icon-title'  data-responsive-json-new='{\"font-size\":\"\",\"line-height\":\"\"}'  style=\"\">Aplikimi: Mistri<\/h3><\/div> <!-- header --><\/div> <!-- aio-icon-box --><\/div> <!-- aio-icon-component -->[\/vc_column_inner][\/vc_row_inner][\/vc_column][\/vc_row]<\/p>\n<\/div>","protected":false},"excerpt":{"rendered":"<p>[vc_row css=&#8221;.vc_custom_1683099634441{padding-bottom: 30px !important;}&#8221;][vc_column width=&#8221;2\/3&#8243;][vc_custom_heading text=&#8221;FLOWCRET 1-10 EXPRESS&#8221; font_container=&#8221;tag:h2|font_size:50|text_align:left&#8221; use_theme_fonts=&#8221;yes&#8221; link=&#8221;|title:AQUAMAT%20-%20SUPERELASTIC||&#8221;][\/vc_column][\/vc_row][vc_row][vc_column width=&#8221;1\/2&#8243;][vc_single_image image=&#8221;8477&#8243; img_size=&#8221;full&#8221;][\/vc_column][vc_column width=&#8221;1\/2&#8243;][vc_column_text]Llac cimentoje vet\u00ebnivelues me mpiksje t\u00eb shpejt\u00eb p\u00ebr nivelimin e n\u00ebnshtresave t\u00eb dyshemes\u00eb, i pasuruar me p\u00ebrb\u00ebr\u00ebs polimer (rr\u00ebshira). Ai ka rezistenc\u00eb t\u00eb lart\u00eb mekanike, ngjitje t\u00eb jasht\u00ebzakonshme me n\u00ebnshtres\u00ebn, punueshm\u00ebri t\u00eb shk\u00eblqyer, mpiksje t\u00eb shpejt\u00eb dhe tkurrje m\u00eb t\u00eb vog\u00ebl.&hellip;<\/p>\n","protected":false},"author":2,"featured_media":0,"parent":0,"menu_order":0,"comment_status":"closed","ping_status":"closed","template":"","meta":{"footnotes":""},"class_list":["post-9824","page","type-page","status-publish","hentry","description-off"],"_links":{"self":[{"href":"https:\/\/aedcolor.com\/index.php\/wp-json\/wp\/v2\/pages\/9824","targetHints":{"allow":["GET"]}}],"collection":[{"href":"https:\/\/aedcolor.com\/index.php\/wp-json\/wp\/v2\/pages"}],"about":[{"href":"https:\/\/aedcolor.com\/index.php\/wp-json\/wp\/v2\/types\/page"}],"author":[{"embeddable":true,"href":"https:\/\/aedcolor.com\/index.php\/wp-json\/wp\/v2\/users\/2"}],"replies":[{"embeddable":true,"href":"https:\/\/aedcolor.com\/index.php\/wp-json\/wp\/v2\/comments?post=9824"}],"version-history":[{"count":1,"href":"https:\/\/aedcolor.com\/index.php\/wp-json\/wp\/v2\/pages\/9824\/revisions"}],"predecessor-version":[{"id":9826,"href":"https:\/\/aedcolor.com\/index.php\/wp-json\/wp\/v2\/pages\/9824\/revisions\/9826"}],"wp:attachment":[{"href":"https:\/\/aedcolor.com\/index.php\/wp-json\/wp\/v2\/media?parent=9824"}],"curies":[{"name":"wp","href":"https:\/\/api.w.org\/{rel}","templated":true}]}}