{"id":9827,"date":"2023-11-27T10:17:21","date_gmt":"2023-11-27T10:17:21","guid":{"rendered":"https:\/\/aedcolor.com\/?page_id=9827"},"modified":"2023-11-27T10:17:21","modified_gmt":"2023-11-27T10:17:21","slug":"durofloor-puc-mf6","status":"publish","type":"page","link":"https:\/\/aedcolor.com\/index.php\/durofloor-puc-mf6\/","title":{"rendered":"DUROFLOOR-PUC MF6"},"content":{"rendered":"<div class=\"wpb-content-wrapper\"><p>[vc_row css=&#8221;.vc_custom_1683099634441{padding-bottom: 30px !important;}&#8221;][vc_column width=&#8221;2\/3&#8243;][vc_custom_heading text=&#8221;DUROFLOOR-PUC MF6&#8243; font_container=&#8221;tag:h2|font_size:50|text_align:left&#8221; use_theme_fonts=&#8221;yes&#8221; link=&#8221;|title:AQUAMAT%20-%20SUPERELASTIC||&#8221;][\/vc_column][\/vc_row][vc_row][vc_column width=&#8221;1\/2&#8243;][vc_single_image image=&#8221;8483&#8243; img_size=&#8221;full&#8221;][\/vc_column][vc_column width=&#8221;1\/2&#8243;][vc_column_text]<strong><span style=\"color: #000000;\">DUROFLOOR-PUC MF6 \u00ebsht\u00eb nj\u00eb sistem dyshemeje vet\u00ebniveluese, me ngjitje t\u00eb shpejt\u00eb, i bazuar n\u00eb cimento dhe rr\u00ebshir\u00eb poliuretani.\u00a0<\/span><\/strong><br \/>\n<strong><span style=\"color: #000000;\">Ajo ofron p\u00ebrpar\u00ebsit\u00eb e m\u00ebposhtme:<\/span><\/strong><\/p>\n<ul>\n<li><span style=\"color: #000000;\">Rezistenc\u00eb e lart\u00eb mekanike<\/span><\/li>\n<li><span style=\"color: #000000;\">Rezistenc\u00eb e shk\u00eblqyer kimike<\/span><\/li>\n<li><span style=\"color: #000000;\">Ngjitje e shk\u00eblqyer kimike<\/span><\/li>\n<li><span style=\"color: #000000;\">Ngjitje e shk\u00eblqyer me n\u00ebnshtres\u00ebn<\/span><\/li>\n<li><span style=\"color: #000000;\">Mund t\u00eb aplikohet n\u00eb beton 7-ditor<\/span><\/li>\n<li><span style=\"color: #000000;\">Aplikim i shpejt\u00eb<\/span><\/li>\n<li><span style=\"color: #000000;\">Punueshm\u00ebri shum\u00eb e mir\u00eb dhe veti vet\u00ebniveluese<\/span><\/li>\n<li><span style=\"color: #000000;\">Gama e gjer\u00eb e temperatur\u00ebs s\u00eb funksionimit<\/span><\/li>\n<li><span style=\"color: #000000;\">Pa er\u00eb dhe e leht\u00eb p\u00ebr tu pastruar<\/span><\/li>\n<\/ul>\n<p><span style=\"color: #000000;\">Certifikuar sipas EN 1504-2 dhe klasifikuar si veshje p\u00ebr mbrojtjen e sip\u00ebrfaqes s\u00eb vetonit. Shenja CE. Nr. Certifikate: 2032-CPR-10.11. Klasifikuar si material p\u00ebr veshjen e dyshemes\u00eb s\u00eb tipit SR-B2-AR0,5-IR10 sipas EN 13813.<\/span><\/p>\n<p><strong><span style=\"color: #000000;\">DUROFLOOR-PUC MF6 p\u00ebrdoret n\u00eb:<\/span><\/strong><\/p>\n<ul>\n<li><span style=\"color: #000000;\">Industrit\u00eb e ushqimit dhe pijeve<\/span><\/li>\n<li><span style=\"color: #000000;\">Industrit\u00eb farmaceutike<\/span><\/li>\n<li><span style=\"color: #000000;\">Kuzhina profesionale<\/span><\/li>\n<li><span style=\"color: #000000;\">Frigorifer\u00eb profesionist\u00eb<\/span><\/li>\n<li><span style=\"color: #000000;\">Dyshemet\u00eb me trafik t\u00eb r\u00ebnd\u00eb q\u00eb i n\u00ebnshtrohen goditjeve<\/span><\/li>\n<li><span style=\"color: #000000;\">Zonat e ekspozuara ndaj substancave kimike agresive<\/span><\/li>\n<li><span style=\"color: #000000;\">Spitale dhe laborator\u00ebt<\/span><\/li>\n<li><span style=\"color: #000000;\">Vend parkimi etj.<\/span><\/li>\n<\/ul>\n<p><strong><span style=\"color: #000000;\">Rezistenca ndaj stresit kimik<\/span><\/strong><br \/>\n<span style=\"color: #000000;\">DUROFLOOR-PUC MF6 \u00ebsht\u00eb rezistent ndaj nj\u00eb numri t\u00eb madh stresesh kimike, si p.sh.<\/span><\/p>\n<ul>\n<li><span style=\"color: #000000;\">Acidet organike, t\u00eb p\u00ebrdorura zakonisht n\u00eb industrin\u00eb ushqimore: acid acetik, acid laktik, acid oleik, acid citirk etj.<\/span><\/li>\n<li><span style=\"color: #000000;\">Acidet e tjera t\u00eb fuqishme, si acidi klorhidrik, acidi sulfurik etj.<\/span><\/li>\n<li><span style=\"color: #000000;\">Shum\u00ebllojshm\u00ebri t\u00eb alkaleve, vajrave minerale dhe produkteve t\u00eb naft\u00ebs.<\/span><\/li>\n<li><span style=\"color: #000000;\">Tret\u00ebs organik\u00eb, si ksiloli, etanoli, eteri etj.<\/span><\/li>\n<\/ul>\n<p><strong><span style=\"color: #000000;\">(Rezistenca kimike)<\/span><\/strong><br \/>\n<span style=\"color: #000000;\">N\u00eb disa raste t\u00eb stresit kimik, \u00ebsht\u00eb e mundur t\u00eb shihen njolla ose njolla n\u00eb sip\u00ebrfaqen p\u00ebrfundimtare t\u00eb DUROFLOOR-PUC MF6, n\u00eb var\u00ebsi t\u00eb konsistenc\u00ebs s\u00eb kimikateve, llojit t\u00eb stresit dhe past\u00ebrtis\u00eb s\u00eb dyshemes\u00eb.\u00a0<\/span><\/p>\n<p><strong><span style=\"color: #000000;\">N\u00ebnshtresa<\/span><\/strong><br \/>\n<span style=\"color: #000000;\">Sip\u00ebrfaqja q\u00eb do t\u00eb p\u00ebrpunohet duhet t\u00eb jet\u00eb:<\/span><\/p>\n<ul>\n<li><span style=\"color: #000000;\">E that\u00eb dhe e ngurt\u00eb<\/span><\/li>\n<li><span style=\"color: #000000;\">Pa materiale q\u00eb mund t\u00eb d\u00ebmtojn\u00eb ngjitjen, si pluhuri, grimcat e lirshme, yndyrnat, etj.<\/span><\/li>\n<li><span style=\"color: #000000;\">I mbrojtur nga lag\u00ebshtia n\u00ebn sip\u00ebrfaqe.<\/span><\/li>\n<\/ul>\n<p><strong><span style=\"color: #000000;\">Astarimi i sip\u00ebrfaqes<\/span><\/strong><br \/>\n<span style=\"color: #000000;\">Sip\u00ebrfaqja lyhet me astar duke p\u00ebrdorur astarin epoksid me baz\u00eb uji EPOXYPRIMER 500. Mbi shtres\u00ebn ende t\u00eb fresk\u00ebt shtrihet r\u00ebr\u00eb kuarci. Konsumi i r\u00ebr\u00ebs kuarci: p\u00ebraf\u00ebrsisht. 3kg\/m2.<\/span><\/p>\n<p><span style=\"color: #000000;\">Pasi EPOXYPRIMER 500 t\u00eb jet\u00eb ngurt\u00ebsuar, cdo kokrriz\u00eb e lirshme duhet t\u00eb hiqet me nj\u00eb fshes\u00eb me korrent me thithje t\u00eb lart\u00eb. Cdo pap\u00ebrsosm\u00ebri ekzistuese (carje, vrima) n\u00eb n\u00ebnshtres\u00eb duhet t\u00eb mbushet duke p\u00ebrdorur llacin epoksid EPOMAX STUCCO ose past\u00ebn epoksi EPOMAXEK, DUROFLOOR-PUC MF6 duhet t\u00eb aplikohet kur t\u00eb jet\u00eb thar\u00eb plot\u00ebsisht, brenda 24-48 or\u00ebve nga aplikimi i tij, n\u00eb var\u00ebsi t\u00eb kushteve n\u00eb kantier. P\u00ebrndryshe, DUROFLOOR-PUC MF6 mund t\u00eb aplikohet p\u00ebr astarim si nj\u00eb shtres\u00eb g\u00ebrvisht\u00ebse n\u00eb trash\u00ebsi 1 mm. Pas 24 or\u00ebsh, DUROFLOOR PUC aplikohet n\u00eb shtres\u00ebn e g\u00ebrvishtur t\u00eb kruar.<\/span><\/p>\n<p><strong><span style=\"color: #000000;\">N\u00ebnshtresa e lagur<\/span><\/strong><br \/>\n<span style=\"color: #000000;\">N\u00ebse produkti synohet t\u00eb aplikohet n\u00eb nj\u00eb dysheme t\u00eb lag\u00ebsht (niveli lag\u00ebshtis\u00eb m\u00eb i lart\u00eb se 4 %) ose n\u00eb dysheme t\u00eb re betoni (7-28 dit\u00eb), sip\u00ebrfaqja duhet t\u00eb pastrohet duke p\u00ebrdorur astarin poliuretani me dy p\u00ebrb\u00ebr\u00ebs PRIMER PU 140. N\u00eb shtres\u00ebn ende t\u00eb fresk\u00ebt p\u00ebrhapet r\u00ebr\u00eb kuarci.\u00a0<\/span><br \/>\n<span style=\"color: #000000;\">Konsumi i r\u00ebr\u00ebs kuarci: p\u00ebraf\u00ebrsisht 3 kg\/m2.<\/span><br \/>\n<span style=\"color: #000000;\">Pasi PRIMER-PU 140 t\u00eb jet\u00eb ngurt\u00ebsuar, cdo kokrriz\u00eb e lirshme duhet t\u00eb hiqet me nj\u00eb fshes\u00eb me thithje t\u00eb lart\u00eb.<\/span><\/p>\n<p><strong><span style=\"color: #000000;\">Aplikimi<\/span><\/strong><br \/>\n<span style=\"color: #000000;\">DUROFLOOR-PUC MF6 aplikohet menj\u00ebher\u00eb pas p\u00ebrzierjes s\u00eb p\u00ebrb\u00ebr\u00ebsve, duke p\u00ebrdorur nj\u00eb mistri me dh\u00ebmb\u00ebza. SHtresa vet\u00ebniveluese duhet t\u00eb rrotullohet duke p\u00ebrdorur nj\u00eb rul t\u00eb vecant\u00eb me thumba, p\u00ebr t\u00eb ndihmuar n\u00eb daljen e ajrit t\u00eb bllokuar. N\u00eb k\u00ebt\u00eb m\u00ebnyr\u00eb arrihet nj\u00eb shtres\u00eb pa flluska me trash\u00ebsi uniforme. Aplikimi i DUROFLOOR-PUC MF6 n\u00eb sip\u00ebrfaqet eekspozuara ndaj rrezatimit t\u00eb diellit nuk ndikon n\u00eb streset mekanike dhe kimiket\u00eb materialit, por mund t\u00eb sjell\u00eb ndryshime n\u00eb ngjyr\u00ebn p\u00ebrfundimtare (hijet e ngjyrave t\u00eb lehta mund t\u00eb behen t\u00eb verdha).<\/span>[\/vc_column_text][vc_row_inner][vc_column_inner width=&#8221;1\/2&#8243;]<div class=\"standard-arrow bullet-top\"><ul>\n<li><span style=\"color: #000000;\"><span style=\"color: #000000;\">Koha e p\u00ebrpunimit t\u00eb DUROFLOOR-PUC MF 6 ndikohet ndjesh\u00ebm nga temperatura e ambientit. Temperatura ideale e aplikimit \u00ebsht\u00eb midis\u00a0 +15 oC dhe +20 oC, n\u00eb m\u00ebnyr\u00eb q\u00eb t\u00eb sigurohet punueshm\u00ebria dhe koha optimale e pjekjes. Temperatura e ul\u00ebt e dhom\u00ebs (&lt;+15 oC) do t\u00eb vonoj\u00eb koh\u00ebn e tharjes, nd\u00ebrsa n\u00eb temperatura m\u00eb t\u00eb larta (&gt;+20 oC), tharja b\u00ebhet shum\u00eb m\u00eb shpejt\u00eb. Rekomandohet q\u00eb materialet t\u00eb ngrohen pak gjat\u00eb dimrit dhe t\u00eb ruhen n\u00eb nj\u00eb dhom\u00eb t\u00eb fresk\u00ebt p\u00ebrpara p\u00ebrdorimit gjat\u00eb ver\u00ebs. Vecan\u00ebrisht p\u00ebr komponentin A (izocianat), ekspozimi ndaj temperaturave n\u00ebn 5oC gjat\u00eb transportit ose ruajtjes mund t\u00eb shkaktoj\u00eb rritje t\u00eb viskozitetit apo edhe kristalizim (n\u00eb rast t\u00eb temperaturave jasht\u00ebzakonisht t\u00eb ul\u00ebta), n\u00eb var\u00ebsi t\u00eb koh\u00ebs s\u00eb ekspozimit dhe temperatur\u00ebs minimale n\u00eb t\u00eb cil\u00ebn materiali u ekspozua. Procesi \u00ebsht\u00eb i kthyesh\u00ebm (duke e ruajtur materialin n\u00eb temperatur\u00ebn e dhom\u00ebs dhe duke pritur q\u00eb viskoziteti t\u00eb kthehet n\u00eb normale p\u00ebrpara aplikimit) dhe nuk ndikon n\u00eb vetit\u00eb dhe performanc\u00ebn e materialit.<\/span><\/span><\/li>\n<li><span style=\"color: #000000;\">DUROFLOOR-PUC MF6 nuk aplikohet n\u00eb sip\u00ebrfaqe metalike, sip\u00ebrfaqe pllakash, n\u00ebnshtresa druri ose asfalti dhe betoni t\u00eb leht\u00eb.<\/span><\/li>\n<li><span style=\"color: #000000;\">Pas ngurt\u00ebsimit, DUROFLOOR-PUC MF6 \u00ebsht\u00eb krejt\u00ebsisht i pad\u00ebmsh\u00ebm.<\/span><\/li>\n<li><span style=\"color: #000000;\">DUROFLLOR-PUC MF6 \u00ebsht\u00eb menduar vet\u00ebm p\u00ebr p\u00ebrdorim profesional.<\/span><\/li>\n<\/ul>\n<\/div>[\/vc_column_inner][vc_column_inner width=&#8221;1\/2&#8243;]<div class=\"standard-arrow bullet-top\"><ul>\n<li><span style=\"color: #000000;\"><span style=\"color: #000000;\">P\u00ebrpara aplikimit t\u00eb materialit n\u00eb n\u00ebnshtresa cimento, duhet t\u00eb vendosen fuga tkurrje-zgjeruese n\u00eb cdo 25 m@ dhe t\u00eb mbushen me materiale elastike t\u00eb p\u00ebrshtatshme pas p\u00ebrfundimit t\u00eb aplikimit.<\/span><\/span><\/li>\n<li><span style=\"color: #000000;\">Pas aplikimit, sip\u00ebrfaqja e fresk\u00ebt e DUROFLOOR-PUC MF6 duhet t\u00eb mbrohet p\u00ebr rreth 4-6 or\u00eb (n\u00eb var\u00ebsi t\u00eb kushteve t\u00eb motit) nga lag\u00ebshtia, pasi mund t\u00eb ndikoj\u00eb negativisht n\u00eb p\u00ebrfundimin p\u00ebrfundimtar t\u00eb materialit dhe t\u00eb prish\u00eb forcimin.<\/span><\/li>\n<li><span style=\"color: #000000;\">Mos e p\u00ebrzieni DUROFLOOR-PUC MF6 me materiale t\u00eb tjera lidh\u00ebse (p.sh. cimento, gips, g\u00eblqere) ose aditiv\u00eb t\u00eb tjer\u00eb, si tret\u00ebs.<\/span><\/li>\n<li><span style=\"color: #000000;\">Mos p\u00ebrdorni p\u00ebrzierjen q\u00eb tashm\u00eb ka filluar t\u00eb ngurt\u00ebsohet n\u00eb rezervuarin e p\u00ebrzierjes.<\/span><\/li>\n<\/ul>\n<\/div>[\/vc_column_inner][\/vc_row_inner][vc_row_inner css=&#8221;.vc_custom_1683100048912{padding-top: 20px !important;}&#8221;][vc_column_inner width=&#8221;1\/2&#8243;]<div class=\"aio-icon-component    style_1\"><div id=\"Info-box-wrap-6863\" class=\"aio-icon-box default-icon\" style=\"\"  ><div class=\"aio-icon-default\"><div class=\"ult-just-icon-wrapper  \"><div class=\"align-icon\" style=\"text-align:center;\">\n<div class=\"aio-icon-img \" style=\"font-size:65px;display:inline-block;\" >\n\t<img decoding=\"async\" class=\"img-icon\" alt=\"null\" src=\"https:\/\/aedcolor.com\/wp-content\/uploads\/2023\/05\/image-2.png\"\/>\n<\/div><\/div><\/div><\/div><div class=\"aio-icon-header\" ><h3 class=\"aio-icon-title ult-responsive\"  data-ultimate-target='#Info-box-wrap-6863 .aio-icon-title'  data-responsive-json-new='{\"font-size\":\"\",\"line-height\":\"\"}'  style=\"\">Sip\u00ebrfaqe: Beton<\/h3><\/div> <!-- header --><\/div> <!-- aio-icon-box --><\/div> <!-- aio-icon-component -->[\/vc_column_inner][vc_column_inner width=&#8221;1\/2&#8243;]<div class=\"aio-icon-component    style_1\"><div id=\"Info-box-wrap-9186\" class=\"aio-icon-box default-icon\" style=\"\"  ><div class=\"aio-icon-default\"><div class=\"ult-just-icon-wrapper  \"><div class=\"align-icon\" style=\"text-align:center;\">\n<div class=\"aio-icon-img \" style=\"font-size:65px;display:inline-block;\" >\n\t<img decoding=\"async\" class=\"img-icon\" alt=\"null\" src=\"https:\/\/aedcolor.com\/wp-content\/uploads\/2023\/05\/image-1.png\"\/>\n<\/div><\/div><\/div><\/div><div class=\"aio-icon-header\" ><h3 class=\"aio-icon-title ult-responsive\"  data-ultimate-target='#Info-box-wrap-9186 .aio-icon-title'  data-responsive-json-new='{\"font-size\":\"\",\"line-height\":\"\"}'  style=\"\">Aplikimi: Mistri<\/h3><\/div> <!-- header --><\/div> <!-- aio-icon-box --><\/div> <!-- aio-icon-component -->[\/vc_column_inner][\/vc_row_inner][\/vc_column][\/vc_row]<\/p>\n<\/div>","protected":false},"excerpt":{"rendered":"<p>[vc_row css=&#8221;.vc_custom_1683099634441{padding-bottom: 30px !important;}&#8221;][vc_column width=&#8221;2\/3&#8243;][vc_custom_heading text=&#8221;DUROFLOOR-PUC MF6&#8243; font_container=&#8221;tag:h2|font_size:50|text_align:left&#8221; use_theme_fonts=&#8221;yes&#8221; link=&#8221;|title:AQUAMAT%20-%20SUPERELASTIC||&#8221;][\/vc_column][\/vc_row][vc_row][vc_column width=&#8221;1\/2&#8243;][vc_single_image image=&#8221;8483&#8243; img_size=&#8221;full&#8221;][\/vc_column][vc_column width=&#8221;1\/2&#8243;][vc_column_text]DUROFLOOR-PUC MF6 \u00ebsht\u00eb nj\u00eb sistem dyshemeje vet\u00ebniveluese, me ngjitje t\u00eb shpejt\u00eb, i bazuar n\u00eb cimento dhe rr\u00ebshir\u00eb poliuretani.\u00a0 Ajo ofron p\u00ebrpar\u00ebsit\u00eb e m\u00ebposhtme: Rezistenc\u00eb e lart\u00eb mekanike Rezistenc\u00eb e shk\u00eblqyer kimike Ngjitje e shk\u00eblqyer kimike Ngjitje e shk\u00eblqyer me n\u00ebnshtres\u00ebn Mund t\u00eb&hellip;<\/p>\n","protected":false},"author":2,"featured_media":0,"parent":0,"menu_order":0,"comment_status":"closed","ping_status":"closed","template":"","meta":{"footnotes":""},"class_list":["post-9827","page","type-page","status-publish","hentry","description-off"],"_links":{"self":[{"href":"https:\/\/aedcolor.com\/index.php\/wp-json\/wp\/v2\/pages\/9827","targetHints":{"allow":["GET"]}}],"collection":[{"href":"https:\/\/aedcolor.com\/index.php\/wp-json\/wp\/v2\/pages"}],"about":[{"href":"https:\/\/aedcolor.com\/index.php\/wp-json\/wp\/v2\/types\/page"}],"author":[{"embeddable":true,"href":"https:\/\/aedcolor.com\/index.php\/wp-json\/wp\/v2\/users\/2"}],"replies":[{"embeddable":true,"href":"https:\/\/aedcolor.com\/index.php\/wp-json\/wp\/v2\/comments?post=9827"}],"version-history":[{"count":1,"href":"https:\/\/aedcolor.com\/index.php\/wp-json\/wp\/v2\/pages\/9827\/revisions"}],"predecessor-version":[{"id":9829,"href":"https:\/\/aedcolor.com\/index.php\/wp-json\/wp\/v2\/pages\/9827\/revisions\/9829"}],"wp:attachment":[{"href":"https:\/\/aedcolor.com\/index.php\/wp-json\/wp\/v2\/media?parent=9827"}],"curies":[{"name":"wp","href":"https:\/\/api.w.org\/{rel}","templated":true}]}}