{"id":9847,"date":"2023-12-02T11:52:35","date_gmt":"2023-12-02T11:52:35","guid":{"rendered":"https:\/\/aedcolor.com\/?page_id=9847"},"modified":"2023-12-02T11:52:35","modified_gmt":"2023-12-02T11:52:35","slug":"isomat-bi-120-pu","status":"publish","type":"page","link":"https:\/\/aedcolor.com\/index.php\/isomat-bi-120-pu\/","title":{"rendered":"ISOMAT BI-120 PU"},"content":{"rendered":"<div class=\"wpb-content-wrapper\"><p>[vc_row css=&#8221;.vc_custom_1683099634441{padding-bottom: 30px !important;}&#8221;][vc_column width=&#8221;2\/3&#8243;][vc_custom_heading text=&#8221;ISOMAT BI-120 PU&#8221; font_container=&#8221;tag:h2|font_size:50|text_align:left&#8221; use_theme_fonts=&#8221;yes&#8221; link=&#8221;|title:AQUAMAT%20-%20SUPERELASTIC||&#8221;][\/vc_column][\/vc_row][vc_row][vc_column width=&#8221;1\/2&#8243;][vc_single_image image=&#8221;8507&#8243; img_size=&#8221;full&#8221;][\/vc_column][vc_column width=&#8221;1\/2&#8243;][vc_column_text]<span style=\"color: #000000;\"><strong>Veshje transparente poliuretani me nj\u00eb p\u00ebrb\u00ebr\u00ebs me aft\u00ebsi t\u00eb lart\u00eb dep\u00ebrtimi.<\/strong> Kur aplikohet n\u00eb dysheme betoni ose n\u00eb llace cimentoje, e izolon sip\u00ebrfaqen e tyre dhe e mbron nga pluhuri. ISOMAT BI-120 PU mund t\u00eb p\u00ebrdoret dhe si fort\u00ebsues p\u00ebr dysheme dhe sip\u00ebrfaqe t\u00eb th\u00ebrmuara p\u00ebr t\u00eb rritur fort\u00ebsin\u00eb dhe rezistenc\u00ebn ndaj konsumit. Gjithashtu eliminon dep\u00ebrtueshm\u00ebrin\u00eb e dyshemes\u00eb dhe e b\u00ebn pastrimin m\u00eb t\u00eb leht\u00eb. \u00cbsht\u00eb certifikuar me shenj\u00ebn CE si veshje p\u00ebr mbrojtjen e sip\u00ebrfaqeve t\u00eb betonit, sipas EN 1504-2.<\/span><br \/>\n<span style=\"color: #000000;\">ISOMAT BI-120PU p\u00ebrdoret n\u00eb dysheme betoni ose llace cimentoje n\u00eb ambiente si bodrume, depo, vende parkimi me trafiks t\u00eb leht\u00eb, etj. Gjithashtu, mund t\u00eb p\u00ebrdoret si veshje mbrojt\u00ebse p\u00ebr sip\u00ebrfaqet metalike. P\u00ebrshtatet p\u00ebr p\u00ebrdorim t\u00eb brendsh\u00ebm.<\/span><\/p>\n<p><strong><span style=\"color: #000000;\">N\u00ebnshtresa<\/span><\/strong><br \/>\n<span style=\"color: #000000;\">Sip\u00ebrfaqja duhet t\u00eb jet\u00eb e that\u00eb dhe pa pluhur, graso, pisll\u00ebk etj. P\u00ebr ngopje m\u00eb t\u00eb mir\u00eb t\u00eb ISOMAT BI-120 PU, sip\u00ebrfaqja duhet t\u00eb p\u00ebrgatitet me bluajtje dhe pastrim t\u00eb pluhurit.<\/span><\/p>\n<p><strong><span style=\"color: #000000;\">P\u00ebrdorimi<\/span><\/strong><br \/>\n<span style=\"color: #000000;\">ISOMAT BI-120 PU shtrohen n\u00eb n\u00ebnshtresa me furc\u00eb, ryl ose me sp\u00ebrkatje, derisa t\u00eb arrihet ngopja e plot\u00eb. P\u00ebr n\u00ebnshtresa shume\u00eb thith\u00ebse zakonisht nevojitet t\u00eb shtrohet nj\u00eb shtres\u00eb e dyte mbasi \u00ebsht\u00eb thar\u00eb e para.<\/span>[\/vc_column_text][vc_row_inner][vc_column_inner width=&#8221;1\/2&#8243;]<div class=\"standard-arrow bullet-top\"><ul>\n<li><span style=\"color: #000000;\"><span style=\"color: #000000;\">Gjat\u00eb p\u00ebrdorimit temperatura e ambientit dhe temperatura e n\u00ebnshtres\u00ebs duhet t\u00eb jet\u00eb nd\u00ebrmjet +8 oC dhe +30 oC.<\/span><\/span><\/li>\n<li><span style=\"color: #000000;\">ISOMAT BI-120 PU nuk p\u00ebrshtatet p\u00ebr kontakt me ujin e trajtuar kimikisht n\u00eb pishinat.<\/span><\/li>\n<\/ul>\n<\/div>[\/vc_column_inner][vc_column_inner width=&#8221;1\/2&#8243;]<div class=\"standard-arrow bullet-top\"><ul>\n<li><span style=\"color: #000000;\"><span style=\"color: #000000;\">ISOMAT BI-120 PU \u00ebsht\u00eb synuar vet\u00ebm p\u00ebr p\u00ebrdorim profesional.<\/span><\/span><\/li>\n<\/ul>\n<\/div>[\/vc_column_inner][\/vc_row_inner][vc_row_inner css=&#8221;.vc_custom_1683100048912{padding-top: 20px !important;}&#8221;][vc_column_inner width=&#8221;1\/2&#8243;]<div class=\"aio-icon-component    style_1\"><div id=\"Info-box-wrap-7623\" class=\"aio-icon-box default-icon\" style=\"\"  ><div class=\"aio-icon-default\"><div class=\"ult-just-icon-wrapper  \"><div class=\"align-icon\" style=\"text-align:center;\">\n<div class=\"aio-icon-img \" style=\"font-size:65px;display:inline-block;\" >\n\t<img decoding=\"async\" class=\"img-icon\" alt=\"null\" src=\"https:\/\/aedcolor.com\/wp-content\/uploads\/2023\/05\/image-2.png\"\/>\n<\/div><\/div><\/div><\/div><div class=\"aio-icon-header\" ><h3 class=\"aio-icon-title ult-responsive\"  data-ultimate-target='#Info-box-wrap-7623 .aio-icon-title'  data-responsive-json-new='{\"font-size\":\"\",\"line-height\":\"\"}'  style=\"\">Sip\u00ebrfaqe: Beton<\/h3><\/div> <!-- header --><\/div> <!-- aio-icon-box --><\/div> <!-- aio-icon-component -->[\/vc_column_inner][vc_column_inner width=&#8221;1\/2&#8243;]<div class=\"aio-icon-component    style_1\"><div id=\"Info-box-wrap-4425\" class=\"aio-icon-box default-icon\" style=\"\"  ><div class=\"aio-icon-default\"><div class=\"ult-just-icon-wrapper  \"><div class=\"align-icon\" style=\"text-align:center;\">\n<div class=\"aio-icon-img \" style=\"font-size:65px;display:inline-block;\" >\n\t<img decoding=\"async\" class=\"img-icon\" alt=\"null\" src=\"https:\/\/aedcolor.com\/wp-content\/uploads\/2023\/05\/image-1.png\"\/>\n<\/div><\/div><\/div><\/div><div class=\"aio-icon-header\" ><h3 class=\"aio-icon-title ult-responsive\"  data-ultimate-target='#Info-box-wrap-4425 .aio-icon-title'  data-responsive-json-new='{\"font-size\":\"\",\"line-height\":\"\"}'  style=\"\">Aplikimi: Mistri<\/h3><\/div> <!-- header --><\/div> <!-- aio-icon-box --><\/div> <!-- aio-icon-component -->[\/vc_column_inner][\/vc_row_inner][\/vc_column][\/vc_row]<\/p>\n<\/div>","protected":false},"excerpt":{"rendered":"<p>[vc_row css=&#8221;.vc_custom_1683099634441{padding-bottom: 30px !important;}&#8221;][vc_column width=&#8221;2\/3&#8243;][vc_custom_heading text=&#8221;ISOMAT BI-120 PU&#8221; font_container=&#8221;tag:h2|font_size:50|text_align:left&#8221; use_theme_fonts=&#8221;yes&#8221; link=&#8221;|title:AQUAMAT%20-%20SUPERELASTIC||&#8221;][\/vc_column][\/vc_row][vc_row][vc_column width=&#8221;1\/2&#8243;][vc_single_image image=&#8221;8507&#8243; img_size=&#8221;full&#8221;][\/vc_column][vc_column width=&#8221;1\/2&#8243;][vc_column_text]Veshje transparente poliuretani me nj\u00eb p\u00ebrb\u00ebr\u00ebs me aft\u00ebsi t\u00eb lart\u00eb dep\u00ebrtimi. Kur aplikohet n\u00eb dysheme betoni ose n\u00eb llace cimentoje, e izolon sip\u00ebrfaqen e tyre dhe e mbron nga pluhuri. ISOMAT BI-120 PU mund t\u00eb p\u00ebrdoret dhe si fort\u00ebsues p\u00ebr dysheme&hellip;<\/p>\n","protected":false},"author":2,"featured_media":0,"parent":0,"menu_order":0,"comment_status":"closed","ping_status":"closed","template":"","meta":{"footnotes":""},"class_list":["post-9847","page","type-page","status-publish","hentry","description-off"],"_links":{"self":[{"href":"https:\/\/aedcolor.com\/index.php\/wp-json\/wp\/v2\/pages\/9847","targetHints":{"allow":["GET"]}}],"collection":[{"href":"https:\/\/aedcolor.com\/index.php\/wp-json\/wp\/v2\/pages"}],"about":[{"href":"https:\/\/aedcolor.com\/index.php\/wp-json\/wp\/v2\/types\/page"}],"author":[{"embeddable":true,"href":"https:\/\/aedcolor.com\/index.php\/wp-json\/wp\/v2\/users\/2"}],"replies":[{"embeddable":true,"href":"https:\/\/aedcolor.com\/index.php\/wp-json\/wp\/v2\/comments?post=9847"}],"version-history":[{"count":1,"href":"https:\/\/aedcolor.com\/index.php\/wp-json\/wp\/v2\/pages\/9847\/revisions"}],"predecessor-version":[{"id":9849,"href":"https:\/\/aedcolor.com\/index.php\/wp-json\/wp\/v2\/pages\/9847\/revisions\/9849"}],"wp:attachment":[{"href":"https:\/\/aedcolor.com\/index.php\/wp-json\/wp\/v2\/media?parent=9847"}],"curies":[{"name":"wp","href":"https:\/\/api.w.org\/{rel}","templated":true}]}}