{"id":9850,"date":"2023-12-02T12:12:39","date_gmt":"2023-12-02T12:12:39","guid":{"rendered":"https:\/\/aedcolor.com\/?page_id=9850"},"modified":"2023-12-02T12:14:30","modified_gmt":"2023-12-02T12:14:30","slug":"isomat-bi-100-2","status":"publish","type":"page","link":"https:\/\/aedcolor.com\/index.php\/isomat-bi-100-2\/","title":{"rendered":"ISOMAT BI-100"},"content":{"rendered":"<div class=\"wpb-content-wrapper\"><p>[vc_row css=&#8221;.vc_custom_1683099634441{padding-bottom: 30px !important;}&#8221;][vc_column width=&#8221;2\/3&#8243;][vc_custom_heading text=&#8221;ISOMAT BI-100&#8243; font_container=&#8221;tag:h2|font_size:50|text_align:left&#8221; use_theme_fonts=&#8221;yes&#8221; link=&#8221;|title:AQUAMAT%20-%20SUPERELASTIC||&#8221;][\/vc_column][\/vc_row][vc_row][vc_column width=&#8221;1\/2&#8243;][vc_single_image image=&#8221;6402&#8243; img_size=&#8221;full&#8221;][\/vc_column][vc_column width=&#8221;1\/2&#8243;][vc_column_text]<span style=\"color: #000000;\"><strong>Emulsion polimerik me baz\u00eb uji me aft\u00ebsi t\u00eb lart\u00eb dep\u00ebrtuese.<\/strong> Kur shtrohet n\u00eb dysheme betoni ose n\u00eb llace cimentoje, e izolon sip\u00ebrfaqen e tyre dhe e mbulon nga pluhuri. ISOMAT BI-100 mund t\u00eb p\u00ebrdoret dhe si fort\u00ebsues p\u00ebr dysheme dhe sip\u00ebrfaqe t\u00eb th\u00ebrmuara p\u00ebr t\u00eb rritur fort\u00ebsin\u00eb dhe rezistenc\u00ebn ndaj konsumit. Gjithashtu eliminon dep\u00ebrtueshm\u00ebrin\u00eb e dyshemes\u00eb dhe e b\u00ebn pastrimin m\u00eb t\u00eb leht\u00eb.<\/span><br \/>\n<span style=\"color: #000000;\">ISOMAT BI-100 p\u00ebrdoret n\u00eb dysheme betoni osellace cimentoje n\u00eb ambiente si bodrume, depo, vende parkimi me trafik t\u00eb leht\u00eb, etj. P\u00ebrshtatet p\u00ebr p\u00ebrdorim t\u00eb brendsh\u00ebm dhe t\u00eb jasht\u00ebm.<\/span><\/p>\n<p><strong><span style=\"color: #000000;\">N\u00ebnshtresa<\/span><\/strong><br \/>\n<span style=\"color: #000000;\">Sip\u00ebrfaqja duhet t\u00eb jet\u00eb e that\u00eb dhe pa pluhur, graso, pisll\u00ebk etj. P\u00ebr ngopje m\u00eb t\u00eb mir\u00eb t\u00eb ISOMAT BI-100, sip\u00ebrfaqja duhet t\u00eb p\u00ebrgatitet me bluajtje dhe pastrim t\u00eb pluhurit.<\/span><\/p>\n<p><strong><span style=\"color: #000000;\">P\u00ebrdorimi<\/span><\/strong><br \/>\n<span style=\"color: #000000;\">ISOMAT BI-100 p\u00ebrziehet krejt dhe shtrohet n\u00eb m\u00ebnyr\u00eb uniforme mbi n\u00ebnshtres\u00ebn me sp\u00ebrkatje, furc\u00eb ose ryl derisa t\u00eb arriet ngopja e plot\u00eb. P\u00ebr n\u00ebnshtresa shum\u00eb thith\u00ebse zakonisht nevojitet t\u00eb shtrohet nj\u00eb shtres\u00eb e dyt\u00eb mbasi \u00ebsht\u00eb thar\u00eb e para.<\/span>[\/vc_column_text][vc_row_inner][vc_column_inner width=&#8221;1\/2&#8243;]<div class=\"standard-arrow bullet-top\"><ul>\n<li><span style=\"color: #000000;\"><span style=\"color: #000000;\">Gjat\u00eb p\u00ebrdorimit temperatura e ambientit dhe temperatura e n\u00ebnshtres\u00ebs duhet t\u00eb jet\u00eb nd\u00ebrmjet +5 oC dhe +30oC.<\/span><\/span><\/li>\n<li><span style=\"color: #000000;\">Shtresa e m\u00ebtejshme mund t\u00eb shtrohet mbasi \u00ebsht\u00eb thar\u00eb krejt ISOMAT BI-100.<\/span><\/li>\n<\/ul>\n<\/div>[\/vc_column_inner][vc_column_inner width=&#8221;1\/2&#8243;]<div class=\"standard-arrow bullet-top\"><ul>\n<li><span style=\"color: #000000;\">ISOMAT BI-100 \u00ebsht\u00eb gati transparent mbas tharjes. Zakonisht duhen b\u00ebr\u00eb prova para p\u00ebrdorimit, sepse mund t\u00eb ndryshoj\u00eb pamjen e sp\u00ebrfaqes.<\/span><\/li>\n<li><span style=\"color: #000000;\">ISOMAT BI-100 nuk p\u00ebrshtatet p\u00ebr zhytje t\u00eb p\u00ebrhershme n\u00eb uj\u00eb. Sip\u00ebrfaqet e pa niveluara duhet t\u00eb rregullohen me materialin riparues t\u00eb p\u00ebrshtatsh\u00ebm.<\/span><\/li>\n<\/ul>\n<\/div>[\/vc_column_inner][\/vc_row_inner][vc_row_inner css=&#8221;.vc_custom_1683100048912{padding-top: 20px !important;}&#8221;][vc_column_inner width=&#8221;1\/2&#8243;]<div class=\"aio-icon-component    style_1\"><div id=\"Info-box-wrap-3371\" class=\"aio-icon-box default-icon\" style=\"\"  ><div class=\"aio-icon-default\"><div class=\"ult-just-icon-wrapper  \"><div class=\"align-icon\" style=\"text-align:center;\">\n<div class=\"aio-icon-img \" style=\"font-size:65px;display:inline-block;\" >\n\t<img decoding=\"async\" class=\"img-icon\" alt=\"null\" src=\"https:\/\/aedcolor.com\/wp-content\/uploads\/2023\/05\/image-2.png\"\/>\n<\/div><\/div><\/div><\/div><div class=\"aio-icon-header\" ><h3 class=\"aio-icon-title ult-responsive\"  data-ultimate-target='#Info-box-wrap-3371 .aio-icon-title'  data-responsive-json-new='{\"font-size\":\"\",\"line-height\":\"\"}'  style=\"\">Sip\u00ebrfaqe: Beton<\/h3><\/div> <!-- header --><\/div> <!-- aio-icon-box --><\/div> <!-- aio-icon-component -->[\/vc_column_inner][vc_column_inner width=&#8221;1\/2&#8243;]<div class=\"aio-icon-component    style_1\"><div id=\"Info-box-wrap-8826\" class=\"aio-icon-box default-icon\" style=\"\"  ><div class=\"aio-icon-default\"><div class=\"ult-just-icon-wrapper  \"><div class=\"align-icon\" style=\"text-align:center;\">\n<div class=\"aio-icon-img \" style=\"font-size:65px;display:inline-block;\" >\n\t<img decoding=\"async\" class=\"img-icon\" alt=\"null\" src=\"https:\/\/aedcolor.com\/wp-content\/uploads\/2023\/05\/image-1.png\"\/>\n<\/div><\/div><\/div><\/div><div class=\"aio-icon-header\" ><h3 class=\"aio-icon-title ult-responsive\"  data-ultimate-target='#Info-box-wrap-8826 .aio-icon-title'  data-responsive-json-new='{\"font-size\":\"\",\"line-height\":\"\"}'  style=\"\">Aplikimi: Mistri<\/h3><\/div> <!-- header --><\/div> <!-- aio-icon-box --><\/div> <!-- aio-icon-component -->[\/vc_column_inner][\/vc_row_inner][\/vc_column][\/vc_row]<\/p>\n<\/div>","protected":false},"excerpt":{"rendered":"<p>[vc_row css=&#8221;.vc_custom_1683099634441{padding-bottom: 30px !important;}&#8221;][vc_column width=&#8221;2\/3&#8243;][vc_custom_heading text=&#8221;ISOMAT BI-100&#8243; font_container=&#8221;tag:h2|font_size:50|text_align:left&#8221; use_theme_fonts=&#8221;yes&#8221; link=&#8221;|title:AQUAMAT%20-%20SUPERELASTIC||&#8221;][\/vc_column][\/vc_row][vc_row][vc_column width=&#8221;1\/2&#8243;][vc_single_image image=&#8221;6402&#8243; img_size=&#8221;full&#8221;][\/vc_column][vc_column width=&#8221;1\/2&#8243;][vc_column_text]Emulsion polimerik me baz\u00eb uji me aft\u00ebsi t\u00eb lart\u00eb dep\u00ebrtuese. Kur shtrohet n\u00eb dysheme betoni ose n\u00eb llace cimentoje, e izolon sip\u00ebrfaqen e tyre dhe e mbulon nga pluhuri. ISOMAT BI-100 mund t\u00eb p\u00ebrdoret dhe si fort\u00ebsues p\u00ebr dysheme dhe sip\u00ebrfaqe t\u00eb&hellip;<\/p>\n","protected":false},"author":2,"featured_media":0,"parent":0,"menu_order":0,"comment_status":"closed","ping_status":"closed","template":"","meta":{"footnotes":""},"class_list":["post-9850","page","type-page","status-publish","hentry","description-off"],"_links":{"self":[{"href":"https:\/\/aedcolor.com\/index.php\/wp-json\/wp\/v2\/pages\/9850","targetHints":{"allow":["GET"]}}],"collection":[{"href":"https:\/\/aedcolor.com\/index.php\/wp-json\/wp\/v2\/pages"}],"about":[{"href":"https:\/\/aedcolor.com\/index.php\/wp-json\/wp\/v2\/types\/page"}],"author":[{"embeddable":true,"href":"https:\/\/aedcolor.com\/index.php\/wp-json\/wp\/v2\/users\/2"}],"replies":[{"embeddable":true,"href":"https:\/\/aedcolor.com\/index.php\/wp-json\/wp\/v2\/comments?post=9850"}],"version-history":[{"count":1,"href":"https:\/\/aedcolor.com\/index.php\/wp-json\/wp\/v2\/pages\/9850\/revisions"}],"predecessor-version":[{"id":9852,"href":"https:\/\/aedcolor.com\/index.php\/wp-json\/wp\/v2\/pages\/9850\/revisions\/9852"}],"wp:attachment":[{"href":"https:\/\/aedcolor.com\/index.php\/wp-json\/wp\/v2\/media?parent=9850"}],"curies":[{"name":"wp","href":"https:\/\/api.w.org\/{rel}","templated":true}]}}